{"id":3041,"date":"2024-01-21T11:09:16","date_gmt":"2024-01-21T14:09:16","guid":{"rendered":"https:\/\/ziontech.revforce.com.br\/?page_id=3041"},"modified":"2024-12-06T11:21:30","modified_gmt":"2024-12-06T14:21:30","slug":"suporte-ziontech","status":"publish","type":"page","link":"https:\/\/ziontech.com.br\/en\/suporte-ziontech\/","title":{"rendered":"Support"},"content":{"rendered":"<div data-elementor-type=\"wp-page\" data-elementor-id=\"3041\" class=\"elementor elementor-3041\" data-elementor-post-type=\"page\">\n\t\t\t\t\t\t<section class=\"elementor-section elementor-top-section elementor-element elementor-element-981b6bc elementor-section-full_width elementor-section-height-default elementor-section-height-default\" data-id=\"981b6bc\" data-element_type=\"section\" data-e-type=\"section\" data-settings=\"{&quot;background_background&quot;:&quot;classic&quot;}\">\n\t\t\t\t\t\t\t<div class=\"elementor-background-overlay\"><\/div>\n\t\t\t\t\t\t\t<div class=\"elementor-container elementor-column-gap-default\">\n\t\t\t\t\t<div class=\"elementor-column elementor-col-100 elementor-top-column elementor-element elementor-element-f65a53c\" data-id=\"f65a53c\" data-element_type=\"column\" data-e-type=\"column\">\n\t\t\t<div class=\"elementor-widget-wrap elementor-element-populated\">\n\t\t\t\t\t\t<section class=\"elementor-section elementor-inner-section elementor-element elementor-element-56da587 elementor-section-boxed elementor-section-height-default elementor-section-height-default\" data-id=\"56da587\" data-element_type=\"section\" data-e-type=\"section\">\n\t\t\t\t\t\t<div class=\"elementor-container elementor-column-gap-default\">\n\t\t\t\t\t<div class=\"elementor-column elementor-col-100 elementor-inner-column elementor-element elementor-element-54a065e\" data-id=\"54a065e\" data-element_type=\"column\" data-e-type=\"column\">\n\t\t\t<div class=\"elementor-widget-wrap elementor-element-populated\">\n\t\t\t\t\t\t<div class=\"elementor-element elementor-element-9ce4753 elementor-invisible elementor-widget elementor-widget-heading\" data-id=\"9ce4753\" data-element_type=\"widget\" data-e-type=\"widget\" data-settings=\"{&quot;_animation&quot;:&quot;fadeIn&quot;}\" data-widget_type=\"heading.default\">\n\t\t\t\t<div class=\"elementor-widget-container\">\n\t\t\t\t\t<h1 class=\"elementor-heading-title elementor-size-default\">Questions about how to install or use your product or equipment?<\/h1>\t\t\t\t<\/div>\n\t\t\t\t<\/div>\n\t\t\t\t<div class=\"elementor-element elementor-element-849c9c4 elementor-widget elementor-widget-text-editor\" data-id=\"849c9c4\" data-element_type=\"widget\" data-e-type=\"widget\" data-widget_type=\"text-editor.default\">\n\t\t\t\t<div class=\"elementor-widget-container\">\n\t\t\t\t\t\t\t\t\t<p>Here you can find all the manuals in digital format.<\/p>\t\t\t\t\t\t\t\t<\/div>\n\t\t\t\t<\/div>\n\t\t\t\t\t<\/div>\n\t\t<\/div>\n\t\t\t\t\t<\/div>\n\t\t<\/section>\n\t\t\t\t\t<\/div>\n\t\t<\/div>\n\t\t\t\t\t<\/div>\n\t\t<\/section>\n\t\t\t\t<section class=\"elementor-section elementor-top-section elementor-element elementor-element-43a2918 elementor-section-boxed elementor-section-height-default elementor-section-height-default\" data-id=\"43a2918\" data-element_type=\"section\" data-e-type=\"section\" data-settings=\"{&quot;background_background&quot;:&quot;classic&quot;}\">\n\t\t\t\t\t\t<div class=\"elementor-container elementor-column-gap-no\">\n\t\t\t\t\t<div class=\"elementor-column elementor-col-100 elementor-top-column elementor-element elementor-element-5d0bc14\" data-id=\"5d0bc14\" data-element_type=\"column\" data-e-type=\"column\">\n\t\t\t<div class=\"elementor-widget-wrap elementor-element-populated\">\n\t\t\t\t\t\t<section class=\"elementor-section elementor-inner-section elementor-element elementor-element-e6124df elementor-section-full_width elementor-section-height-default elementor-section-height-default\" data-id=\"e6124df\" data-element_type=\"section\" data-e-type=\"section\">\n\t\t\t\t\t\t<div class=\"elementor-container elementor-column-gap-default\">\n\t\t\t\t\t<div class=\"elementor-column elementor-col-25 elementor-inner-column elementor-element elementor-element-6148085\" data-id=\"6148085\" data-element_type=\"column\" data-e-type=\"column\">\n\t\t\t<div class=\"elementor-widget-wrap elementor-element-populated\">\n\t\t\t\t\t\t<div class=\"elementor-element elementor-element-c3b397d jkit-equal-height-enable elementor-widget elementor-widget-jkit_image_box\" data-id=\"c3b397d\" data-element_type=\"widget\" data-e-type=\"widget\" data-widget_type=\"jkit_image_box.default\">\n\t\t\t\t<div class=\"elementor-widget-container\">\n\t\t\t\t\t<div  class=\"jeg-elementor-kit jkit-image-box style-default elementor-animation- jeg_module___69eb9735a7989\" ><a href=\"https:\/\/ziontech.com.br\/en\/siep\/\"><div class=\"image-box-header elementor-animation-\"><img fetchpriority=\"high\" decoding=\"async\" width=\"800\" height=\"400\" src=\"https:\/\/ziontech.com.br\/wp-content\/uploads\/2024\/11\/siepizvet-1.png\" class=\"attachment-full size-full\" alt=\"endosc\u00f3pio veterin\u00e1rio\" srcset=\"https:\/\/ziontech.com.br\/wp-content\/uploads\/2024\/11\/siepizvet-1.png 800w, https:\/\/ziontech.com.br\/wp-content\/uploads\/2024\/11\/siepizvet-1-300x150.png 300w, https:\/\/ziontech.com.br\/wp-content\/uploads\/2024\/11\/siepizvet-1-768x384.png 768w\" sizes=\"(max-width: 800px) 100vw, 800px\" \/><\/div><\/a><div class=\"image-box-body\">\n            <div class=\"body-inner\"><h2 class=\"body-title icon-position-before\">Integrated Endoscopy System<\/h2>\n                <div class=\"body-description\"><\/div>\n                <div class=\"body-button\"><div class=\"button-box icon-position-before\"><div class=\"button-wrapper\"><a href=\"https:\/\/ziontech.com.br\/en\/siep\/\">Read more<\/a><\/div><\/div><\/div>\n                \n            <\/div>\n        <\/div><\/div>\t\t\t\t<\/div>\n\t\t\t\t<\/div>\n\t\t\t\t\t<\/div>\n\t\t<\/div>\n\t\t\t\t<div class=\"elementor-column elementor-col-25 elementor-inner-column elementor-element elementor-element-64f5d23\" data-id=\"64f5d23\" data-element_type=\"column\" data-e-type=\"column\">\n\t\t\t<div class=\"elementor-widget-wrap elementor-element-populated\">\n\t\t\t\t\t\t<div class=\"elementor-element elementor-element-2be41c7 jkit-equal-height-enable elementor-widget elementor-widget-jkit_image_box\" data-id=\"2be41c7\" data-element_type=\"widget\" data-e-type=\"widget\" data-widget_type=\"jkit_image_box.default\">\n\t\t\t\t<div class=\"elementor-widget-container\">\n\t\t\t\t\t<div  class=\"jeg-elementor-kit jkit-image-box style-default elementor-animation- jeg_module__1_69eb9735a8388\" ><a href=\"https:\/\/ziontech.com.br\/en\/endoscopios-flexiveis\/\"><div class=\"image-box-header elementor-animation-\"><img decoding=\"async\" width=\"800\" height=\"400\" src=\"https:\/\/ziontech.com.br\/wp-content\/uploads\/2024\/11\/flexivel-1.jpg\" class=\"attachment-full size-full\" alt=\"\" srcset=\"https:\/\/ziontech.com.br\/wp-content\/uploads\/2024\/11\/flexivel-1.jpg 800w, https:\/\/ziontech.com.br\/wp-content\/uploads\/2024\/11\/flexivel-1-300x150.jpg 300w, https:\/\/ziontech.com.br\/wp-content\/uploads\/2024\/11\/flexivel-1-768x384.jpg 768w\" sizes=\"(max-width: 800px) 100vw, 800px\" \/><\/div><\/a><div class=\"image-box-body\">\n            <div class=\"body-inner\"><h2 class=\"body-title icon-position-before\">Flexible Endoscopes<\/h2>\n                <div class=\"body-description\"><\/div>\n                <div class=\"body-button\"><div class=\"button-box icon-position-before\"><div class=\"button-wrapper\"><a href=\"https:\/\/ziontech.com.br\/en\/endoscopios-flexiveis\/\">Read more<\/a><\/div><\/div><\/div>\n                \n            <\/div>\n        <\/div><\/div>\t\t\t\t<\/div>\n\t\t\t\t<\/div>\n\t\t\t\t\t<\/div>\n\t\t<\/div>\n\t\t\t\t<div class=\"elementor-column elementor-col-25 elementor-inner-column elementor-element elementor-element-ebf04c2\" data-id=\"ebf04c2\" data-element_type=\"column\" data-e-type=\"column\">\n\t\t\t<div class=\"elementor-widget-wrap elementor-element-populated\">\n\t\t\t\t\t\t<div class=\"elementor-element elementor-element-5ab3bad jkit-equal-height-enable elementor-widget elementor-widget-jkit_image_box\" data-id=\"5ab3bad\" data-element_type=\"widget\" data-e-type=\"widget\" data-widget_type=\"jkit_image_box.default\">\n\t\t\t\t<div class=\"elementor-widget-container\">\n\t\t\t\t\t<div  class=\"jeg-elementor-kit jkit-image-box style-default elementor-animation- jeg_module__2_69eb9735a8cf8\" ><a href=\"https:\/\/ziontech.com.br\/en\/suporte-scopeclean\/\"><div class=\"image-box-header elementor-animation-\"><img decoding=\"async\" width=\"800\" height=\"400\" src=\"https:\/\/ziontech.com.br\/wp-content\/uploads\/2024\/01\/scope-1.png\" class=\"attachment-full size-full\" alt=\"\" srcset=\"https:\/\/ziontech.com.br\/wp-content\/uploads\/2024\/01\/scope-1.png 800w, https:\/\/ziontech.com.br\/wp-content\/uploads\/2024\/01\/scope-1-300x150.png 300w, https:\/\/ziontech.com.br\/wp-content\/uploads\/2024\/01\/scope-1-768x384.png 768w\" sizes=\"(max-width: 800px) 100vw, 800px\" \/><\/div><\/a><div class=\"image-box-body\">\n            <div class=\"body-inner\"><h2 class=\"body-title icon-position-before\">Endoscope Washer<\/h2>\n                <div class=\"body-description\"><\/div>\n                <div class=\"body-button\"><div class=\"button-box icon-position-before\"><div class=\"button-wrapper\"><a href=\"https:\/\/ziontech.com.br\/en\/suporte-scopeclean\/\">Read more<\/a><\/div><\/div><\/div>\n                \n            <\/div>\n        <\/div><\/div>\t\t\t\t<\/div>\n\t\t\t\t<\/div>\n\t\t\t\t\t<\/div>\n\t\t<\/div>\n\t\t\t\t<div class=\"elementor-column elementor-col-25 elementor-inner-column elementor-element elementor-element-c0d0ca2\" data-id=\"c0d0ca2\" data-element_type=\"column\" data-e-type=\"column\">\n\t\t\t<div class=\"elementor-widget-wrap elementor-element-populated\">\n\t\t\t\t\t\t<div class=\"elementor-element elementor-element-c51db71 jkit-equal-height-enable elementor-widget elementor-widget-jkit_image_box\" data-id=\"c51db71\" data-element_type=\"widget\" data-e-type=\"widget\" data-widget_type=\"jkit_image_box.default\">\n\t\t\t\t<div class=\"elementor-widget-container\">\n\t\t\t\t\t<div  class=\"jeg-elementor-kit jkit-image-box style-default elementor-animation- jeg_module__3_69eb9735a96b7\" ><a href=\"https:\/\/ziontech.com.br\/en\/acessorios\/\"><div class=\"image-box-header elementor-animation-\"><img loading=\"lazy\" decoding=\"async\" width=\"800\" height=\"400\" src=\"https:\/\/ziontech.com.br\/wp-content\/uploads\/2024\/11\/acessorios-1.png\" class=\"attachment-full size-full\" alt=\"\" srcset=\"https:\/\/ziontech.com.br\/wp-content\/uploads\/2024\/11\/acessorios-1.png 800w, https:\/\/ziontech.com.br\/wp-content\/uploads\/2024\/11\/acessorios-1-300x150.png 300w, https:\/\/ziontech.com.br\/wp-content\/uploads\/2024\/11\/acessorios-1-768x384.png 768w\" sizes=\"(max-width: 800px) 100vw, 800px\" \/><\/div><\/a><div class=\"image-box-body\">\n            <div class=\"body-inner\"><h2 class=\"body-title icon-position-before\">Accessories<\/h2>\n                <div class=\"body-description\"><\/div>\n                <div class=\"body-button\"><div class=\"button-box icon-position-before\"><div class=\"button-wrapper\"><a href=\"https:\/\/ziontech.com.br\/en\/acessorios\/\">Read more<\/a><\/div><\/div><\/div>\n                \n            <\/div>\n        <\/div><\/div>\t\t\t\t<\/div>\n\t\t\t\t<\/div>\n\t\t\t\t\t<\/div>\n\t\t<\/div>\n\t\t\t\t\t<\/div>\n\t\t<\/section>\n\t\t\t\t\t<\/div>\n\t\t<\/div>\n\t\t\t\t\t<\/div>\n\t\t<\/section>\n\t\t\t\t<\/div>","protected":false},"excerpt":{"rendered":"<p>D\u00favidas sobre como instalar ou utilizar seu produto ou equipamento? Aqui voc\u00ea encontra todos os manuais no formato digital. Sistema Integrado de Endoscopia Saiba mais Endosc\u00f3pios Flex\u00edveis Saiba mais Lavadora de Endosc\u00f3pios Saiba mais Acess\u00f3rios Saiba mais<\/p>","protected":false},"author":1,"featured_media":3419,"parent":0,"menu_order":0,"comment_status":"closed","ping_status":"closed","template":"elementor_header_footer","meta":{"inline_featured_image":false,"footnotes":""},"class_list":["post-3041","page","type-page","status-publish","has-post-thumbnail","hentry"],"yoast_head":"<!-- This site is optimized with the Yoast SEO plugin v27.4 - https:\/\/yoast.com\/product\/yoast-seo-wordpress\/ -->\n<title>Suporte - Ziontech<\/title>\n<meta name=\"description\" content=\"Obtenha suporte t\u00e9cnico \u00e1gil para seus equipamentos ZionTech. Solu\u00e7\u00f5es r\u00e1pidas e eficientes para garantir a m\u00e1xima performance dos seus dispositivos\" \/>\n<meta name=\"robots\" content=\"index, follow, max-snippet:-1, max-image-preview:large, max-video-preview:-1\" \/>\n<link rel=\"canonical\" href=\"https:\/\/ziontech.com.br\/en\/suporte-ziontech\/\" \/>\n<meta property=\"og:locale\" content=\"en_US\" \/>\n<meta property=\"og:type\" content=\"article\" \/>\n<meta property=\"og:title\" content=\"Suporte - Ziontech\" \/>\n<meta property=\"og:description\" content=\"Obtenha suporte t\u00e9cnico \u00e1gil para seus equipamentos ZionTech. Solu\u00e7\u00f5es r\u00e1pidas e eficientes para garantir a m\u00e1xima performance dos seus dispositivos\" \/>\n<meta property=\"og:url\" content=\"https:\/\/ziontech.com.br\/en\/suporte-ziontech\/\" \/>\n<meta property=\"og:site_name\" content=\"Ziontech\" \/>\n<meta property=\"article:publisher\" content=\"https:\/\/www.facebook.com\/Ziontechbrasil\/\" \/>\n<meta property=\"article:modified_time\" content=\"2024-12-06T14:21:30+00:00\" \/>\n<meta property=\"og:image\" content=\"https:\/\/ziontech.com.br\/wp-content\/uploads\/2024\/01\/ziontech-team-1.jpg\" \/>\n\t<meta property=\"og:image:width\" content=\"1366\" \/>\n\t<meta property=\"og:image:height\" content=\"720\" \/>\n\t<meta property=\"og:image:type\" content=\"image\/jpeg\" \/>\n<meta name=\"twitter:card\" content=\"summary_large_image\" \/>\n<meta name=\"twitter:label1\" content=\"Est. reading time\" \/>\n\t<meta name=\"twitter:data1\" content=\"2 minutes\" \/>\n<script type=\"application\/ld+json\" class=\"yoast-schema-graph\">{\"@context\":\"https:\\\/\\\/schema.org\",\"@graph\":[{\"@type\":\"WebPage\",\"@id\":\"https:\\\/\\\/ziontech.com.br\\\/suporte-ziontech\\\/\",\"url\":\"https:\\\/\\\/ziontech.com.br\\\/suporte-ziontech\\\/\",\"name\":\"Suporte - Ziontech\",\"isPartOf\":{\"@id\":\"https:\\\/\\\/ziontech.com.br\\\/#website\"},\"primaryImageOfPage\":{\"@id\":\"https:\\\/\\\/ziontech.com.br\\\/suporte-ziontech\\\/#primaryimage\"},\"image\":{\"@id\":\"https:\\\/\\\/ziontech.com.br\\\/suporte-ziontech\\\/#primaryimage\"},\"thumbnailUrl\":\"https:\\\/\\\/ziontech.com.br\\\/wp-content\\\/uploads\\\/2024\\\/01\\\/ziontech-team-1.jpg\",\"datePublished\":\"2024-01-21T14:09:16+00:00\",\"dateModified\":\"2024-12-06T14:21:30+00:00\",\"description\":\"Obtenha suporte t\u00e9cnico \u00e1gil para seus equipamentos ZionTech. Solu\u00e7\u00f5es r\u00e1pidas e eficientes para garantir a m\u00e1xima performance dos seus dispositivos\",\"breadcrumb\":{\"@id\":\"https:\\\/\\\/ziontech.com.br\\\/suporte-ziontech\\\/#breadcrumb\"},\"inLanguage\":\"en-US\",\"potentialAction\":[{\"@type\":\"ReadAction\",\"target\":[\"https:\\\/\\\/ziontech.com.br\\\/suporte-ziontech\\\/\"]}]},{\"@type\":\"ImageObject\",\"inLanguage\":\"en-US\",\"@id\":\"https:\\\/\\\/ziontech.com.br\\\/suporte-ziontech\\\/#primaryimage\",\"url\":\"https:\\\/\\\/ziontech.com.br\\\/wp-content\\\/uploads\\\/2024\\\/01\\\/ziontech-team-1.jpg\",\"contentUrl\":\"https:\\\/\\\/ziontech.com.br\\\/wp-content\\\/uploads\\\/2024\\\/01\\\/ziontech-team-1.jpg\",\"width\":1366,\"height\":720},{\"@type\":\"BreadcrumbList\",\"@id\":\"https:\\\/\\\/ziontech.com.br\\\/suporte-ziontech\\\/#breadcrumb\",\"itemListElement\":[{\"@type\":\"ListItem\",\"position\":1,\"name\":\"In\u00edcio\",\"item\":\"https:\\\/\\\/ziontech.com.br\\\/\"},{\"@type\":\"ListItem\",\"position\":2,\"name\":\"Suporte\"}]},{\"@type\":\"WebSite\",\"@id\":\"https:\\\/\\\/ziontech.com.br\\\/#website\",\"url\":\"https:\\\/\\\/ziontech.com.br\\\/\",\"name\":\"Ziontech\",\"description\":\"Inova\u00e7\u00e3o em Endoscopia\",\"publisher\":{\"@id\":\"https:\\\/\\\/ziontech.com.br\\\/#organization\"},\"potentialAction\":[{\"@type\":\"SearchAction\",\"target\":{\"@type\":\"EntryPoint\",\"urlTemplate\":\"https:\\\/\\\/ziontech.com.br\\\/?s={search_term_string}\"},\"query-input\":{\"@type\":\"PropertyValueSpecification\",\"valueRequired\":true,\"valueName\":\"search_term_string\"}}],\"inLanguage\":\"en-US\"},{\"@type\":\"Organization\",\"@id\":\"https:\\\/\\\/ziontech.com.br\\\/#organization\",\"name\":\"Ziontech\",\"url\":\"https:\\\/\\\/ziontech.com.br\\\/\",\"logo\":{\"@type\":\"ImageObject\",\"inLanguage\":\"en-US\",\"@id\":\"https:\\\/\\\/ziontech.com.br\\\/#\\\/schema\\\/logo\\\/image\\\/\",\"url\":\"https:\\\/\\\/ziontech.com.br\\\/wp-content\\\/uploads\\\/2023\\\/11\\\/LOGO-ZIONTECH-HORIZ-SECUNDARIO.png\",\"contentUrl\":\"https:\\\/\\\/ziontech.com.br\\\/wp-content\\\/uploads\\\/2023\\\/11\\\/LOGO-ZIONTECH-HORIZ-SECUNDARIO.png\",\"width\":3156,\"height\":699,\"caption\":\"Ziontech\"},\"image\":{\"@id\":\"https:\\\/\\\/ziontech.com.br\\\/#\\\/schema\\\/logo\\\/image\\\/\"},\"sameAs\":[\"https:\\\/\\\/www.facebook.com\\\/Ziontechbrasil\\\/\",\"https:\\\/\\\/www.linkedin.com\\\/company\\\/ziontechbr\",\"https:\\\/\\\/www.instagram.com\\\/ziontechbrasil\\\/\"]}]}<\/script>\n<!-- \/ Yoast SEO plugin. -->","yoast_head_json":{"title":"Suporte - Ziontech","description":"Obtenha suporte t\u00e9cnico \u00e1gil para seus equipamentos ZionTech. Solu\u00e7\u00f5es r\u00e1pidas e eficientes para garantir a m\u00e1xima performance dos seus dispositivos","robots":{"index":"index","follow":"follow","max-snippet":"max-snippet:-1","max-image-preview":"max-image-preview:large","max-video-preview":"max-video-preview:-1"},"canonical":"https:\/\/ziontech.com.br\/en\/suporte-ziontech\/","og_locale":"en_US","og_type":"article","og_title":"Suporte - Ziontech","og_description":"Obtenha suporte t\u00e9cnico \u00e1gil para seus equipamentos ZionTech. Solu\u00e7\u00f5es r\u00e1pidas e eficientes para garantir a m\u00e1xima performance dos seus dispositivos","og_url":"https:\/\/ziontech.com.br\/en\/suporte-ziontech\/","og_site_name":"Ziontech","article_publisher":"https:\/\/www.facebook.com\/Ziontechbrasil\/","article_modified_time":"2024-12-06T14:21:30+00:00","og_image":[{"width":1366,"height":720,"url":"https:\/\/ziontech.com.br\/wp-content\/uploads\/2024\/01\/ziontech-team-1.jpg","type":"image\/jpeg"}],"twitter_card":"summary_large_image","twitter_misc":{"Est. reading time":"2 minutes"},"schema":{"@context":"https:\/\/schema.org","@graph":[{"@type":"WebPage","@id":"https:\/\/ziontech.com.br\/suporte-ziontech\/","url":"https:\/\/ziontech.com.br\/suporte-ziontech\/","name":"Suporte - Ziontech","isPartOf":{"@id":"https:\/\/ziontech.com.br\/#website"},"primaryImageOfPage":{"@id":"https:\/\/ziontech.com.br\/suporte-ziontech\/#primaryimage"},"image":{"@id":"https:\/\/ziontech.com.br\/suporte-ziontech\/#primaryimage"},"thumbnailUrl":"https:\/\/ziontech.com.br\/wp-content\/uploads\/2024\/01\/ziontech-team-1.jpg","datePublished":"2024-01-21T14:09:16+00:00","dateModified":"2024-12-06T14:21:30+00:00","description":"Obtenha suporte t\u00e9cnico \u00e1gil para seus equipamentos ZionTech. Solu\u00e7\u00f5es r\u00e1pidas e eficientes para garantir a m\u00e1xima performance dos seus dispositivos","breadcrumb":{"@id":"https:\/\/ziontech.com.br\/suporte-ziontech\/#breadcrumb"},"inLanguage":"en-US","potentialAction":[{"@type":"ReadAction","target":["https:\/\/ziontech.com.br\/suporte-ziontech\/"]}]},{"@type":"ImageObject","inLanguage":"en-US","@id":"https:\/\/ziontech.com.br\/suporte-ziontech\/#primaryimage","url":"https:\/\/ziontech.com.br\/wp-content\/uploads\/2024\/01\/ziontech-team-1.jpg","contentUrl":"https:\/\/ziontech.com.br\/wp-content\/uploads\/2024\/01\/ziontech-team-1.jpg","width":1366,"height":720},{"@type":"BreadcrumbList","@id":"https:\/\/ziontech.com.br\/suporte-ziontech\/#breadcrumb","itemListElement":[{"@type":"ListItem","position":1,"name":"In\u00edcio","item":"https:\/\/ziontech.com.br\/"},{"@type":"ListItem","position":2,"name":"Suporte"}]},{"@type":"WebSite","@id":"https:\/\/ziontech.com.br\/#website","url":"https:\/\/ziontech.com.br\/","name":"Ziontech","description":"Innovation in Endoscopy","publisher":{"@id":"https:\/\/ziontech.com.br\/#organization"},"potentialAction":[{"@type":"SearchAction","target":{"@type":"EntryPoint","urlTemplate":"https:\/\/ziontech.com.br\/?s={search_term_string}"},"query-input":{"@type":"PropertyValueSpecification","valueRequired":true,"valueName":"search_term_string"}}],"inLanguage":"en-US"},{"@type":"Organization","@id":"https:\/\/ziontech.com.br\/#organization","name":"Ziontech","url":"https:\/\/ziontech.com.br\/","logo":{"@type":"ImageObject","inLanguage":"en-US","@id":"https:\/\/ziontech.com.br\/#\/schema\/logo\/image\/","url":"https:\/\/ziontech.com.br\/wp-content\/uploads\/2023\/11\/LOGO-ZIONTECH-HORIZ-SECUNDARIO.png","contentUrl":"https:\/\/ziontech.com.br\/wp-content\/uploads\/2023\/11\/LOGO-ZIONTECH-HORIZ-SECUNDARIO.png","width":3156,"height":699,"caption":"Ziontech"},"image":{"@id":"https:\/\/ziontech.com.br\/#\/schema\/logo\/image\/"},"sameAs":["https:\/\/www.facebook.com\/Ziontechbrasil\/","https:\/\/www.linkedin.com\/company\/ziontechbr","https:\/\/www.instagram.com\/ziontechbrasil\/"]}]}},"_links":{"self":[{"href":"https:\/\/ziontech.com.br\/en\/wp-json\/wp\/v2\/pages\/3041","targetHints":{"allow":["GET"]}}],"collection":[{"href":"https:\/\/ziontech.com.br\/en\/wp-json\/wp\/v2\/pages"}],"about":[{"href":"https:\/\/ziontech.com.br\/en\/wp-json\/wp\/v2\/types\/page"}],"author":[{"embeddable":true,"href":"https:\/\/ziontech.com.br\/en\/wp-json\/wp\/v2\/users\/1"}],"replies":[{"embeddable":true,"href":"https:\/\/ziontech.com.br\/en\/wp-json\/wp\/v2\/comments?post=3041"}],"version-history":[{"count":31,"href":"https:\/\/ziontech.com.br\/en\/wp-json\/wp\/v2\/pages\/3041\/revisions"}],"predecessor-version":[{"id":8830,"href":"https:\/\/ziontech.com.br\/en\/wp-json\/wp\/v2\/pages\/3041\/revisions\/8830"}],"wp:featuredmedia":[{"embeddable":true,"href":"https:\/\/ziontech.com.br\/en\/wp-json\/wp\/v2\/media\/3419"}],"wp:attachment":[{"href":"https:\/\/ziontech.com.br\/en\/wp-json\/wp\/v2\/media?parent=3041"}],"curies":[{"name":"wp","href":"https:\/\/api.w.org\/{rel}","templated":true}]}}