{"id":8743,"date":"2024-11-08T09:57:18","date_gmt":"2024-11-08T12:57:18","guid":{"rendered":"https:\/\/ziontech.com.br\/?page_id=8743"},"modified":"2024-11-08T09:58:04","modified_gmt":"2024-11-08T12:58:04","slug":"suporte-scopeclean","status":"publish","type":"page","link":"https:\/\/ziontech.com.br\/en\/suporte-scopeclean\/","title":{"rendered":"Suporte &#8211; Scopeclean"},"content":{"rendered":"<div data-elementor-type=\"wp-page\" data-elementor-id=\"8743\" class=\"elementor elementor-8743\" data-elementor-post-type=\"page\">\n\t\t\t\t\t\t<section class=\"elementor-section elementor-top-section elementor-element elementor-element-1f9640a elementor-section-full_width elementor-section-height-default elementor-section-height-default\" data-id=\"1f9640a\" data-element_type=\"section\" data-e-type=\"section\" data-settings=\"{&quot;background_background&quot;:&quot;classic&quot;}\">\n\t\t\t\t\t\t\t<div class=\"elementor-background-overlay\"><\/div>\n\t\t\t\t\t\t\t<div class=\"elementor-container elementor-column-gap-default\">\n\t\t\t\t\t<div class=\"elementor-column elementor-col-100 elementor-top-column elementor-element elementor-element-ab8e60f\" data-id=\"ab8e60f\" data-element_type=\"column\" data-e-type=\"column\">\n\t\t\t<div class=\"elementor-widget-wrap elementor-element-populated\">\n\t\t\t\t\t\t<section class=\"elementor-section elementor-inner-section elementor-element elementor-element-e944dcb elementor-section-boxed elementor-section-height-default elementor-section-height-default\" data-id=\"e944dcb\" data-element_type=\"section\" data-e-type=\"section\">\n\t\t\t\t\t\t<div class=\"elementor-container elementor-column-gap-default\">\n\t\t\t\t\t<div class=\"elementor-column elementor-col-100 elementor-inner-column elementor-element elementor-element-435e6c0\" data-id=\"435e6c0\" data-element_type=\"column\" data-e-type=\"column\">\n\t\t\t<div class=\"elementor-widget-wrap elementor-element-populated\">\n\t\t\t\t\t\t<div class=\"elementor-element elementor-element-d0e916f elementor-invisible elementor-widget elementor-widget-heading\" data-id=\"d0e916f\" data-element_type=\"widget\" data-e-type=\"widget\" data-settings=\"{&quot;_animation&quot;:&quot;fadeIn&quot;}\" data-widget_type=\"heading.default\">\n\t\t\t\t<div class=\"elementor-widget-container\">\n\t\t\t\t\t<h1 class=\"elementor-heading-title elementor-size-default\">Scopeclean Endoscope Washer Manuals<\/h1>\t\t\t\t<\/div>\n\t\t\t\t<\/div>\n\t\t\t\t<div class=\"elementor-element elementor-element-790095d elementor-widget elementor-widget-text-editor\" data-id=\"790095d\" data-element_type=\"widget\" data-e-type=\"widget\" data-widget_type=\"text-editor.default\">\n\t\t\t\t<div class=\"elementor-widget-container\">\n\t\t\t\t\t\t\t\t\t<p>Here you can find all the manuals in digital format.<\/p>\t\t\t\t\t\t\t\t<\/div>\n\t\t\t\t<\/div>\n\t\t\t\t\t<\/div>\n\t\t<\/div>\n\t\t\t\t\t<\/div>\n\t\t<\/section>\n\t\t\t\t\t<\/div>\n\t\t<\/div>\n\t\t\t\t\t<\/div>\n\t\t<\/section>\n\t\t\t\t<section class=\"elementor-section elementor-top-section elementor-element elementor-element-4421414 elementor-section-boxed elementor-section-height-default elementor-section-height-default\" data-id=\"4421414\" data-element_type=\"section\" data-e-type=\"section\" data-settings=\"{&quot;background_background&quot;:&quot;classic&quot;}\">\n\t\t\t\t\t\t<div class=\"elementor-container elementor-column-gap-no\">\n\t\t\t\t\t<div class=\"elementor-column elementor-col-100 elementor-top-column elementor-element elementor-element-1ee1398\" data-id=\"1ee1398\" data-element_type=\"column\" data-e-type=\"column\">\n\t\t\t<div class=\"elementor-widget-wrap elementor-element-populated\">\n\t\t\t\t\t\t<section class=\"elementor-section elementor-inner-section elementor-element elementor-element-6425ea7 elementor-section-full_width elementor-section-height-default elementor-section-height-default\" data-id=\"6425ea7\" data-element_type=\"section\" data-e-type=\"section\">\n\t\t\t\t\t\t<div class=\"elementor-container elementor-column-gap-default\">\n\t\t\t\t\t<div class=\"elementor-column elementor-col-100 elementor-inner-column elementor-element elementor-element-4625787\" data-id=\"4625787\" data-element_type=\"column\" data-e-type=\"column\">\n\t\t\t<div class=\"elementor-widget-wrap elementor-element-populated\">\n\t\t\t\t\t\t<div class=\"elementor-element elementor-element-03f1c04 elementor-widget elementor-widget-jkit_post_block\" data-id=\"03f1c04\" data-element_type=\"widget\" data-e-type=\"widget\" data-widget_type=\"jkit_post_block.default\">\n\t\t\t\t<div class=\"elementor-widget-container\">\n\t\t\t\t\t<div  class=\"jeg-elementor-kit jkit-postblock postblock-type-3 jkit-pagination-loadmore post-element jeg_module___69ebafb1170b7\"  data-id=\"jeg_module___69ebafb1170b7\" data-settings=\"{&quot;post_type&quot;:&quot;post&quot;,&quot;number_post&quot;:{&quot;unit&quot;:&quot;px&quot;,&quot;size&quot;:1000,&quot;sizes&quot;:[]},&quot;post_offset&quot;:0,&quot;unique_content&quot;:&quot;disable&quot;,&quot;include_post&quot;:&quot;&quot;,&quot;exclude_post&quot;:&quot;&quot;,&quot;include_category&quot;:&quot;7&quot;,&quot;exclude_category&quot;:&quot;1,12&quot;,&quot;include_author&quot;:&quot;&quot;,&quot;include_tag&quot;:&quot;&quot;,&quot;exclude_tag&quot;:&quot;&quot;,&quot;product_brand&quot;:&quot;&quot;,&quot;product_cat&quot;:&quot;&quot;,&quot;product_tag&quot;:&quot;&quot;,&quot;sort_by&quot;:&quot;latest&quot;,&quot;pagination_mode&quot;:&quot;loadmore&quot;,&quot;pagination_loadmore_text&quot;:&quot;Carregar mais&quot;,&quot;pagination_loading_text&quot;:&quot;Carregando...&quot;,&quot;pagination_number_post&quot;:{&quot;unit&quot;:&quot;px&quot;,&quot;size&quot;:1000,&quot;sizes&quot;:[]},&quot;pagination_scroll_limit&quot;:0,&quot;pagination_icon&quot;:{&quot;value&quot;:&quot;&quot;,&quot;library&quot;:&quot;&quot;},&quot;pagination_icon_position&quot;:&quot;before&quot;,&quot;st_category_position&quot;:&quot;left&quot;,&quot;sg_content_postblock_type&quot;:&quot;type-3&quot;,&quot;sg_content_element_order&quot;:&quot;title,meta,excerpt,read&quot;,&quot;sg_content_breakpoint&quot;:&quot;tablet&quot;,&quot;sg_content_title_html_tag&quot;:&quot;h3&quot;,&quot;sg_content_category_enable&quot;:&quot;yes&quot;,&quot;sg_content_excerpt_enable&quot;:&quot;&quot;,&quot;sg_content_excerpt_length&quot;:{&quot;unit&quot;:&quot;px&quot;,&quot;size&quot;:&quot;22&quot;,&quot;sizes&quot;:[]},&quot;sg_content_excerpt_more&quot;:&quot;...&quot;,&quot;sg_content_readmore_enable&quot;:&quot;&quot;,&quot;sg_content_readmore_icon&quot;:{&quot;value&quot;:&quot;fas fa-arrow-right&quot;,&quot;library&quot;:&quot;fa-solid&quot;},&quot;sg_content_readmore_icon_position&quot;:&quot;after&quot;,&quot;sg_content_readmore_text&quot;:&quot;Read More&quot;,&quot;sg_content_comment_enable&quot;:&quot;&quot;,&quot;sg_content_comment_icon&quot;:{&quot;value&quot;:&quot;fas fa-comment&quot;,&quot;library&quot;:&quot;fa-solid&quot;},&quot;sg_content_comment_icon_position&quot;:&quot;before&quot;,&quot;sg_content_meta_enable&quot;:&quot;&quot;,&quot;sg_content_meta_author_enable&quot;:&quot;yes&quot;,&quot;sg_content_meta_author_by_text&quot;:&quot;by&quot;,&quot;sg_content_meta_author_icon&quot;:{&quot;value&quot;:&quot;fas fa-user&quot;,&quot;library&quot;:&quot;fa-solid&quot;},&quot;sg_content_meta_author_icon_position&quot;:&quot;before&quot;,&quot;sg_content_meta_date_enable&quot;:&quot;yes&quot;,&quot;sg_content_meta_date_type&quot;:&quot;published&quot;,&quot;sg_content_meta_date_format&quot;:&quot;default&quot;,&quot;sg_content_meta_date_format_custom&quot;:&quot;F j, Y&quot;,&quot;sg_content_meta_date_icon&quot;:{&quot;value&quot;:&quot;fas fa-clock&quot;,&quot;library&quot;:&quot;fa-solid&quot;},&quot;sg_content_meta_date_icon_position&quot;:&quot;before&quot;,&quot;sg_content_image_size_imagesize_size&quot;:&quot;full&quot;,&quot;paged&quot;:1,&quot;class&quot;:&quot;jkit_post_block&quot;}\"><div class=\"jkit-block-container\"><div class=\"jkit-posts jkit-ajax-flag\">\n            <article class=\"jkit-post post-8769 post type-post status-publish format-standard has-post-thumbnail hentry category-lavadora-de-endoscopios\">\n                    <div class=\"jkit-thumb\"><a aria-label=\"Scopeclean ECO Instruction Manual\" href=\"https:\/\/ziontech.com.br\/en\/manual-de-instrucoes-scopeclean-eco\/\"><div class=\"thumbnail-container\">\n            <img loading=\"lazy\" decoding=\"async\" width=\"1000\" height=\"500\" src=\"https:\/\/ziontech.com.br\/wp-content\/uploads\/2024\/01\/SCOPEECO-1.png\" class=\"attachment-full size-full wp-post-image\" alt=\"\" srcset=\"https:\/\/ziontech.com.br\/wp-content\/uploads\/2024\/01\/SCOPEECO-1.png 1000w, https:\/\/ziontech.com.br\/wp-content\/uploads\/2024\/01\/SCOPEECO-1-300x150.png 300w, https:\/\/ziontech.com.br\/wp-content\/uploads\/2024\/01\/SCOPEECO-1-768x384.png 768w\" sizes=\"auto, (max-width: 1000px) 100vw, 1000px\" \/>\n        <\/div><\/a><div class=\"jkit-post-category position-left\"><span><a href=\"https:\/\/ziontech.com.br\/en\/categorias\/lavadora-de-endoscopios\/\" class=\"category-lavadora-de-endoscopios\">Endoscope Washer<\/a><\/span><\/div><\/div>\n                    <div class=\"jkit-postblock-content\"><h3 class=\"jkit-post-title\">\n\t\t\t\t\t\t\t<a href=\"https:\/\/ziontech.com.br\/en\/manual-de-instrucoes-scopeclean-eco\/\">Scopeclean ECO Instruction Manual<\/a>\n\t\t\t\t\t\t<\/h3><div class=\"jkit-post-meta-bottom\">\n\t\t\t\t\t\t\t\n\t\t\t\t\t\t<\/div><\/div>\n                <\/article><article class=\"jkit-post post-5304 post type-post status-publish format-standard has-post-thumbnail hentry category-lavadora-de-endoscopios\">\n                    <div class=\"jkit-thumb\"><a aria-label=\"Quick connection guide for Scopeclean accessories\" href=\"https:\/\/ziontech.com.br\/en\/guia-rapido-de-conexao-para-acessorios-scopeclean\/\"><div class=\"thumbnail-container\">\n            <img loading=\"lazy\" decoding=\"async\" width=\"800\" height=\"400\" src=\"https:\/\/ziontech.com.br\/wp-content\/uploads\/2024\/01\/scope-1.png\" class=\"attachment-full size-full wp-post-image\" alt=\"\" srcset=\"https:\/\/ziontech.com.br\/wp-content\/uploads\/2024\/01\/scope-1.png 800w, https:\/\/ziontech.com.br\/wp-content\/uploads\/2024\/01\/scope-1-300x150.png 300w, https:\/\/ziontech.com.br\/wp-content\/uploads\/2024\/01\/scope-1-768x384.png 768w\" sizes=\"auto, (max-width: 800px) 100vw, 800px\" \/>\n        <\/div><\/a><div class=\"jkit-post-category position-left\"><span><a href=\"https:\/\/ziontech.com.br\/en\/categorias\/lavadora-de-endoscopios\/\" class=\"category-lavadora-de-endoscopios\">Endoscope Washer<\/a><\/span><\/div><\/div>\n                    <div class=\"jkit-postblock-content\"><h3 class=\"jkit-post-title\">\n\t\t\t\t\t\t\t<a href=\"https:\/\/ziontech.com.br\/en\/guia-rapido-de-conexao-para-acessorios-scopeclean\/\">Quick connection guide for Scopeclean accessories<\/a>\n\t\t\t\t\t\t<\/h3><div class=\"jkit-post-meta-bottom\">\n\t\t\t\t\t\t\t\n\t\t\t\t\t\t<\/div><\/div>\n                <\/article><article class=\"jkit-post post-3073 post type-post status-publish format-standard has-post-thumbnail hentry category-lavadora-de-endoscopios\">\n                    <div class=\"jkit-thumb\"><a aria-label=\"Scopeclean - Instruction Manual\" href=\"https:\/\/ziontech.com.br\/en\/scopeclean-manual-de-instrucoes\/\"><div class=\"thumbnail-container\">\n            <img loading=\"lazy\" decoding=\"async\" width=\"3000\" height=\"1500\" src=\"https:\/\/ziontech.com.br\/wp-content\/uploads\/2024\/01\/SCOPECLEAN-scaled.png\" class=\"attachment-full size-full wp-post-image\" alt=\"\" \/>\n        <\/div><\/a><div class=\"jkit-post-category position-left\"><span><a href=\"https:\/\/ziontech.com.br\/en\/categorias\/lavadora-de-endoscopios\/\" class=\"category-lavadora-de-endoscopios\">Endoscope Washer<\/a><\/span><\/div><\/div>\n                    <div class=\"jkit-postblock-content\"><h3 class=\"jkit-post-title\">\n\t\t\t\t\t\t\t<a href=\"https:\/\/ziontech.com.br\/en\/scopeclean-manual-de-instrucoes\/\">Scopeclean - Instruction Manual<\/a>\n\t\t\t\t\t\t<\/h3><div class=\"jkit-post-meta-bottom\">\n\t\t\t\t\t\t\t\n\t\t\t\t\t\t<\/div><\/div>\n                <\/article>\n        <\/div><\/div><\/div>\t\t\t\t<\/div>\n\t\t\t\t<\/div>\n\t\t\t\t\t<\/div>\n\t\t<\/div>\n\t\t\t\t\t<\/div>\n\t\t<\/section>\n\t\t\t\t\t<\/div>\n\t\t<\/div>\n\t\t\t\t\t<\/div>\n\t\t<\/section>\n\t\t\t\t<\/div>","protected":false},"excerpt":{"rendered":"<p>Manuais Lavadora de Endosc\u00f3pios Scopeclean Aqui voc\u00ea encontra todos os manuais no formato digital. edit post Lavadora de Endosc\u00f3pios Scopeclean &#8211; Manual de Instru\u00e7\u00f5es<\/p>","protected":false},"author":1,"featured_media":0,"parent":0,"menu_order":0,"comment_status":"closed","ping_status":"closed","template":"elementor_header_footer","meta":{"inline_featured_image":false,"footnotes":""},"class_list":["post-8743","page","type-page","status-publish","hentry"],"yoast_head":"<!-- This site is optimized with the Yoast SEO plugin v27.4 - https:\/\/yoast.com\/product\/yoast-seo-wordpress\/ -->\n<title>Suporte - Scopeclean - Ziontech<\/title>\n<meta name=\"robots\" content=\"index, follow, max-snippet:-1, max-image-preview:large, max-video-preview:-1\" \/>\n<link rel=\"canonical\" href=\"https:\/\/ziontech.com.br\/en\/suporte-scopeclean\/\" \/>\n<meta property=\"og:locale\" content=\"en_US\" \/>\n<meta property=\"og:type\" content=\"article\" \/>\n<meta property=\"og:title\" content=\"Suporte - Scopeclean - Ziontech\" \/>\n<meta property=\"og:description\" content=\"Manuais Lavadora de Endosc\u00f3pios Scopeclean Aqui voc\u00ea encontra todos os manuais no formato digital. edit post Lavadora de Endosc\u00f3pios Scopeclean &#8211; Manual de Instru\u00e7\u00f5es\" \/>\n<meta property=\"og:url\" content=\"https:\/\/ziontech.com.br\/en\/suporte-scopeclean\/\" \/>\n<meta property=\"og:site_name\" content=\"Ziontech\" \/>\n<meta property=\"article:publisher\" content=\"https:\/\/www.facebook.com\/Ziontechbrasil\/\" \/>\n<meta property=\"article:modified_time\" content=\"2024-11-08T12:58:04+00:00\" \/>\n<meta property=\"og:image\" content=\"https:\/\/ziontech.com.br\/wp-content\/uploads\/2024\/01\/SCOPECLEAN.png\" \/>\n<meta name=\"twitter:card\" content=\"summary_large_image\" \/>\n<meta name=\"twitter:label1\" content=\"Est. reading time\" \/>\n\t<meta name=\"twitter:data1\" content=\"1 minute\" \/>\n<script type=\"application\/ld+json\" class=\"yoast-schema-graph\">{\"@context\":\"https:\\\/\\\/schema.org\",\"@graph\":[{\"@type\":\"WebPage\",\"@id\":\"https:\\\/\\\/ziontech.com.br\\\/suporte-scopeclean\\\/\",\"url\":\"https:\\\/\\\/ziontech.com.br\\\/suporte-scopeclean\\\/\",\"name\":\"Suporte - Scopeclean - Ziontech\",\"isPartOf\":{\"@id\":\"https:\\\/\\\/ziontech.com.br\\\/#website\"},\"primaryImageOfPage\":{\"@id\":\"https:\\\/\\\/ziontech.com.br\\\/suporte-scopeclean\\\/#primaryimage\"},\"image\":{\"@id\":\"https:\\\/\\\/ziontech.com.br\\\/suporte-scopeclean\\\/#primaryimage\"},\"thumbnailUrl\":\"https:\\\/\\\/ziontech.com.br\\\/wp-content\\\/uploads\\\/2024\\\/01\\\/SCOPECLEAN.png\",\"datePublished\":\"2024-11-08T12:57:18+00:00\",\"dateModified\":\"2024-11-08T12:58:04+00:00\",\"breadcrumb\":{\"@id\":\"https:\\\/\\\/ziontech.com.br\\\/suporte-scopeclean\\\/#breadcrumb\"},\"inLanguage\":\"en-US\",\"potentialAction\":[{\"@type\":\"ReadAction\",\"target\":[\"https:\\\/\\\/ziontech.com.br\\\/suporte-scopeclean\\\/\"]}]},{\"@type\":\"ImageObject\",\"inLanguage\":\"en-US\",\"@id\":\"https:\\\/\\\/ziontech.com.br\\\/suporte-scopeclean\\\/#primaryimage\",\"url\":\"https:\\\/\\\/ziontech.com.br\\\/wp-content\\\/uploads\\\/2024\\\/01\\\/SCOPECLEAN.png\",\"contentUrl\":\"https:\\\/\\\/ziontech.com.br\\\/wp-content\\\/uploads\\\/2024\\\/01\\\/SCOPECLEAN.png\"},{\"@type\":\"BreadcrumbList\",\"@id\":\"https:\\\/\\\/ziontech.com.br\\\/suporte-scopeclean\\\/#breadcrumb\",\"itemListElement\":[{\"@type\":\"ListItem\",\"position\":1,\"name\":\"In\u00edcio\",\"item\":\"https:\\\/\\\/ziontech.com.br\\\/\"},{\"@type\":\"ListItem\",\"position\":2,\"name\":\"Suporte &#8211; Scopeclean\"}]},{\"@type\":\"WebSite\",\"@id\":\"https:\\\/\\\/ziontech.com.br\\\/#website\",\"url\":\"https:\\\/\\\/ziontech.com.br\\\/\",\"name\":\"Ziontech\",\"description\":\"Inova\u00e7\u00e3o em Endoscopia\",\"publisher\":{\"@id\":\"https:\\\/\\\/ziontech.com.br\\\/#organization\"},\"potentialAction\":[{\"@type\":\"SearchAction\",\"target\":{\"@type\":\"EntryPoint\",\"urlTemplate\":\"https:\\\/\\\/ziontech.com.br\\\/?s={search_term_string}\"},\"query-input\":{\"@type\":\"PropertyValueSpecification\",\"valueRequired\":true,\"valueName\":\"search_term_string\"}}],\"inLanguage\":\"en-US\"},{\"@type\":\"Organization\",\"@id\":\"https:\\\/\\\/ziontech.com.br\\\/#organization\",\"name\":\"Ziontech\",\"url\":\"https:\\\/\\\/ziontech.com.br\\\/\",\"logo\":{\"@type\":\"ImageObject\",\"inLanguage\":\"en-US\",\"@id\":\"https:\\\/\\\/ziontech.com.br\\\/#\\\/schema\\\/logo\\\/image\\\/\",\"url\":\"https:\\\/\\\/ziontech.com.br\\\/wp-content\\\/uploads\\\/2023\\\/11\\\/LOGO-ZIONTECH-HORIZ-SECUNDARIO.png\",\"contentUrl\":\"https:\\\/\\\/ziontech.com.br\\\/wp-content\\\/uploads\\\/2023\\\/11\\\/LOGO-ZIONTECH-HORIZ-SECUNDARIO.png\",\"width\":3156,\"height\":699,\"caption\":\"Ziontech\"},\"image\":{\"@id\":\"https:\\\/\\\/ziontech.com.br\\\/#\\\/schema\\\/logo\\\/image\\\/\"},\"sameAs\":[\"https:\\\/\\\/www.facebook.com\\\/Ziontechbrasil\\\/\",\"https:\\\/\\\/www.linkedin.com\\\/company\\\/ziontechbr\",\"https:\\\/\\\/www.instagram.com\\\/ziontechbrasil\\\/\"]}]}<\/script>\n<!-- \/ Yoast SEO plugin. -->","yoast_head_json":{"title":"Suporte - Scopeclean - Ziontech","robots":{"index":"index","follow":"follow","max-snippet":"max-snippet:-1","max-image-preview":"max-image-preview:large","max-video-preview":"max-video-preview:-1"},"canonical":"https:\/\/ziontech.com.br\/en\/suporte-scopeclean\/","og_locale":"en_US","og_type":"article","og_title":"Suporte - Scopeclean - Ziontech","og_description":"Manuais Lavadora de Endosc\u00f3pios Scopeclean Aqui voc\u00ea encontra todos os manuais no formato digital. edit post Lavadora de Endosc\u00f3pios Scopeclean &#8211; Manual de Instru\u00e7\u00f5es","og_url":"https:\/\/ziontech.com.br\/en\/suporte-scopeclean\/","og_site_name":"Ziontech","article_publisher":"https:\/\/www.facebook.com\/Ziontechbrasil\/","article_modified_time":"2024-11-08T12:58:04+00:00","og_image":[{"url":"https:\/\/ziontech.com.br\/wp-content\/uploads\/2024\/01\/SCOPECLEAN.png","type":"","width":"","height":""}],"twitter_card":"summary_large_image","twitter_misc":{"Est. reading time":"1 minute"},"schema":{"@context":"https:\/\/schema.org","@graph":[{"@type":"WebPage","@id":"https:\/\/ziontech.com.br\/suporte-scopeclean\/","url":"https:\/\/ziontech.com.br\/suporte-scopeclean\/","name":"Suporte - Scopeclean - Ziontech","isPartOf":{"@id":"https:\/\/ziontech.com.br\/#website"},"primaryImageOfPage":{"@id":"https:\/\/ziontech.com.br\/suporte-scopeclean\/#primaryimage"},"image":{"@id":"https:\/\/ziontech.com.br\/suporte-scopeclean\/#primaryimage"},"thumbnailUrl":"https:\/\/ziontech.com.br\/wp-content\/uploads\/2024\/01\/SCOPECLEAN.png","datePublished":"2024-11-08T12:57:18+00:00","dateModified":"2024-11-08T12:58:04+00:00","breadcrumb":{"@id":"https:\/\/ziontech.com.br\/suporte-scopeclean\/#breadcrumb"},"inLanguage":"en-US","potentialAction":[{"@type":"ReadAction","target":["https:\/\/ziontech.com.br\/suporte-scopeclean\/"]}]},{"@type":"ImageObject","inLanguage":"en-US","@id":"https:\/\/ziontech.com.br\/suporte-scopeclean\/#primaryimage","url":"https:\/\/ziontech.com.br\/wp-content\/uploads\/2024\/01\/SCOPECLEAN.png","contentUrl":"https:\/\/ziontech.com.br\/wp-content\/uploads\/2024\/01\/SCOPECLEAN.png"},{"@type":"BreadcrumbList","@id":"https:\/\/ziontech.com.br\/suporte-scopeclean\/#breadcrumb","itemListElement":[{"@type":"ListItem","position":1,"name":"In\u00edcio","item":"https:\/\/ziontech.com.br\/"},{"@type":"ListItem","position":2,"name":"Suporte &#8211; Scopeclean"}]},{"@type":"WebSite","@id":"https:\/\/ziontech.com.br\/#website","url":"https:\/\/ziontech.com.br\/","name":"Ziontech","description":"Innovation in Endoscopy","publisher":{"@id":"https:\/\/ziontech.com.br\/#organization"},"potentialAction":[{"@type":"SearchAction","target":{"@type":"EntryPoint","urlTemplate":"https:\/\/ziontech.com.br\/?s={search_term_string}"},"query-input":{"@type":"PropertyValueSpecification","valueRequired":true,"valueName":"search_term_string"}}],"inLanguage":"en-US"},{"@type":"Organization","@id":"https:\/\/ziontech.com.br\/#organization","name":"Ziontech","url":"https:\/\/ziontech.com.br\/","logo":{"@type":"ImageObject","inLanguage":"en-US","@id":"https:\/\/ziontech.com.br\/#\/schema\/logo\/image\/","url":"https:\/\/ziontech.com.br\/wp-content\/uploads\/2023\/11\/LOGO-ZIONTECH-HORIZ-SECUNDARIO.png","contentUrl":"https:\/\/ziontech.com.br\/wp-content\/uploads\/2023\/11\/LOGO-ZIONTECH-HORIZ-SECUNDARIO.png","width":3156,"height":699,"caption":"Ziontech"},"image":{"@id":"https:\/\/ziontech.com.br\/#\/schema\/logo\/image\/"},"sameAs":["https:\/\/www.facebook.com\/Ziontechbrasil\/","https:\/\/www.linkedin.com\/company\/ziontechbr","https:\/\/www.instagram.com\/ziontechbrasil\/"]}]}},"_links":{"self":[{"href":"https:\/\/ziontech.com.br\/en\/wp-json\/wp\/v2\/pages\/8743","targetHints":{"allow":["GET"]}}],"collection":[{"href":"https:\/\/ziontech.com.br\/en\/wp-json\/wp\/v2\/pages"}],"about":[{"href":"https:\/\/ziontech.com.br\/en\/wp-json\/wp\/v2\/types\/page"}],"author":[{"embeddable":true,"href":"https:\/\/ziontech.com.br\/en\/wp-json\/wp\/v2\/users\/1"}],"replies":[{"embeddable":true,"href":"https:\/\/ziontech.com.br\/en\/wp-json\/wp\/v2\/comments?post=8743"}],"version-history":[{"count":7,"href":"https:\/\/ziontech.com.br\/en\/wp-json\/wp\/v2\/pages\/8743\/revisions"}],"predecessor-version":[{"id":8751,"href":"https:\/\/ziontech.com.br\/en\/wp-json\/wp\/v2\/pages\/8743\/revisions\/8751"}],"wp:attachment":[{"href":"https:\/\/ziontech.com.br\/en\/wp-json\/wp\/v2\/media?parent=8743"}],"curies":[{"name":"wp","href":"https:\/\/api.w.org\/{rel}","templated":true}]}}