{"id":8752,"date":"2024-11-08T09:58:59","date_gmt":"2024-11-08T12:58:59","guid":{"rendered":"https:\/\/ziontech.com.br\/?page_id=8752"},"modified":"2024-11-08T09:59:39","modified_gmt":"2024-11-08T12:59:39","slug":"acessorios","status":"publish","type":"page","link":"https:\/\/ziontech.com.br\/en\/acessorios\/","title":{"rendered":"Accessories"},"content":{"rendered":"<div data-elementor-type=\"wp-page\" data-elementor-id=\"8752\" class=\"elementor elementor-8752\" data-elementor-post-type=\"page\">\n\t\t\t\t\t\t<section class=\"elementor-section elementor-top-section elementor-element elementor-element-a6aa6f4 elementor-section-full_width elementor-section-height-default elementor-section-height-default\" data-id=\"a6aa6f4\" data-element_type=\"section\" data-e-type=\"section\" data-settings=\"{&quot;background_background&quot;:&quot;classic&quot;}\">\n\t\t\t\t\t\t\t<div class=\"elementor-background-overlay\"><\/div>\n\t\t\t\t\t\t\t<div class=\"elementor-container elementor-column-gap-default\">\n\t\t\t\t\t<div class=\"elementor-column elementor-col-100 elementor-top-column elementor-element elementor-element-ebadf79\" data-id=\"ebadf79\" data-element_type=\"column\" data-e-type=\"column\">\n\t\t\t<div class=\"elementor-widget-wrap elementor-element-populated\">\n\t\t\t\t\t\t<section class=\"elementor-section elementor-inner-section elementor-element elementor-element-d02d433 elementor-section-boxed elementor-section-height-default elementor-section-height-default\" data-id=\"d02d433\" data-element_type=\"section\" data-e-type=\"section\">\n\t\t\t\t\t\t<div class=\"elementor-container elementor-column-gap-default\">\n\t\t\t\t\t<div class=\"elementor-column elementor-col-100 elementor-inner-column elementor-element elementor-element-e956b7a\" data-id=\"e956b7a\" data-element_type=\"column\" data-e-type=\"column\">\n\t\t\t<div class=\"elementor-widget-wrap elementor-element-populated\">\n\t\t\t\t\t\t<div class=\"elementor-element elementor-element-91355b5 elementor-invisible elementor-widget elementor-widget-heading\" data-id=\"91355b5\" data-element_type=\"widget\" data-e-type=\"widget\" data-settings=\"{&quot;_animation&quot;:&quot;fadeIn&quot;}\" data-widget_type=\"heading.default\">\n\t\t\t\t<div class=\"elementor-widget-container\">\n\t\t\t\t\t<h1 class=\"elementor-heading-title elementor-size-default\">Manuals Accessories<\/h1>\t\t\t\t<\/div>\n\t\t\t\t<\/div>\n\t\t\t\t<div class=\"elementor-element elementor-element-77a4ee1 elementor-widget elementor-widget-text-editor\" data-id=\"77a4ee1\" data-element_type=\"widget\" data-e-type=\"widget\" data-widget_type=\"text-editor.default\">\n\t\t\t\t<div class=\"elementor-widget-container\">\n\t\t\t\t\t\t\t\t\t<p>Here you can find all the manuals in digital format.<\/p>\t\t\t\t\t\t\t\t<\/div>\n\t\t\t\t<\/div>\n\t\t\t\t\t<\/div>\n\t\t<\/div>\n\t\t\t\t\t<\/div>\n\t\t<\/section>\n\t\t\t\t\t<\/div>\n\t\t<\/div>\n\t\t\t\t\t<\/div>\n\t\t<\/section>\n\t\t\t\t<section class=\"elementor-section elementor-top-section elementor-element elementor-element-1dbf43f elementor-section-boxed elementor-section-height-default elementor-section-height-default\" data-id=\"1dbf43f\" data-element_type=\"section\" data-e-type=\"section\" data-settings=\"{&quot;background_background&quot;:&quot;classic&quot;}\">\n\t\t\t\t\t\t<div class=\"elementor-container elementor-column-gap-no\">\n\t\t\t\t\t<div class=\"elementor-column elementor-col-100 elementor-top-column elementor-element elementor-element-97c2c03\" data-id=\"97c2c03\" data-element_type=\"column\" data-e-type=\"column\">\n\t\t\t<div class=\"elementor-widget-wrap elementor-element-populated\">\n\t\t\t\t\t\t<section class=\"elementor-section elementor-inner-section elementor-element elementor-element-1f64732 elementor-section-full_width elementor-section-height-default elementor-section-height-default\" data-id=\"1f64732\" data-element_type=\"section\" data-e-type=\"section\">\n\t\t\t\t\t\t<div class=\"elementor-container elementor-column-gap-default\">\n\t\t\t\t\t<div class=\"elementor-column elementor-col-100 elementor-inner-column elementor-element elementor-element-500c8bb\" data-id=\"500c8bb\" data-element_type=\"column\" data-e-type=\"column\">\n\t\t\t<div class=\"elementor-widget-wrap elementor-element-populated\">\n\t\t\t\t\t\t<div class=\"elementor-element elementor-element-8f5b098 elementor-widget elementor-widget-jkit_post_block\" data-id=\"8f5b098\" data-element_type=\"widget\" data-e-type=\"widget\" data-widget_type=\"jkit_post_block.default\">\n\t\t\t\t<div class=\"elementor-widget-container\">\n\t\t\t\t\t<div  class=\"jeg-elementor-kit jkit-postblock postblock-type-3 jkit-pagination-loadmore post-element jeg_module___69ebaa0a506fe\"  data-id=\"jeg_module___69ebaa0a506fe\" data-settings=\"{&quot;post_type&quot;:&quot;post&quot;,&quot;number_post&quot;:{&quot;unit&quot;:&quot;px&quot;,&quot;size&quot;:1000,&quot;sizes&quot;:[]},&quot;post_offset&quot;:0,&quot;unique_content&quot;:&quot;disable&quot;,&quot;include_post&quot;:&quot;&quot;,&quot;exclude_post&quot;:&quot;&quot;,&quot;include_category&quot;:&quot;8&quot;,&quot;exclude_category&quot;:&quot;1,12&quot;,&quot;include_author&quot;:&quot;&quot;,&quot;include_tag&quot;:&quot;&quot;,&quot;exclude_tag&quot;:&quot;&quot;,&quot;product_brand&quot;:&quot;&quot;,&quot;product_cat&quot;:&quot;&quot;,&quot;product_tag&quot;:&quot;&quot;,&quot;sort_by&quot;:&quot;latest&quot;,&quot;pagination_mode&quot;:&quot;loadmore&quot;,&quot;pagination_loadmore_text&quot;:&quot;Carregar mais&quot;,&quot;pagination_loading_text&quot;:&quot;Carregando...&quot;,&quot;pagination_number_post&quot;:{&quot;unit&quot;:&quot;px&quot;,&quot;size&quot;:1000,&quot;sizes&quot;:[]},&quot;pagination_scroll_limit&quot;:0,&quot;pagination_icon&quot;:{&quot;value&quot;:&quot;&quot;,&quot;library&quot;:&quot;&quot;},&quot;pagination_icon_position&quot;:&quot;before&quot;,&quot;st_category_position&quot;:&quot;left&quot;,&quot;sg_content_postblock_type&quot;:&quot;type-3&quot;,&quot;sg_content_element_order&quot;:&quot;title,meta,excerpt,read&quot;,&quot;sg_content_breakpoint&quot;:&quot;tablet&quot;,&quot;sg_content_title_html_tag&quot;:&quot;h3&quot;,&quot;sg_content_category_enable&quot;:&quot;yes&quot;,&quot;sg_content_excerpt_enable&quot;:&quot;&quot;,&quot;sg_content_excerpt_length&quot;:{&quot;unit&quot;:&quot;px&quot;,&quot;size&quot;:&quot;22&quot;,&quot;sizes&quot;:[]},&quot;sg_content_excerpt_more&quot;:&quot;...&quot;,&quot;sg_content_readmore_enable&quot;:&quot;&quot;,&quot;sg_content_readmore_icon&quot;:{&quot;value&quot;:&quot;fas fa-arrow-right&quot;,&quot;library&quot;:&quot;fa-solid&quot;},&quot;sg_content_readmore_icon_position&quot;:&quot;after&quot;,&quot;sg_content_readmore_text&quot;:&quot;Read More&quot;,&quot;sg_content_comment_enable&quot;:&quot;&quot;,&quot;sg_content_comment_icon&quot;:{&quot;value&quot;:&quot;fas fa-comment&quot;,&quot;library&quot;:&quot;fa-solid&quot;},&quot;sg_content_comment_icon_position&quot;:&quot;before&quot;,&quot;sg_content_meta_enable&quot;:&quot;&quot;,&quot;sg_content_meta_author_enable&quot;:&quot;yes&quot;,&quot;sg_content_meta_author_by_text&quot;:&quot;by&quot;,&quot;sg_content_meta_author_icon&quot;:{&quot;value&quot;:&quot;fas fa-user&quot;,&quot;library&quot;:&quot;fa-solid&quot;},&quot;sg_content_meta_author_icon_position&quot;:&quot;before&quot;,&quot;sg_content_meta_date_enable&quot;:&quot;yes&quot;,&quot;sg_content_meta_date_type&quot;:&quot;published&quot;,&quot;sg_content_meta_date_format&quot;:&quot;default&quot;,&quot;sg_content_meta_date_format_custom&quot;:&quot;F j, Y&quot;,&quot;sg_content_meta_date_icon&quot;:{&quot;value&quot;:&quot;fas fa-clock&quot;,&quot;library&quot;:&quot;fa-solid&quot;},&quot;sg_content_meta_date_icon_position&quot;:&quot;before&quot;,&quot;sg_content_image_size_imagesize_size&quot;:&quot;full&quot;,&quot;paged&quot;:1,&quot;class&quot;:&quot;jkit_post_block&quot;}\"><div class=\"jkit-block-container\"><div class=\"jkit-posts jkit-ajax-flag\">\n            <article class=\"jkit-post post-8783 post type-post status-publish format-standard has-post-thumbnail hentry category-acessorios\">\n                    <div class=\"jkit-thumb\"><a aria-label=\"Reusable Biopsy Forceps Manual\" href=\"https:\/\/ziontech.com.br\/en\/pinca-de-biopsia-reutilizavel\/\"><div class=\"thumbnail-container\">\n            <img loading=\"lazy\" decoding=\"async\" width=\"658\" height=\"542\" src=\"https:\/\/ziontech.com.br\/wp-content\/uploads\/2024\/01\/instrumentais-1.png\" class=\"attachment-full size-full wp-post-image\" alt=\"\" srcset=\"https:\/\/ziontech.com.br\/wp-content\/uploads\/2024\/01\/instrumentais-1.png 658w, https:\/\/ziontech.com.br\/wp-content\/uploads\/2024\/01\/instrumentais-1-300x247.png 300w\" sizes=\"auto, (max-width: 658px) 100vw, 658px\" \/>\n        <\/div><\/a><div class=\"jkit-post-category position-left\"><span><a href=\"https:\/\/ziontech.com.br\/en\/categorias\/acessorios\/\" class=\"category-acessorios\">Accessories<\/a><\/span><\/div><\/div>\n                    <div class=\"jkit-postblock-content\"><h3 class=\"jkit-post-title\">\n\t\t\t\t\t\t\t<a href=\"https:\/\/ziontech.com.br\/en\/pinca-de-biopsia-reutilizavel\/\">Reusable Biopsy Forceps Manual<\/a>\n\t\t\t\t\t\t<\/h3><div class=\"jkit-post-meta-bottom\">\n\t\t\t\t\t\t\t\n\t\t\t\t\t\t<\/div><\/div>\n                <\/article><article class=\"jkit-post post-3081 post type-post status-publish format-standard has-post-thumbnail hentry category-acessorios\">\n                    <div class=\"jkit-thumb\"><a aria-label=\"Nozzles - Instruction manual\" href=\"https:\/\/ziontech.com.br\/en\/bocais-manual-de-instrucoes\/\"><div class=\"thumbnail-container\">\n            <img loading=\"lazy\" decoding=\"async\" width=\"410\" height=\"424\" src=\"https:\/\/ziontech.com.br\/wp-content\/uploads\/2024\/01\/bocais.jpg\" class=\"attachment-full size-full wp-post-image\" alt=\"\" srcset=\"https:\/\/ziontech.com.br\/wp-content\/uploads\/2024\/01\/bocais.jpg 410w, https:\/\/ziontech.com.br\/wp-content\/uploads\/2024\/01\/bocais-290x300.jpg 290w\" sizes=\"auto, (max-width: 410px) 100vw, 410px\" \/>\n        <\/div><\/a><div class=\"jkit-post-category position-left\"><span><a href=\"https:\/\/ziontech.com.br\/en\/categorias\/acessorios\/\" class=\"category-acessorios\">Accessories<\/a><\/span><\/div><\/div>\n                    <div class=\"jkit-postblock-content\"><h3 class=\"jkit-post-title\">\n\t\t\t\t\t\t\t<a href=\"https:\/\/ziontech.com.br\/en\/bocais-manual-de-instrucoes\/\">Nozzles - Instruction manual<\/a>\n\t\t\t\t\t\t<\/h3><div class=\"jkit-post-meta-bottom\">\n\t\t\t\t\t\t\t\n\t\t\t\t\t\t<\/div><\/div>\n                <\/article><article class=\"jkit-post post-3079 post type-post status-publish format-standard has-post-thumbnail hentry category-acessorios\">\n                    <div class=\"jkit-thumb\"><a aria-label=\"Biopsy forceps - Instruction manual\" href=\"https:\/\/ziontech.com.br\/en\/pincas-de-biopsia-manual-de-instrucoes\/\"><div class=\"thumbnail-container\">\n            <img loading=\"lazy\" decoding=\"async\" width=\"410\" height=\"424\" src=\"https:\/\/ziontech.com.br\/wp-content\/uploads\/2023\/12\/pincas.jpg\" class=\"attachment-full size-full wp-post-image\" alt=\"\" srcset=\"https:\/\/ziontech.com.br\/wp-content\/uploads\/2023\/12\/pincas.jpg 410w, https:\/\/ziontech.com.br\/wp-content\/uploads\/2023\/12\/pincas-290x300.jpg 290w\" sizes=\"auto, (max-width: 410px) 100vw, 410px\" \/>\n        <\/div><\/a><div class=\"jkit-post-category position-left\"><span><a href=\"https:\/\/ziontech.com.br\/en\/categorias\/acessorios\/\" class=\"category-acessorios\">Accessories<\/a><\/span><\/div><\/div>\n                    <div class=\"jkit-postblock-content\"><h3 class=\"jkit-post-title\">\n\t\t\t\t\t\t\t<a href=\"https:\/\/ziontech.com.br\/en\/pincas-de-biopsia-manual-de-instrucoes\/\">Biopsy forceps - Instruction manual<\/a>\n\t\t\t\t\t\t<\/h3><div class=\"jkit-post-meta-bottom\">\n\t\t\t\t\t\t\t\n\t\t\t\t\t\t<\/div><\/div>\n                <\/article><article class=\"jkit-post post-3077 post type-post status-publish format-standard has-post-thumbnail hentry category-acessorios\">\n                    <div class=\"jkit-thumb\"><a aria-label=\"Polyp collector - Instruction manual\" href=\"https:\/\/ziontech.com.br\/en\/coletor-de-polipos-manual-de-instrucoes\/\"><div class=\"thumbnail-container\">\n            <img loading=\"lazy\" decoding=\"async\" width=\"410\" height=\"424\" src=\"https:\/\/ziontech.com.br\/wp-content\/uploads\/2024\/01\/coletor-polipos.jpg\" class=\"attachment-full size-full wp-post-image\" alt=\"\" srcset=\"https:\/\/ziontech.com.br\/wp-content\/uploads\/2024\/01\/coletor-polipos.jpg 410w, https:\/\/ziontech.com.br\/wp-content\/uploads\/2024\/01\/coletor-polipos-290x300.jpg 290w\" sizes=\"auto, (max-width: 410px) 100vw, 410px\" \/>\n        <\/div><\/a><div class=\"jkit-post-category position-left\"><span><a href=\"https:\/\/ziontech.com.br\/en\/categorias\/acessorios\/\" class=\"category-acessorios\">Accessories<\/a><\/span><\/div><\/div>\n                    <div class=\"jkit-postblock-content\"><h3 class=\"jkit-post-title\">\n\t\t\t\t\t\t\t<a href=\"https:\/\/ziontech.com.br\/en\/coletor-de-polipos-manual-de-instrucoes\/\">Polyp collector - Instruction manual<\/a>\n\t\t\t\t\t\t<\/h3><div class=\"jkit-post-meta-bottom\">\n\t\t\t\t\t\t\t\n\t\t\t\t\t\t<\/div><\/div>\n                <\/article>\n        <\/div><\/div><\/div>\t\t\t\t<\/div>\n\t\t\t\t<\/div>\n\t\t\t\t\t<\/div>\n\t\t<\/div>\n\t\t\t\t\t<\/div>\n\t\t<\/section>\n\t\t\t\t\t<\/div>\n\t\t<\/div>\n\t\t\t\t\t<\/div>\n\t\t<\/section>\n\t\t\t\t<\/div>","protected":false},"excerpt":{"rendered":"<p>Manuais Acess\u00f3rios Aqui voc\u00ea encontra todos os manuais no formato digital. edit post Acess\u00f3rios Manual de Uso Sistema Integrado de Endoscopia Port\u00e1til &#8211; SIEP edit post Acess\u00f3rios Guia r\u00e1pido de conex\u00e3o para acess\u00f3rios Scopeclean edit post Acess\u00f3rios Bocais &#8211; Manual de Instru\u00e7\u00f5es edit post Acess\u00f3rios Pin\u00e7as de bi\u00f3psia &#8211; Manual de Instru\u00e7\u00f5es edit post Acess\u00f3rios [&hellip;]<\/p>\n","protected":false},"author":1,"featured_media":0,"parent":0,"menu_order":0,"comment_status":"closed","ping_status":"closed","template":"elementor_header_footer","meta":{"inline_featured_image":false,"footnotes":""},"class_list":["post-8752","page","type-page","status-publish","hentry"],"yoast_head":"<!-- This site is optimized with the Yoast SEO plugin v27.4 - https:\/\/yoast.com\/product\/yoast-seo-wordpress\/ -->\n<title>Acess\u00f3rios - Ziontech<\/title>\n<meta name=\"robots\" content=\"index, follow, max-snippet:-1, max-image-preview:large, max-video-preview:-1\" \/>\n<link rel=\"canonical\" href=\"https:\/\/ziontech.com.br\/en\/acessorios\/\" \/>\n<meta property=\"og:locale\" content=\"en_US\" \/>\n<meta property=\"og:type\" content=\"article\" \/>\n<meta property=\"og:title\" content=\"Acess\u00f3rios - Ziontech\" \/>\n<meta property=\"og:description\" content=\"Manuais Acess\u00f3rios Aqui voc\u00ea encontra todos os manuais no formato digital. edit post Acess\u00f3rios Manual de Uso Sistema Integrado de Endoscopia Port\u00e1til &#8211; SIEP edit post Acess\u00f3rios Guia r\u00e1pido de conex\u00e3o para acess\u00f3rios Scopeclean edit post Acess\u00f3rios Bocais &#8211; Manual de Instru\u00e7\u00f5es edit post Acess\u00f3rios Pin\u00e7as de bi\u00f3psia &#8211; Manual de Instru\u00e7\u00f5es edit post Acess\u00f3rios [&hellip;]\" \/>\n<meta property=\"og:url\" content=\"https:\/\/ziontech.com.br\/en\/acessorios\/\" \/>\n<meta property=\"og:site_name\" content=\"Ziontech\" \/>\n<meta property=\"article:publisher\" content=\"https:\/\/www.facebook.com\/Ziontechbrasil\/\" \/>\n<meta property=\"article:modified_time\" content=\"2024-11-08T12:59:39+00:00\" \/>\n<meta property=\"og:image\" content=\"https:\/\/ziontech.com.br\/wp-content\/uploads\/2024\/10\/Captura-de-tela-2024-10-10-133944.png\" \/>\n<meta name=\"twitter:card\" content=\"summary_large_image\" \/>\n<meta name=\"twitter:label1\" content=\"Est. reading time\" \/>\n\t<meta name=\"twitter:data1\" content=\"3 minutes\" \/>\n<script type=\"application\/ld+json\" class=\"yoast-schema-graph\">{\"@context\":\"https:\\\/\\\/schema.org\",\"@graph\":[{\"@type\":\"WebPage\",\"@id\":\"https:\\\/\\\/ziontech.com.br\\\/acessorios\\\/\",\"url\":\"https:\\\/\\\/ziontech.com.br\\\/acessorios\\\/\",\"name\":\"Acess\u00f3rios - Ziontech\",\"isPartOf\":{\"@id\":\"https:\\\/\\\/ziontech.com.br\\\/#website\"},\"primaryImageOfPage\":{\"@id\":\"https:\\\/\\\/ziontech.com.br\\\/acessorios\\\/#primaryimage\"},\"image\":{\"@id\":\"https:\\\/\\\/ziontech.com.br\\\/acessorios\\\/#primaryimage\"},\"thumbnailUrl\":\"https:\\\/\\\/ziontech.com.br\\\/wp-content\\\/uploads\\\/2024\\\/10\\\/Captura-de-tela-2024-10-10-133944.png\",\"datePublished\":\"2024-11-08T12:58:59+00:00\",\"dateModified\":\"2024-11-08T12:59:39+00:00\",\"breadcrumb\":{\"@id\":\"https:\\\/\\\/ziontech.com.br\\\/acessorios\\\/#breadcrumb\"},\"inLanguage\":\"en-US\",\"potentialAction\":[{\"@type\":\"ReadAction\",\"target\":[\"https:\\\/\\\/ziontech.com.br\\\/acessorios\\\/\"]}]},{\"@type\":\"ImageObject\",\"inLanguage\":\"en-US\",\"@id\":\"https:\\\/\\\/ziontech.com.br\\\/acessorios\\\/#primaryimage\",\"url\":\"https:\\\/\\\/ziontech.com.br\\\/wp-content\\\/uploads\\\/2024\\\/10\\\/Captura-de-tela-2024-10-10-133944.png\",\"contentUrl\":\"https:\\\/\\\/ziontech.com.br\\\/wp-content\\\/uploads\\\/2024\\\/10\\\/Captura-de-tela-2024-10-10-133944.png\"},{\"@type\":\"BreadcrumbList\",\"@id\":\"https:\\\/\\\/ziontech.com.br\\\/acessorios\\\/#breadcrumb\",\"itemListElement\":[{\"@type\":\"ListItem\",\"position\":1,\"name\":\"In\u00edcio\",\"item\":\"https:\\\/\\\/ziontech.com.br\\\/\"},{\"@type\":\"ListItem\",\"position\":2,\"name\":\"Acess\u00f3rios\"}]},{\"@type\":\"WebSite\",\"@id\":\"https:\\\/\\\/ziontech.com.br\\\/#website\",\"url\":\"https:\\\/\\\/ziontech.com.br\\\/\",\"name\":\"Ziontech\",\"description\":\"Inova\u00e7\u00e3o em Endoscopia\",\"publisher\":{\"@id\":\"https:\\\/\\\/ziontech.com.br\\\/#organization\"},\"potentialAction\":[{\"@type\":\"SearchAction\",\"target\":{\"@type\":\"EntryPoint\",\"urlTemplate\":\"https:\\\/\\\/ziontech.com.br\\\/?s={search_term_string}\"},\"query-input\":{\"@type\":\"PropertyValueSpecification\",\"valueRequired\":true,\"valueName\":\"search_term_string\"}}],\"inLanguage\":\"en-US\"},{\"@type\":\"Organization\",\"@id\":\"https:\\\/\\\/ziontech.com.br\\\/#organization\",\"name\":\"Ziontech\",\"url\":\"https:\\\/\\\/ziontech.com.br\\\/\",\"logo\":{\"@type\":\"ImageObject\",\"inLanguage\":\"en-US\",\"@id\":\"https:\\\/\\\/ziontech.com.br\\\/#\\\/schema\\\/logo\\\/image\\\/\",\"url\":\"https:\\\/\\\/ziontech.com.br\\\/wp-content\\\/uploads\\\/2023\\\/11\\\/LOGO-ZIONTECH-HORIZ-SECUNDARIO.png\",\"contentUrl\":\"https:\\\/\\\/ziontech.com.br\\\/wp-content\\\/uploads\\\/2023\\\/11\\\/LOGO-ZIONTECH-HORIZ-SECUNDARIO.png\",\"width\":3156,\"height\":699,\"caption\":\"Ziontech\"},\"image\":{\"@id\":\"https:\\\/\\\/ziontech.com.br\\\/#\\\/schema\\\/logo\\\/image\\\/\"},\"sameAs\":[\"https:\\\/\\\/www.facebook.com\\\/Ziontechbrasil\\\/\",\"https:\\\/\\\/www.linkedin.com\\\/company\\\/ziontechbr\",\"https:\\\/\\\/www.instagram.com\\\/ziontechbrasil\\\/\"]}]}<\/script>\n<!-- \/ Yoast SEO plugin. -->","yoast_head_json":{"title":"Acess\u00f3rios - Ziontech","robots":{"index":"index","follow":"follow","max-snippet":"max-snippet:-1","max-image-preview":"max-image-preview:large","max-video-preview":"max-video-preview:-1"},"canonical":"https:\/\/ziontech.com.br\/en\/acessorios\/","og_locale":"en_US","og_type":"article","og_title":"Acess\u00f3rios - Ziontech","og_description":"Manuais Acess\u00f3rios Aqui voc\u00ea encontra todos os manuais no formato digital. edit post Acess\u00f3rios Manual de Uso Sistema Integrado de Endoscopia Port\u00e1til &#8211; SIEP edit post Acess\u00f3rios Guia r\u00e1pido de conex\u00e3o para acess\u00f3rios Scopeclean edit post Acess\u00f3rios Bocais &#8211; Manual de Instru\u00e7\u00f5es edit post Acess\u00f3rios Pin\u00e7as de bi\u00f3psia &#8211; Manual de Instru\u00e7\u00f5es edit post Acess\u00f3rios [&hellip;]","og_url":"https:\/\/ziontech.com.br\/en\/acessorios\/","og_site_name":"Ziontech","article_publisher":"https:\/\/www.facebook.com\/Ziontechbrasil\/","article_modified_time":"2024-11-08T12:59:39+00:00","og_image":[{"url":"https:\/\/ziontech.com.br\/wp-content\/uploads\/2024\/10\/Captura-de-tela-2024-10-10-133944.png","type":"","width":"","height":""}],"twitter_card":"summary_large_image","twitter_misc":{"Est. reading time":"3 minutes"},"schema":{"@context":"https:\/\/schema.org","@graph":[{"@type":"WebPage","@id":"https:\/\/ziontech.com.br\/acessorios\/","url":"https:\/\/ziontech.com.br\/acessorios\/","name":"Acess\u00f3rios - Ziontech","isPartOf":{"@id":"https:\/\/ziontech.com.br\/#website"},"primaryImageOfPage":{"@id":"https:\/\/ziontech.com.br\/acessorios\/#primaryimage"},"image":{"@id":"https:\/\/ziontech.com.br\/acessorios\/#primaryimage"},"thumbnailUrl":"https:\/\/ziontech.com.br\/wp-content\/uploads\/2024\/10\/Captura-de-tela-2024-10-10-133944.png","datePublished":"2024-11-08T12:58:59+00:00","dateModified":"2024-11-08T12:59:39+00:00","breadcrumb":{"@id":"https:\/\/ziontech.com.br\/acessorios\/#breadcrumb"},"inLanguage":"en-US","potentialAction":[{"@type":"ReadAction","target":["https:\/\/ziontech.com.br\/acessorios\/"]}]},{"@type":"ImageObject","inLanguage":"en-US","@id":"https:\/\/ziontech.com.br\/acessorios\/#primaryimage","url":"https:\/\/ziontech.com.br\/wp-content\/uploads\/2024\/10\/Captura-de-tela-2024-10-10-133944.png","contentUrl":"https:\/\/ziontech.com.br\/wp-content\/uploads\/2024\/10\/Captura-de-tela-2024-10-10-133944.png"},{"@type":"BreadcrumbList","@id":"https:\/\/ziontech.com.br\/acessorios\/#breadcrumb","itemListElement":[{"@type":"ListItem","position":1,"name":"In\u00edcio","item":"https:\/\/ziontech.com.br\/"},{"@type":"ListItem","position":2,"name":"Acess\u00f3rios"}]},{"@type":"WebSite","@id":"https:\/\/ziontech.com.br\/#website","url":"https:\/\/ziontech.com.br\/","name":"Ziontech","description":"Innovation in Endoscopy","publisher":{"@id":"https:\/\/ziontech.com.br\/#organization"},"potentialAction":[{"@type":"SearchAction","target":{"@type":"EntryPoint","urlTemplate":"https:\/\/ziontech.com.br\/?s={search_term_string}"},"query-input":{"@type":"PropertyValueSpecification","valueRequired":true,"valueName":"search_term_string"}}],"inLanguage":"en-US"},{"@type":"Organization","@id":"https:\/\/ziontech.com.br\/#organization","name":"Ziontech","url":"https:\/\/ziontech.com.br\/","logo":{"@type":"ImageObject","inLanguage":"en-US","@id":"https:\/\/ziontech.com.br\/#\/schema\/logo\/image\/","url":"https:\/\/ziontech.com.br\/wp-content\/uploads\/2023\/11\/LOGO-ZIONTECH-HORIZ-SECUNDARIO.png","contentUrl":"https:\/\/ziontech.com.br\/wp-content\/uploads\/2023\/11\/LOGO-ZIONTECH-HORIZ-SECUNDARIO.png","width":3156,"height":699,"caption":"Ziontech"},"image":{"@id":"https:\/\/ziontech.com.br\/#\/schema\/logo\/image\/"},"sameAs":["https:\/\/www.facebook.com\/Ziontechbrasil\/","https:\/\/www.linkedin.com\/company\/ziontechbr","https:\/\/www.instagram.com\/ziontechbrasil\/"]}]}},"_links":{"self":[{"href":"https:\/\/ziontech.com.br\/en\/wp-json\/wp\/v2\/pages\/8752","targetHints":{"allow":["GET"]}}],"collection":[{"href":"https:\/\/ziontech.com.br\/en\/wp-json\/wp\/v2\/pages"}],"about":[{"href":"https:\/\/ziontech.com.br\/en\/wp-json\/wp\/v2\/types\/page"}],"author":[{"embeddable":true,"href":"https:\/\/ziontech.com.br\/en\/wp-json\/wp\/v2\/users\/1"}],"replies":[{"embeddable":true,"href":"https:\/\/ziontech.com.br\/en\/wp-json\/wp\/v2\/comments?post=8752"}],"version-history":[{"count":10,"href":"https:\/\/ziontech.com.br\/en\/wp-json\/wp\/v2\/pages\/8752\/revisions"}],"predecessor-version":[{"id":8765,"href":"https:\/\/ziontech.com.br\/en\/wp-json\/wp\/v2\/pages\/8752\/revisions\/8765"}],"wp:attachment":[{"href":"https:\/\/ziontech.com.br\/en\/wp-json\/wp\/v2\/media?parent=8752"}],"curies":[{"name":"wp","href":"https:\/\/api.w.org\/{rel}","templated":true}]}}