{"id":9650,"date":"2025-09-28T12:36:28","date_gmt":"2025-09-28T15:36:28","guid":{"rendered":"https:\/\/ziontech.com.br\/?post_type=product&#038;p=9650"},"modified":"2025-11-23T18:01:45","modified_gmt":"2025-11-23T21:01:45","slug":"pinca-de-retirada-de-corpo-estranho-pelicano-descartavel-2-4mm-2300mm-15mm-alton-af-d2423gk","status":"publish","type":"product","link":"https:\/\/ziontech.com.br\/en\/product\/pinca-de-retirada-de-corpo-estranho-pelicano-descartavel-2-4mm-2300mm-15mm-alton-af-d2423gk\/","title":{"rendered":"Pin\u00e7a de Retirada de Corpo Estranho Pelicano Descart\u00e1vel 2.4mm 2300mm 15mm ALTON AF-D2423GK"},"content":{"rendered":"<p><span id=\"idgen-PRODUCTS--1\" class=\"_ngcontent-bfr-23\"><span class=\"_ngcontent-bfr-23\">Modelo: AF-D2423GK<\/span><\/span><\/p>\n<p><span id=\"idgen-PRODUCTS--1\" class=\"_ngcontent-bfr-23\"><span class=\"_ngcontent-bfr-23\">Marca: Alton<\/span><\/span><\/p>\n<p><span id=\"idgen-PRODUCTS--1\" class=\"_ngcontent-bfr-23\"><span class=\"_ngcontent-bfr-23\">Di\u00e2metro da Haste: 2.4mm<\/span><\/span><\/p>\n<p><span id=\"idgen-PRODUCTS--1\" class=\"_ngcontent-bfr-23\"><span class=\"_ngcontent-bfr-23\">Comprimento da Haste: 2300mm<\/span><\/span><\/p>\n<p><span id=\"idgen-PRODUCTS--1\" class=\"_ngcontent-bfr-23\"><span class=\"_ngcontent-bfr-23\">Abertura: 15mm<\/span><\/span><\/p>\n<p><span id=\"idgen-PRODUCTS--1\" class=\"_ngcontent-bfr-23\"><span class=\"_ngcontent-bfr-23\">Canal de trabalho: &gt;2.8mm<\/span><\/span><\/p>\n<p><span id=\"idgen-PRODUCTS--1\" class=\"_ngcontent-bfr-23\"><span class=\"_ngcontent-bfr-23\">N\u00famero Registro ANVISA: 81323699004<\/span><\/span><\/p>\n<p><span id=\"idgen-PRODUCTS--1\" class=\"_ngcontent-bfr-23\"><span class=\"_ngcontent-bfr-23\">Indica\u00e7\u00e3o: Gastroscopia e Colonoscopia<\/span><\/span><\/p>\n<p><span id=\"idgen-PRODUCTS--1\" class=\"_ngcontent-bfr-23\"><span class=\"_ngcontent-bfr-23\">Compre com seguran\u00e7a direto de um distribuidor oficial Alton no Brasil.<\/span><\/span><\/p>\n<p><span id=\"idgen-PRODUCTS--1\" class=\"_ngcontent-bfr-23\"><span class=\"_ngcontent-bfr-23\">Na Ziontech, voc\u00ea encontra estoque nacional, entrega r\u00e1pida e suporte t\u00e9cnico confi\u00e1vel.<\/span><\/span><\/p>\n<p><span id=\"idgen-PRODUCTS--1\" class=\"_ngcontent-bfr-23\"><span class=\"_ngcontent-bfr-23\">Produto original, com registro ANVISA, ideal para procedimentos que exigem efici\u00eancia na remo\u00e7\u00e3o de corpos estranhos e materiais com proced\u00eancia garantida.<\/span><\/span><\/p>\n<p><span id=\"idgen-PRODUCTS--1\" class=\"_ngcontent-bfr-23\"><span class=\"_ngcontent-bfr-23\">Caixa lacrada<\/span><\/span><\/p>\n<p><span id=\"idgen-PRODUCTS--1\" class=\"_ngcontent-bfr-23\"><span class=\"_ngcontent-bfr-23\">Compra com nota fiscal<\/span><\/span><\/p>\n<p><span id=\"idgen-PRODUCTS--1\" class=\"_ngcontent-bfr-23\"><span class=\"_ngcontent-bfr-23\">Condi\u00e7\u00f5es facilitadas<\/span><\/span><\/p>\n<p><span id=\"idgen-PRODUCTS--1\" class=\"_ngcontent-bfr-23\"><span class=\"_ngcontent-bfr-23\">Atendimento t\u00e9cnico especializado<\/span><\/span><\/p>\n<p><span id=\"idgen-PRODUCTS--1\" class=\"_ngcontent-bfr-23\"><span class=\"_ngcontent-bfr-23\">Envio imediato para todo o Brasil.<\/span><\/span><\/p>\n<p><span id=\"idgen-PRODUCTS--1\" class=\"_ngcontent-bfr-23\"><span class=\"_ngcontent-bfr-23\">Fale com nosso time e garanta reposi\u00e7\u00e3o com agilidade.<\/span><\/span><\/p>","protected":false},"excerpt":{"rendered":"<p>Pin\u00e7a de Retirada de Corpo Estranho Pelicano Descart\u00e1vel 2.4mm 2300mm 15mm ALTON AF-D2423GK<\/p>","protected":false},"featured_media":10253,"comment_status":"open","ping_status":"closed","template":"","meta":{"inline_featured_image":false},"product_brand":[40],"product_cat":[42],"product_tag":[41,59],"class_list":{"0":"post-9650","1":"product","2":"type-product","3":"status-publish","4":"has-post-thumbnail","6":"product_brand-alton","7":"product_cat-pincas-de-retirada-de-corpo-estranho","8":"product_tag-pinca-de-retirada-de-corpo-estranho","9":"product_tag-pinca-de-retirada-de-corpo-estranho-pelicano","11":"first","12":"instock","13":"shipping-taxable","14":"purchasable","15":"product-type-simple"},"yoast_head":"<!-- This site is optimized with the Yoast SEO plugin v27.4 - https:\/\/yoast.com\/product\/yoast-seo-wordpress\/ -->\n<title>Pin\u00e7a de Retirada de Corpo Estranho Pelicano Descart\u00e1vel 2.4mm 2300mm 15mm ALTON AF-D2423GK - Ziontech<\/title>\n<meta name=\"robots\" content=\"index, follow, max-snippet:-1, max-image-preview:large, max-video-preview:-1\" \/>\n<link rel=\"canonical\" href=\"https:\/\/ziontech.com.br\/en\/product\/pinca-de-retirada-de-corpo-estranho-pelicano-descartavel-2-4mm-2300mm-15mm-alton-af-d2423gk\/\" \/>\n<meta property=\"og:locale\" content=\"en_US\" \/>\n<meta property=\"og:type\" content=\"article\" \/>\n<meta property=\"og:title\" content=\"Pin\u00e7a de Retirada de Corpo Estranho Pelicano Descart\u00e1vel 2.4mm 2300mm 15mm ALTON AF-D2423GK - Ziontech\" \/>\n<meta property=\"og:description\" content=\"Pin\u00e7a de Retirada de Corpo Estranho Pelicano Descart\u00e1vel 2.4mm 2300mm 15mm ALTON AF-D2423GK\" \/>\n<meta property=\"og:url\" content=\"https:\/\/ziontech.com.br\/en\/product\/pinca-de-retirada-de-corpo-estranho-pelicano-descartavel-2-4mm-2300mm-15mm-alton-af-d2423gk\/\" \/>\n<meta property=\"og:site_name\" content=\"Ziontech\" \/>\n<meta property=\"article:publisher\" content=\"https:\/\/www.facebook.com\/Ziontechbrasil\/\" \/>\n<meta property=\"article:modified_time\" content=\"2025-11-23T21:01:45+00:00\" \/>\n<meta property=\"og:image\" content=\"https:\/\/ziontech.com.br\/wp-content\/uploads\/2025\/09\/Retirada-de-Corpo-Estranho-Pelicano-Descartavel-Alton_Ziontech-transp-1.png\" \/>\n\t<meta property=\"og:image:width\" content=\"800\" \/>\n\t<meta property=\"og:image:height\" content=\"800\" \/>\n\t<meta property=\"og:image:type\" content=\"image\/png\" \/>\n<meta name=\"twitter:card\" content=\"summary_large_image\" \/>\n<meta name=\"twitter:label1\" content=\"Est. reading time\" \/>\n\t<meta name=\"twitter:data1\" content=\"1 minute\" \/>\n<script type=\"application\/ld+json\" class=\"yoast-schema-graph\">{\"@context\":\"https:\\\/\\\/schema.org\",\"@graph\":[{\"@type\":\"WebPage\",\"@id\":\"https:\\\/\\\/ziontech.com.br\\\/produto\\\/pinca-de-retirada-de-corpo-estranho-pelicano-descartavel-2-4mm-2300mm-15mm-alton-af-d2423gk\\\/\",\"url\":\"https:\\\/\\\/ziontech.com.br\\\/produto\\\/pinca-de-retirada-de-corpo-estranho-pelicano-descartavel-2-4mm-2300mm-15mm-alton-af-d2423gk\\\/\",\"name\":\"Pin\u00e7a de Retirada de Corpo Estranho Pelicano Descart\u00e1vel 2.4mm 2300mm 15mm ALTON AF-D2423GK - Ziontech\",\"isPartOf\":{\"@id\":\"https:\\\/\\\/ziontech.com.br\\\/#website\"},\"primaryImageOfPage\":{\"@id\":\"https:\\\/\\\/ziontech.com.br\\\/produto\\\/pinca-de-retirada-de-corpo-estranho-pelicano-descartavel-2-4mm-2300mm-15mm-alton-af-d2423gk\\\/#primaryimage\"},\"image\":{\"@id\":\"https:\\\/\\\/ziontech.com.br\\\/produto\\\/pinca-de-retirada-de-corpo-estranho-pelicano-descartavel-2-4mm-2300mm-15mm-alton-af-d2423gk\\\/#primaryimage\"},\"thumbnailUrl\":\"https:\\\/\\\/ziontech.com.br\\\/wp-content\\\/uploads\\\/2025\\\/09\\\/Retirada-de-Corpo-Estranho-Pelicano-Descartavel-Alton_Ziontech-transp-1.png\",\"datePublished\":\"2025-09-28T15:36:28+00:00\",\"dateModified\":\"2025-11-23T21:01:45+00:00\",\"breadcrumb\":{\"@id\":\"https:\\\/\\\/ziontech.com.br\\\/produto\\\/pinca-de-retirada-de-corpo-estranho-pelicano-descartavel-2-4mm-2300mm-15mm-alton-af-d2423gk\\\/#breadcrumb\"},\"inLanguage\":\"en-US\",\"potentialAction\":[{\"@type\":\"ReadAction\",\"target\":[\"https:\\\/\\\/ziontech.com.br\\\/produto\\\/pinca-de-retirada-de-corpo-estranho-pelicano-descartavel-2-4mm-2300mm-15mm-alton-af-d2423gk\\\/\"]}]},{\"@type\":\"ImageObject\",\"inLanguage\":\"en-US\",\"@id\":\"https:\\\/\\\/ziontech.com.br\\\/produto\\\/pinca-de-retirada-de-corpo-estranho-pelicano-descartavel-2-4mm-2300mm-15mm-alton-af-d2423gk\\\/#primaryimage\",\"url\":\"https:\\\/\\\/ziontech.com.br\\\/wp-content\\\/uploads\\\/2025\\\/09\\\/Retirada-de-Corpo-Estranho-Pelicano-Descartavel-Alton_Ziontech-transp-1.png\",\"contentUrl\":\"https:\\\/\\\/ziontech.com.br\\\/wp-content\\\/uploads\\\/2025\\\/09\\\/Retirada-de-Corpo-Estranho-Pelicano-Descartavel-Alton_Ziontech-transp-1.png\",\"width\":800,\"height\":800,\"caption\":\"Pin\u00e7a de Retirada de Corpo Estranho Pelicano Descart\u00e1vel 2.4mm 2300mm 15mm ALTON AF-D2423GK\"},{\"@type\":\"BreadcrumbList\",\"@id\":\"https:\\\/\\\/ziontech.com.br\\\/produto\\\/pinca-de-retirada-de-corpo-estranho-pelicano-descartavel-2-4mm-2300mm-15mm-alton-af-d2423gk\\\/#breadcrumb\",\"itemListElement\":[{\"@type\":\"ListItem\",\"position\":1,\"name\":\"In\u00edcio\",\"item\":\"https:\\\/\\\/ziontech.com.br\\\/\"},{\"@type\":\"ListItem\",\"position\":2,\"name\":\"Loja\",\"item\":\"https:\\\/\\\/ziontech.com.br\\\/loja\\\/\"},{\"@type\":\"ListItem\",\"position\":3,\"name\":\"Pin\u00e7a de Retirada de Corpo Estranho Pelicano Descart\u00e1vel 2.4mm 2300mm 15mm ALTON AF-D2423GK\"}]},{\"@type\":\"WebSite\",\"@id\":\"https:\\\/\\\/ziontech.com.br\\\/#website\",\"url\":\"https:\\\/\\\/ziontech.com.br\\\/\",\"name\":\"Ziontech\",\"description\":\"Inova\u00e7\u00e3o em Endoscopia\",\"publisher\":{\"@id\":\"https:\\\/\\\/ziontech.com.br\\\/#organization\"},\"potentialAction\":[{\"@type\":\"SearchAction\",\"target\":{\"@type\":\"EntryPoint\",\"urlTemplate\":\"https:\\\/\\\/ziontech.com.br\\\/?s={search_term_string}\"},\"query-input\":{\"@type\":\"PropertyValueSpecification\",\"valueRequired\":true,\"valueName\":\"search_term_string\"}}],\"inLanguage\":\"en-US\"},{\"@type\":\"Organization\",\"@id\":\"https:\\\/\\\/ziontech.com.br\\\/#organization\",\"name\":\"Ziontech\",\"url\":\"https:\\\/\\\/ziontech.com.br\\\/\",\"logo\":{\"@type\":\"ImageObject\",\"inLanguage\":\"en-US\",\"@id\":\"https:\\\/\\\/ziontech.com.br\\\/#\\\/schema\\\/logo\\\/image\\\/\",\"url\":\"https:\\\/\\\/ziontech.com.br\\\/wp-content\\\/uploads\\\/2023\\\/11\\\/LOGO-ZIONTECH-HORIZ-SECUNDARIO.png\",\"contentUrl\":\"https:\\\/\\\/ziontech.com.br\\\/wp-content\\\/uploads\\\/2023\\\/11\\\/LOGO-ZIONTECH-HORIZ-SECUNDARIO.png\",\"width\":3156,\"height\":699,\"caption\":\"Ziontech\"},\"image\":{\"@id\":\"https:\\\/\\\/ziontech.com.br\\\/#\\\/schema\\\/logo\\\/image\\\/\"},\"sameAs\":[\"https:\\\/\\\/www.facebook.com\\\/Ziontechbrasil\\\/\",\"https:\\\/\\\/www.linkedin.com\\\/company\\\/ziontechbr\",\"https:\\\/\\\/www.instagram.com\\\/ziontechbrasil\\\/\"]}]}<\/script>\n<!-- \/ Yoast SEO plugin. -->","yoast_head_json":{"title":"Pin\u00e7a de Retirada de Corpo Estranho Pelicano Descart\u00e1vel 2.4mm 2300mm 15mm ALTON AF-D2423GK - Ziontech","robots":{"index":"index","follow":"follow","max-snippet":"max-snippet:-1","max-image-preview":"max-image-preview:large","max-video-preview":"max-video-preview:-1"},"canonical":"https:\/\/ziontech.com.br\/en\/product\/pinca-de-retirada-de-corpo-estranho-pelicano-descartavel-2-4mm-2300mm-15mm-alton-af-d2423gk\/","og_locale":"en_US","og_type":"article","og_title":"Pin\u00e7a de Retirada de Corpo Estranho Pelicano Descart\u00e1vel 2.4mm 2300mm 15mm ALTON AF-D2423GK - Ziontech","og_description":"Pin\u00e7a de Retirada de Corpo Estranho Pelicano Descart\u00e1vel 2.4mm 2300mm 15mm ALTON AF-D2423GK","og_url":"https:\/\/ziontech.com.br\/en\/product\/pinca-de-retirada-de-corpo-estranho-pelicano-descartavel-2-4mm-2300mm-15mm-alton-af-d2423gk\/","og_site_name":"Ziontech","article_publisher":"https:\/\/www.facebook.com\/Ziontechbrasil\/","article_modified_time":"2025-11-23T21:01:45+00:00","og_image":[{"width":800,"height":800,"url":"https:\/\/ziontech.com.br\/wp-content\/uploads\/2025\/09\/Retirada-de-Corpo-Estranho-Pelicano-Descartavel-Alton_Ziontech-transp-1.png","type":"image\/png"}],"twitter_card":"summary_large_image","twitter_misc":{"Est. reading time":"1 minute"},"schema":{"@context":"https:\/\/schema.org","@graph":[{"@type":"WebPage","@id":"https:\/\/ziontech.com.br\/produto\/pinca-de-retirada-de-corpo-estranho-pelicano-descartavel-2-4mm-2300mm-15mm-alton-af-d2423gk\/","url":"https:\/\/ziontech.com.br\/produto\/pinca-de-retirada-de-corpo-estranho-pelicano-descartavel-2-4mm-2300mm-15mm-alton-af-d2423gk\/","name":"Pin\u00e7a de Retirada de Corpo Estranho Pelicano Descart\u00e1vel 2.4mm 2300mm 15mm ALTON AF-D2423GK - Ziontech","isPartOf":{"@id":"https:\/\/ziontech.com.br\/#website"},"primaryImageOfPage":{"@id":"https:\/\/ziontech.com.br\/produto\/pinca-de-retirada-de-corpo-estranho-pelicano-descartavel-2-4mm-2300mm-15mm-alton-af-d2423gk\/#primaryimage"},"image":{"@id":"https:\/\/ziontech.com.br\/produto\/pinca-de-retirada-de-corpo-estranho-pelicano-descartavel-2-4mm-2300mm-15mm-alton-af-d2423gk\/#primaryimage"},"thumbnailUrl":"https:\/\/ziontech.com.br\/wp-content\/uploads\/2025\/09\/Retirada-de-Corpo-Estranho-Pelicano-Descartavel-Alton_Ziontech-transp-1.png","datePublished":"2025-09-28T15:36:28+00:00","dateModified":"2025-11-23T21:01:45+00:00","breadcrumb":{"@id":"https:\/\/ziontech.com.br\/produto\/pinca-de-retirada-de-corpo-estranho-pelicano-descartavel-2-4mm-2300mm-15mm-alton-af-d2423gk\/#breadcrumb"},"inLanguage":"en-US","potentialAction":[{"@type":"ReadAction","target":["https:\/\/ziontech.com.br\/produto\/pinca-de-retirada-de-corpo-estranho-pelicano-descartavel-2-4mm-2300mm-15mm-alton-af-d2423gk\/"]}]},{"@type":"ImageObject","inLanguage":"en-US","@id":"https:\/\/ziontech.com.br\/produto\/pinca-de-retirada-de-corpo-estranho-pelicano-descartavel-2-4mm-2300mm-15mm-alton-af-d2423gk\/#primaryimage","url":"https:\/\/ziontech.com.br\/wp-content\/uploads\/2025\/09\/Retirada-de-Corpo-Estranho-Pelicano-Descartavel-Alton_Ziontech-transp-1.png","contentUrl":"https:\/\/ziontech.com.br\/wp-content\/uploads\/2025\/09\/Retirada-de-Corpo-Estranho-Pelicano-Descartavel-Alton_Ziontech-transp-1.png","width":800,"height":800,"caption":"Pin\u00e7a de Retirada de Corpo Estranho Pelicano Descart\u00e1vel 2.4mm 2300mm 15mm ALTON AF-D2423GK"},{"@type":"BreadcrumbList","@id":"https:\/\/ziontech.com.br\/produto\/pinca-de-retirada-de-corpo-estranho-pelicano-descartavel-2-4mm-2300mm-15mm-alton-af-d2423gk\/#breadcrumb","itemListElement":[{"@type":"ListItem","position":1,"name":"In\u00edcio","item":"https:\/\/ziontech.com.br\/"},{"@type":"ListItem","position":2,"name":"Loja","item":"https:\/\/ziontech.com.br\/loja\/"},{"@type":"ListItem","position":3,"name":"Pin\u00e7a de Retirada de Corpo Estranho Pelicano Descart\u00e1vel 2.4mm 2300mm 15mm ALTON AF-D2423GK"}]},{"@type":"WebSite","@id":"https:\/\/ziontech.com.br\/#website","url":"https:\/\/ziontech.com.br\/","name":"Ziontech","description":"Innovation in Endoscopy","publisher":{"@id":"https:\/\/ziontech.com.br\/#organization"},"potentialAction":[{"@type":"SearchAction","target":{"@type":"EntryPoint","urlTemplate":"https:\/\/ziontech.com.br\/?s={search_term_string}"},"query-input":{"@type":"PropertyValueSpecification","valueRequired":true,"valueName":"search_term_string"}}],"inLanguage":"en-US"},{"@type":"Organization","@id":"https:\/\/ziontech.com.br\/#organization","name":"Ziontech","url":"https:\/\/ziontech.com.br\/","logo":{"@type":"ImageObject","inLanguage":"en-US","@id":"https:\/\/ziontech.com.br\/#\/schema\/logo\/image\/","url":"https:\/\/ziontech.com.br\/wp-content\/uploads\/2023\/11\/LOGO-ZIONTECH-HORIZ-SECUNDARIO.png","contentUrl":"https:\/\/ziontech.com.br\/wp-content\/uploads\/2023\/11\/LOGO-ZIONTECH-HORIZ-SECUNDARIO.png","width":3156,"height":699,"caption":"Ziontech"},"image":{"@id":"https:\/\/ziontech.com.br\/#\/schema\/logo\/image\/"},"sameAs":["https:\/\/www.facebook.com\/Ziontechbrasil\/","https:\/\/www.linkedin.com\/company\/ziontechbr","https:\/\/www.instagram.com\/ziontechbrasil\/"]}]}},"_links":{"self":[{"href":"https:\/\/ziontech.com.br\/en\/wp-json\/wp\/v2\/product\/9650","targetHints":{"allow":["GET"]}}],"collection":[{"href":"https:\/\/ziontech.com.br\/en\/wp-json\/wp\/v2\/product"}],"about":[{"href":"https:\/\/ziontech.com.br\/en\/wp-json\/wp\/v2\/types\/product"}],"replies":[{"embeddable":true,"href":"https:\/\/ziontech.com.br\/en\/wp-json\/wp\/v2\/comments?post=9650"}],"wp:featuredmedia":[{"embeddable":true,"href":"https:\/\/ziontech.com.br\/en\/wp-json\/wp\/v2\/media\/10253"}],"wp:attachment":[{"href":"https:\/\/ziontech.com.br\/en\/wp-json\/wp\/v2\/media?parent=9650"}],"wp:term":[{"taxonomy":"product_brand","embeddable":true,"href":"https:\/\/ziontech.com.br\/en\/wp-json\/wp\/v2\/product_brand?post=9650"},{"taxonomy":"product_cat","embeddable":true,"href":"https:\/\/ziontech.com.br\/en\/wp-json\/wp\/v2\/product_cat?post=9650"},{"taxonomy":"product_tag","embeddable":true,"href":"https:\/\/ziontech.com.br\/en\/wp-json\/wp\/v2\/product_tag?post=9650"}],"curies":[{"name":"wp","href":"https:\/\/api.w.org\/{rel}","templated":true}]}}