{"id":1779,"date":"2023-12-08T20:08:46","date_gmt":"2023-12-08T23:08:46","guid":{"rendered":"https:\/\/ziontech.revforce.com.br\/?page_id=1779"},"modified":"2024-02-27T19:07:54","modified_gmt":"2024-02-27T22:07:54","slug":"area-humana","status":"publish","type":"page","link":"https:\/\/ziontech.com.br\/es\/area-humana\/","title":{"rendered":"\u00c1rea humana"},"content":{"rendered":"<div data-elementor-type=\"wp-page\" data-elementor-id=\"1779\" class=\"elementor elementor-1779\" data-elementor-post-type=\"page\">\n\t\t\t\t\t\t<section class=\"elementor-section elementor-top-section elementor-element elementor-element-485e939 elementor-section-boxed elementor-section-height-default elementor-section-height-default\" data-id=\"485e939\" data-element_type=\"section\" data-e-type=\"section\" data-settings=\"{&quot;background_background&quot;:&quot;classic&quot;}\">\n\t\t\t\t\t\t\t<div class=\"elementor-background-overlay\"><\/div>\n\t\t\t\t\t\t\t<div class=\"elementor-container elementor-column-gap-default\">\n\t\t\t\t\t<div class=\"elementor-column elementor-col-100 elementor-top-column elementor-element elementor-element-962be42\" data-id=\"962be42\" data-element_type=\"column\" data-e-type=\"column\">\n\t\t\t<div class=\"elementor-widget-wrap elementor-element-populated\">\n\t\t\t\t\t\t<section class=\"elementor-section elementor-inner-section elementor-element elementor-element-e1a7647 elementor-section-boxed elementor-section-height-default elementor-section-height-default\" data-id=\"e1a7647\" data-element_type=\"section\" data-e-type=\"section\" data-settings=\"{&quot;background_background&quot;:&quot;classic&quot;}\">\n\t\t\t\t\t\t<div class=\"elementor-container elementor-column-gap-default\">\n\t\t\t\t\t<div class=\"elementor-column elementor-col-100 elementor-inner-column elementor-element elementor-element-61c3b82\" data-id=\"61c3b82\" data-element_type=\"column\" data-e-type=\"column\">\n\t\t\t<div class=\"elementor-widget-wrap elementor-element-populated\">\n\t\t\t\t\t\t<section class=\"elementor-section elementor-inner-section elementor-element elementor-element-b5ed0a6 elementor-section-boxed elementor-section-height-default elementor-section-height-default\" data-id=\"b5ed0a6\" data-element_type=\"section\" data-e-type=\"section\">\n\t\t\t\t\t\t<div class=\"elementor-container elementor-column-gap-default\">\n\t\t\t\t\t<div class=\"elementor-column elementor-col-100 elementor-inner-column elementor-element elementor-element-3756b3c\" data-id=\"3756b3c\" data-element_type=\"column\" data-e-type=\"column\">\n\t\t\t<div class=\"elementor-widget-wrap elementor-element-populated\">\n\t\t\t\t\t\t<div class=\"elementor-element elementor-element-adca2c5 elementor-invisible elementor-widget elementor-widget-heading\" data-id=\"adca2c5\" data-element_type=\"widget\" data-e-type=\"widget\" data-settings=\"{&quot;_animation&quot;:&quot;fadeIn&quot;}\" data-widget_type=\"heading.default\">\n\t\t\t\t<div class=\"elementor-widget-container\">\n\t\t\t\t\t<h1 class=\"elementor-heading-title elementor-size-default\">\u00c1rea humana<\/h1>\t\t\t\t<\/div>\n\t\t\t\t<\/div>\n\t\t\t\t<div class=\"elementor-element elementor-element-0cc6572 elementor-widget elementor-widget-text-editor\" data-id=\"0cc6572\" data-element_type=\"widget\" data-e-type=\"widget\" data-widget_type=\"text-editor.default\">\n\t\t\t\t<div class=\"elementor-widget-container\">\n\t\t\t\t\t\t\t\t\t<p>Explora soluciones de calidad supereficientes para tus procedimientos.<\/p>\t\t\t\t\t\t\t\t<\/div>\n\t\t\t\t<\/div>\n\t\t\t\t<div class=\"elementor-element elementor-element-7f6d8db elementor-mobile-align-justify elementor-align-center elementor-absolute elementor-widget elementor-widget-button\" data-id=\"7f6d8db\" data-element_type=\"widget\" data-e-type=\"widget\" data-settings=\"{&quot;_position&quot;:&quot;absolute&quot;}\" data-widget_type=\"button.default\">\n\t\t\t\t<div class=\"elementor-widget-container\">\n\t\t\t\t\t\t\t\t\t<div class=\"elementor-button-wrapper\">\n\t\t\t\t\t<a class=\"elementor-button elementor-button-link elementor-size-sm\" href=\"#\">\n\t\t\t\t\t\t<span class=\"elementor-button-content-wrapper\">\n\t\t\t\t\t\t\t\t\t<span class=\"elementor-button-text\">Solicitar una cotizaci\u00f3n<\/span>\n\t\t\t\t\t<\/span>\n\t\t\t\t\t<\/a>\n\t\t\t\t<\/div>\n\t\t\t\t\t\t\t\t<\/div>\n\t\t\t\t<\/div>\n\t\t\t\t<div class=\"elementor-element elementor-element-83dea7e elementor-widget elementor-widget-image\" data-id=\"83dea7e\" data-element_type=\"widget\" data-e-type=\"widget\" data-widget_type=\"image.default\">\n\t\t\t\t<div class=\"elementor-widget-container\">\n\t\t\t\t\t\t\t\t\t\t\t\t\t\t\t<img decoding=\"async\" src=\"https:\/\/ziontech.com.br\/wp-content\/uploads\/elementor\/thumbs\/medium-shot-scientists-posing-together-1-qfsep4guxlit5t6em0ll125xpk9kwuv3zlpx5slbnk.jpg\" title=\"foto-media-cient\u00edficos-posando-juntos (1)\" alt=\"medium-shot-scientists-posing-together (1)\" loading=\"lazy\" \/>\t\t\t\t\t\t\t\t\t\t\t\t\t\t\t<\/div>\n\t\t\t\t<\/div>\n\t\t\t\t\t<\/div>\n\t\t<\/div>\n\t\t\t\t\t<\/div>\n\t\t<\/section>\n\t\t\t\t\t<\/div>\n\t\t<\/div>\n\t\t\t\t\t<\/div>\n\t\t<\/section>\n\t\t\t\t\t<\/div>\n\t\t<\/div>\n\t\t\t\t\t<\/div>\n\t\t<\/section>\n\t\t\t\t<\/div>","protected":false},"excerpt":{"rendered":"<p>\u00c1rea Humana Explore solu\u00e7\u00f5es de qualidade super eficientes para seus procedimentos. Solicitar proposta<\/p>","protected":false},"author":1,"featured_media":0,"parent":0,"menu_order":0,"comment_status":"closed","ping_status":"closed","template":"elementor_header_footer","meta":{"inline_featured_image":false,"footnotes":""},"class_list":["post-1779","page","type-page","status-publish","hentry"],"yoast_head":"<!-- This site is optimized with the Yoast SEO plugin v27.4 - https:\/\/yoast.com\/product\/yoast-seo-wordpress\/ -->\n<title>\u00c1rea Humana - Ziontech<\/title>\n<meta name=\"robots\" content=\"index, follow, max-snippet:-1, max-image-preview:large, max-video-preview:-1\" \/>\n<link rel=\"canonical\" href=\"https:\/\/ziontech.com.br\/es\/area-humana\/\" \/>\n<meta property=\"og:locale\" content=\"es_ES\" \/>\n<meta property=\"og:type\" content=\"article\" \/>\n<meta property=\"og:title\" content=\"\u00c1rea Humana - Ziontech\" \/>\n<meta property=\"og:description\" content=\"\u00c1rea Humana Explore solu\u00e7\u00f5es de qualidade super eficientes para seus procedimentos. Solicitar proposta\" \/>\n<meta property=\"og:url\" content=\"https:\/\/ziontech.com.br\/es\/area-humana\/\" \/>\n<meta property=\"og:site_name\" content=\"Ziontech\" \/>\n<meta property=\"article:publisher\" content=\"https:\/\/www.facebook.com\/Ziontechbrasil\/\" \/>\n<meta property=\"article:modified_time\" content=\"2024-02-27T22:07:54+00:00\" \/>\n<meta property=\"og:image\" content=\"http:\/\/ziontech.revforce.com.br\/wp-content\/uploads\/elementor\/thumbs\/medium-shot-scientists-posing-together-1-qfsep5ep4fk3hf51gj07ljxeay4y4jyubqden2jxhc.jpg\" \/>\n<meta name=\"twitter:card\" content=\"summary_large_image\" \/>\n<script type=\"application\/ld+json\" class=\"yoast-schema-graph\">{\"@context\":\"https:\\\/\\\/schema.org\",\"@graph\":[{\"@type\":\"WebPage\",\"@id\":\"https:\\\/\\\/ziontech.com.br\\\/area-humana\\\/\",\"url\":\"https:\\\/\\\/ziontech.com.br\\\/area-humana\\\/\",\"name\":\"\u00c1rea Humana - Ziontech\",\"isPartOf\":{\"@id\":\"https:\\\/\\\/ziontech.com.br\\\/#website\"},\"primaryImageOfPage\":{\"@id\":\"https:\\\/\\\/ziontech.com.br\\\/area-humana\\\/#primaryimage\"},\"image\":{\"@id\":\"https:\\\/\\\/ziontech.com.br\\\/area-humana\\\/#primaryimage\"},\"thumbnailUrl\":\"http:\\\/\\\/ziontech.revforce.com.br\\\/wp-content\\\/uploads\\\/elementor\\\/thumbs\\\/medium-shot-scientists-posing-together-1-qfsep5ep4fk3hf51gj07ljxeay4y4jyubqden2jxhc.jpg\",\"datePublished\":\"2023-12-08T23:08:46+00:00\",\"dateModified\":\"2024-02-27T22:07:54+00:00\",\"breadcrumb\":{\"@id\":\"https:\\\/\\\/ziontech.com.br\\\/area-humana\\\/#breadcrumb\"},\"inLanguage\":\"es\",\"potentialAction\":[{\"@type\":\"ReadAction\",\"target\":[\"https:\\\/\\\/ziontech.com.br\\\/area-humana\\\/\"]}]},{\"@type\":\"ImageObject\",\"inLanguage\":\"es\",\"@id\":\"https:\\\/\\\/ziontech.com.br\\\/area-humana\\\/#primaryimage\",\"url\":\"http:\\\/\\\/ziontech.revforce.com.br\\\/wp-content\\\/uploads\\\/elementor\\\/thumbs\\\/medium-shot-scientists-posing-together-1-qfsep5ep4fk3hf51gj07ljxeay4y4jyubqden2jxhc.jpg\",\"contentUrl\":\"http:\\\/\\\/ziontech.revforce.com.br\\\/wp-content\\\/uploads\\\/elementor\\\/thumbs\\\/medium-shot-scientists-posing-together-1-qfsep5ep4fk3hf51gj07ljxeay4y4jyubqden2jxhc.jpg\"},{\"@type\":\"BreadcrumbList\",\"@id\":\"https:\\\/\\\/ziontech.com.br\\\/area-humana\\\/#breadcrumb\",\"itemListElement\":[{\"@type\":\"ListItem\",\"position\":1,\"name\":\"In\u00edcio\",\"item\":\"https:\\\/\\\/ziontech.com.br\\\/\"},{\"@type\":\"ListItem\",\"position\":2,\"name\":\"\u00c1rea Humana\"}]},{\"@type\":\"WebSite\",\"@id\":\"https:\\\/\\\/ziontech.com.br\\\/#website\",\"url\":\"https:\\\/\\\/ziontech.com.br\\\/\",\"name\":\"Ziontech\",\"description\":\"Inova\u00e7\u00e3o em Endoscopia\",\"publisher\":{\"@id\":\"https:\\\/\\\/ziontech.com.br\\\/#organization\"},\"potentialAction\":[{\"@type\":\"SearchAction\",\"target\":{\"@type\":\"EntryPoint\",\"urlTemplate\":\"https:\\\/\\\/ziontech.com.br\\\/?s={search_term_string}\"},\"query-input\":{\"@type\":\"PropertyValueSpecification\",\"valueRequired\":true,\"valueName\":\"search_term_string\"}}],\"inLanguage\":\"es\"},{\"@type\":\"Organization\",\"@id\":\"https:\\\/\\\/ziontech.com.br\\\/#organization\",\"name\":\"Ziontech\",\"url\":\"https:\\\/\\\/ziontech.com.br\\\/\",\"logo\":{\"@type\":\"ImageObject\",\"inLanguage\":\"es\",\"@id\":\"https:\\\/\\\/ziontech.com.br\\\/#\\\/schema\\\/logo\\\/image\\\/\",\"url\":\"https:\\\/\\\/ziontech.com.br\\\/wp-content\\\/uploads\\\/2023\\\/11\\\/LOGO-ZIONTECH-HORIZ-SECUNDARIO.png\",\"contentUrl\":\"https:\\\/\\\/ziontech.com.br\\\/wp-content\\\/uploads\\\/2023\\\/11\\\/LOGO-ZIONTECH-HORIZ-SECUNDARIO.png\",\"width\":3156,\"height\":699,\"caption\":\"Ziontech\"},\"image\":{\"@id\":\"https:\\\/\\\/ziontech.com.br\\\/#\\\/schema\\\/logo\\\/image\\\/\"},\"sameAs\":[\"https:\\\/\\\/www.facebook.com\\\/Ziontechbrasil\\\/\",\"https:\\\/\\\/www.linkedin.com\\\/company\\\/ziontechbr\",\"https:\\\/\\\/www.instagram.com\\\/ziontechbrasil\\\/\"]}]}<\/script>\n<!-- \/ Yoast SEO plugin. -->","yoast_head_json":{"title":"\u00c1rea Humana - Ziontech","robots":{"index":"index","follow":"follow","max-snippet":"max-snippet:-1","max-image-preview":"max-image-preview:large","max-video-preview":"max-video-preview:-1"},"canonical":"https:\/\/ziontech.com.br\/es\/area-humana\/","og_locale":"es_ES","og_type":"article","og_title":"\u00c1rea Humana - Ziontech","og_description":"\u00c1rea Humana Explore solu\u00e7\u00f5es de qualidade super eficientes para seus procedimentos. Solicitar proposta","og_url":"https:\/\/ziontech.com.br\/es\/area-humana\/","og_site_name":"Ziontech","article_publisher":"https:\/\/www.facebook.com\/Ziontechbrasil\/","article_modified_time":"2024-02-27T22:07:54+00:00","og_image":[{"url":"http:\/\/ziontech.revforce.com.br\/wp-content\/uploads\/elementor\/thumbs\/medium-shot-scientists-posing-together-1-qfsep5ep4fk3hf51gj07ljxeay4y4jyubqden2jxhc.jpg","type":"","width":"","height":""}],"twitter_card":"summary_large_image","schema":{"@context":"https:\/\/schema.org","@graph":[{"@type":"WebPage","@id":"https:\/\/ziontech.com.br\/area-humana\/","url":"https:\/\/ziontech.com.br\/area-humana\/","name":"\u00c1rea Humana - Ziontech","isPartOf":{"@id":"https:\/\/ziontech.com.br\/#website"},"primaryImageOfPage":{"@id":"https:\/\/ziontech.com.br\/area-humana\/#primaryimage"},"image":{"@id":"https:\/\/ziontech.com.br\/area-humana\/#primaryimage"},"thumbnailUrl":"http:\/\/ziontech.revforce.com.br\/wp-content\/uploads\/elementor\/thumbs\/medium-shot-scientists-posing-together-1-qfsep5ep4fk3hf51gj07ljxeay4y4jyubqden2jxhc.jpg","datePublished":"2023-12-08T23:08:46+00:00","dateModified":"2024-02-27T22:07:54+00:00","breadcrumb":{"@id":"https:\/\/ziontech.com.br\/area-humana\/#breadcrumb"},"inLanguage":"es","potentialAction":[{"@type":"ReadAction","target":["https:\/\/ziontech.com.br\/area-humana\/"]}]},{"@type":"ImageObject","inLanguage":"es","@id":"https:\/\/ziontech.com.br\/area-humana\/#primaryimage","url":"http:\/\/ziontech.revforce.com.br\/wp-content\/uploads\/elementor\/thumbs\/medium-shot-scientists-posing-together-1-qfsep5ep4fk3hf51gj07ljxeay4y4jyubqden2jxhc.jpg","contentUrl":"http:\/\/ziontech.revforce.com.br\/wp-content\/uploads\/elementor\/thumbs\/medium-shot-scientists-posing-together-1-qfsep5ep4fk3hf51gj07ljxeay4y4jyubqden2jxhc.jpg"},{"@type":"BreadcrumbList","@id":"https:\/\/ziontech.com.br\/area-humana\/#breadcrumb","itemListElement":[{"@type":"ListItem","position":1,"name":"In\u00edcio","item":"https:\/\/ziontech.com.br\/"},{"@type":"ListItem","position":2,"name":"\u00c1rea Humana"}]},{"@type":"WebSite","@id":"https:\/\/ziontech.com.br\/#website","url":"https:\/\/ziontech.com.br\/","name":"Ziontech","description":"Innovaci\u00f3n en Endoscopia","publisher":{"@id":"https:\/\/ziontech.com.br\/#organization"},"potentialAction":[{"@type":"SearchAction","target":{"@type":"EntryPoint","urlTemplate":"https:\/\/ziontech.com.br\/?s={search_term_string}"},"query-input":{"@type":"PropertyValueSpecification","valueRequired":true,"valueName":"search_term_string"}}],"inLanguage":"es"},{"@type":"Organization","@id":"https:\/\/ziontech.com.br\/#organization","name":"Ziontech","url":"https:\/\/ziontech.com.br\/","logo":{"@type":"ImageObject","inLanguage":"es","@id":"https:\/\/ziontech.com.br\/#\/schema\/logo\/image\/","url":"https:\/\/ziontech.com.br\/wp-content\/uploads\/2023\/11\/LOGO-ZIONTECH-HORIZ-SECUNDARIO.png","contentUrl":"https:\/\/ziontech.com.br\/wp-content\/uploads\/2023\/11\/LOGO-ZIONTECH-HORIZ-SECUNDARIO.png","width":3156,"height":699,"caption":"Ziontech"},"image":{"@id":"https:\/\/ziontech.com.br\/#\/schema\/logo\/image\/"},"sameAs":["https:\/\/www.facebook.com\/Ziontechbrasil\/","https:\/\/www.linkedin.com\/company\/ziontechbr","https:\/\/www.instagram.com\/ziontechbrasil\/"]}]}},"_links":{"self":[{"href":"https:\/\/ziontech.com.br\/es\/wp-json\/wp\/v2\/pages\/1779","targetHints":{"allow":["GET"]}}],"collection":[{"href":"https:\/\/ziontech.com.br\/es\/wp-json\/wp\/v2\/pages"}],"about":[{"href":"https:\/\/ziontech.com.br\/es\/wp-json\/wp\/v2\/types\/page"}],"author":[{"embeddable":true,"href":"https:\/\/ziontech.com.br\/es\/wp-json\/wp\/v2\/users\/1"}],"replies":[{"embeddable":true,"href":"https:\/\/ziontech.com.br\/es\/wp-json\/wp\/v2\/comments?post=1779"}],"version-history":[{"count":1,"href":"https:\/\/ziontech.com.br\/es\/wp-json\/wp\/v2\/pages\/1779\/revisions"}],"predecessor-version":[{"id":5001,"href":"https:\/\/ziontech.com.br\/es\/wp-json\/wp\/v2\/pages\/1779\/revisions\/5001"}],"wp:attachment":[{"href":"https:\/\/ziontech.com.br\/es\/wp-json\/wp\/v2\/media?parent=1779"}],"curies":[{"name":"wp","href":"https:\/\/api.w.org\/{rel}","templated":true}]}}