{"id":8805,"date":"2024-11-26T15:47:41","date_gmt":"2024-11-26T18:47:41","guid":{"rendered":"https:\/\/ziontech.com.br\/?page_id=8805"},"modified":"2024-11-26T15:49:09","modified_gmt":"2024-11-26T18:49:09","slug":"endoscopios-flexiveis","status":"publish","type":"page","link":"https:\/\/ziontech.com.br\/es\/endoscopios-flexiveis\/","title":{"rendered":"Endosc\u00f3pios flex\u00edveis"},"content":{"rendered":"<div data-elementor-type=\"wp-page\" data-elementor-id=\"8805\" class=\"elementor elementor-8805\" data-elementor-post-type=\"page\">\n\t\t\t\t\t\t<section class=\"elementor-section elementor-top-section elementor-element elementor-element-a1c7ac0 elementor-section-full_width elementor-section-height-default elementor-section-height-default\" data-id=\"a1c7ac0\" data-element_type=\"section\" data-e-type=\"section\" data-settings=\"{&quot;background_background&quot;:&quot;classic&quot;}\">\n\t\t\t\t\t\t\t<div class=\"elementor-background-overlay\"><\/div>\n\t\t\t\t\t\t\t<div class=\"elementor-container elementor-column-gap-default\">\n\t\t\t\t\t<div class=\"elementor-column elementor-col-100 elementor-top-column elementor-element elementor-element-6bf3a48\" data-id=\"6bf3a48\" data-element_type=\"column\" data-e-type=\"column\">\n\t\t\t<div class=\"elementor-widget-wrap elementor-element-populated\">\n\t\t\t\t\t\t<section class=\"elementor-section elementor-inner-section elementor-element elementor-element-360693f elementor-section-boxed elementor-section-height-default elementor-section-height-default\" data-id=\"360693f\" data-element_type=\"section\" data-e-type=\"section\">\n\t\t\t\t\t\t<div class=\"elementor-container elementor-column-gap-default\">\n\t\t\t\t\t<div class=\"elementor-column elementor-col-100 elementor-inner-column elementor-element elementor-element-fcb3d54\" data-id=\"fcb3d54\" data-element_type=\"column\" data-e-type=\"column\">\n\t\t\t<div class=\"elementor-widget-wrap elementor-element-populated\">\n\t\t\t\t\t\t<div class=\"elementor-element elementor-element-c3099c1 elementor-invisible elementor-widget elementor-widget-heading\" data-id=\"c3099c1\" data-element_type=\"widget\" data-e-type=\"widget\" data-settings=\"{&quot;_animation&quot;:&quot;fadeIn&quot;}\" data-widget_type=\"heading.default\">\n\t\t\t\t<div class=\"elementor-widget-container\">\n\t\t\t\t\t<h1 class=\"elementor-heading-title elementor-size-default\">Manuales de endoscopios flexibles<\/h1>\t\t\t\t<\/div>\n\t\t\t\t<\/div>\n\t\t\t\t<div class=\"elementor-element elementor-element-a5dfb93 elementor-widget elementor-widget-text-editor\" data-id=\"a5dfb93\" data-element_type=\"widget\" data-e-type=\"widget\" data-widget_type=\"text-editor.default\">\n\t\t\t\t<div class=\"elementor-widget-container\">\n\t\t\t\t\t\t\t\t\t<p>Aqu\u00ed encontrar\u00e1 todos los manuales en formato digital.<\/p>\t\t\t\t\t\t\t\t<\/div>\n\t\t\t\t<\/div>\n\t\t\t\t\t<\/div>\n\t\t<\/div>\n\t\t\t\t\t<\/div>\n\t\t<\/section>\n\t\t\t\t\t<\/div>\n\t\t<\/div>\n\t\t\t\t\t<\/div>\n\t\t<\/section>\n\t\t\t\t<section class=\"elementor-section elementor-top-section elementor-element elementor-element-aa886ea elementor-section-boxed elementor-section-height-default elementor-section-height-default\" data-id=\"aa886ea\" data-element_type=\"section\" data-e-type=\"section\" data-settings=\"{&quot;background_background&quot;:&quot;classic&quot;}\">\n\t\t\t\t\t\t<div class=\"elementor-container elementor-column-gap-no\">\n\t\t\t\t\t<div class=\"elementor-column elementor-col-100 elementor-top-column elementor-element elementor-element-0262bbe\" data-id=\"0262bbe\" data-element_type=\"column\" data-e-type=\"column\">\n\t\t\t<div class=\"elementor-widget-wrap elementor-element-populated\">\n\t\t\t\t\t\t<section class=\"elementor-section elementor-inner-section elementor-element elementor-element-7a049da elementor-section-full_width elementor-section-height-default elementor-section-height-default\" data-id=\"7a049da\" data-element_type=\"section\" data-e-type=\"section\">\n\t\t\t\t\t\t<div class=\"elementor-container elementor-column-gap-default\">\n\t\t\t\t\t<div class=\"elementor-column elementor-col-100 elementor-inner-column elementor-element elementor-element-c7d74b7\" data-id=\"c7d74b7\" data-element_type=\"column\" data-e-type=\"column\">\n\t\t\t<div class=\"elementor-widget-wrap elementor-element-populated\">\n\t\t\t\t\t\t<div class=\"elementor-element elementor-element-9a88ec4 elementor-widget elementor-widget-jkit_post_block\" data-id=\"9a88ec4\" data-element_type=\"widget\" data-e-type=\"widget\" data-widget_type=\"jkit_post_block.default\">\n\t\t\t\t<div class=\"elementor-widget-container\">\n\t\t\t\t\t<div  class=\"jeg-elementor-kit jkit-postblock postblock-type-3 jkit-pagination-loadmore post-element jeg_module___69ebafb20f265\"  data-id=\"jeg_module___69ebafb20f265\" data-settings=\"{&quot;post_type&quot;:&quot;post&quot;,&quot;number_post&quot;:{&quot;unit&quot;:&quot;px&quot;,&quot;size&quot;:1000,&quot;sizes&quot;:[]},&quot;post_offset&quot;:0,&quot;unique_content&quot;:&quot;disable&quot;,&quot;include_post&quot;:&quot;&quot;,&quot;exclude_post&quot;:&quot;&quot;,&quot;include_category&quot;:&quot;24&quot;,&quot;exclude_category&quot;:&quot;1,12&quot;,&quot;include_author&quot;:&quot;&quot;,&quot;include_tag&quot;:&quot;&quot;,&quot;exclude_tag&quot;:&quot;&quot;,&quot;product_brand&quot;:&quot;&quot;,&quot;product_cat&quot;:&quot;&quot;,&quot;product_tag&quot;:&quot;&quot;,&quot;sort_by&quot;:&quot;latest&quot;,&quot;pagination_mode&quot;:&quot;loadmore&quot;,&quot;pagination_loadmore_text&quot;:&quot;Carregar mais&quot;,&quot;pagination_loading_text&quot;:&quot;Carregando...&quot;,&quot;pagination_number_post&quot;:{&quot;unit&quot;:&quot;px&quot;,&quot;size&quot;:1000,&quot;sizes&quot;:[]},&quot;pagination_scroll_limit&quot;:0,&quot;pagination_icon&quot;:{&quot;value&quot;:&quot;&quot;,&quot;library&quot;:&quot;&quot;},&quot;pagination_icon_position&quot;:&quot;before&quot;,&quot;st_category_position&quot;:&quot;left&quot;,&quot;sg_content_postblock_type&quot;:&quot;type-3&quot;,&quot;sg_content_element_order&quot;:&quot;title,meta,excerpt,read&quot;,&quot;sg_content_breakpoint&quot;:&quot;tablet&quot;,&quot;sg_content_title_html_tag&quot;:&quot;h3&quot;,&quot;sg_content_category_enable&quot;:&quot;yes&quot;,&quot;sg_content_excerpt_enable&quot;:&quot;&quot;,&quot;sg_content_excerpt_length&quot;:{&quot;unit&quot;:&quot;px&quot;,&quot;size&quot;:&quot;22&quot;,&quot;sizes&quot;:[]},&quot;sg_content_excerpt_more&quot;:&quot;...&quot;,&quot;sg_content_readmore_enable&quot;:&quot;&quot;,&quot;sg_content_readmore_icon&quot;:{&quot;value&quot;:&quot;fas fa-arrow-right&quot;,&quot;library&quot;:&quot;fa-solid&quot;},&quot;sg_content_readmore_icon_position&quot;:&quot;after&quot;,&quot;sg_content_readmore_text&quot;:&quot;Read More&quot;,&quot;sg_content_comment_enable&quot;:&quot;&quot;,&quot;sg_content_comment_icon&quot;:{&quot;value&quot;:&quot;fas fa-comment&quot;,&quot;library&quot;:&quot;fa-solid&quot;},&quot;sg_content_comment_icon_position&quot;:&quot;before&quot;,&quot;sg_content_meta_enable&quot;:&quot;&quot;,&quot;sg_content_meta_author_enable&quot;:&quot;yes&quot;,&quot;sg_content_meta_author_by_text&quot;:&quot;by&quot;,&quot;sg_content_meta_author_icon&quot;:{&quot;value&quot;:&quot;fas fa-user&quot;,&quot;library&quot;:&quot;fa-solid&quot;},&quot;sg_content_meta_author_icon_position&quot;:&quot;before&quot;,&quot;sg_content_meta_date_enable&quot;:&quot;yes&quot;,&quot;sg_content_meta_date_type&quot;:&quot;published&quot;,&quot;sg_content_meta_date_format&quot;:&quot;default&quot;,&quot;sg_content_meta_date_format_custom&quot;:&quot;F j, Y&quot;,&quot;sg_content_meta_date_icon&quot;:{&quot;value&quot;:&quot;fas fa-clock&quot;,&quot;library&quot;:&quot;fa-solid&quot;},&quot;sg_content_meta_date_icon_position&quot;:&quot;before&quot;,&quot;sg_content_image_size_imagesize_size&quot;:&quot;full&quot;,&quot;paged&quot;:1,&quot;class&quot;:&quot;jkit_post_block&quot;}\"><div class=\"jkit-block-container\"><div class=\"jkit-posts jkit-ajax-flag\">\n            <article class=\"jkit-post post-8680 post type-post status-publish format-standard has-post-thumbnail hentry category-endoscopios-flexiveis\">\n                    <div class=\"jkit-thumb\"><a aria-label=\"Manual de instrucciones y funcionamiento del videoendoscopio flexible ZVT-8015\" href=\"https:\/\/ziontech.com.br\/es\/manual-de-instrucao-e-operacao-do-video-endoscopio-flexivel-zvt-8015\/\"><div class=\"thumbnail-container\">\n            <img loading=\"lazy\" decoding=\"async\" width=\"800\" height=\"400\" src=\"https:\/\/ziontech.com.br\/wp-content\/uploads\/2024\/11\/flexivel-1.jpg\" class=\"attachment-full size-full wp-post-image\" alt=\"\" srcset=\"https:\/\/ziontech.com.br\/wp-content\/uploads\/2024\/11\/flexivel-1.jpg 800w, https:\/\/ziontech.com.br\/wp-content\/uploads\/2024\/11\/flexivel-1-300x150.jpg 300w, https:\/\/ziontech.com.br\/wp-content\/uploads\/2024\/11\/flexivel-1-768x384.jpg 768w\" sizes=\"auto, (max-width: 800px) 100vw, 800px\" \/>\n        <\/div><\/a><div class=\"jkit-post-category position-left\"><span><a href=\"https:\/\/ziontech.com.br\/es\/categorias\/endoscopios-flexiveis\/\" class=\"category-endoscopios-flexiveis\">Endoscopios flexibles<\/a><\/span><\/div><\/div>\n                    <div class=\"jkit-postblock-content\"><h3 class=\"jkit-post-title\">\n\t\t\t\t\t\t\t<a href=\"https:\/\/ziontech.com.br\/es\/manual-de-instrucao-e-operacao-do-video-endoscopio-flexivel-zvt-8015\/\">Manual de instrucciones y funcionamiento del videoendoscopio flexible ZVT-8015<\/a>\n\t\t\t\t\t\t<\/h3><div class=\"jkit-post-meta-bottom\">\n\t\t\t\t\t\t\t\n\t\t\t\t\t\t<\/div><\/div>\n                <\/article><article class=\"jkit-post post-8675 post type-post status-publish format-standard has-post-thumbnail hentry category-endoscopios-flexiveis\">\n                    <div class=\"jkit-thumb\"><a aria-label=\"Videoendoscopio flexible Manual de instrucciones ZVT-12930 ZIONTECH\" href=\"https:\/\/ziontech.com.br\/es\/manual-de-instrucao-do-video-endoscopio-flexivel-zvt-12930-ziontech\/\"><div class=\"thumbnail-container\">\n            <img loading=\"lazy\" decoding=\"async\" width=\"800\" height=\"400\" src=\"https:\/\/ziontech.com.br\/wp-content\/uploads\/2024\/11\/flexivel-1.jpg\" class=\"attachment-full size-full wp-post-image\" alt=\"\" srcset=\"https:\/\/ziontech.com.br\/wp-content\/uploads\/2024\/11\/flexivel-1.jpg 800w, https:\/\/ziontech.com.br\/wp-content\/uploads\/2024\/11\/flexivel-1-300x150.jpg 300w, https:\/\/ziontech.com.br\/wp-content\/uploads\/2024\/11\/flexivel-1-768x384.jpg 768w\" sizes=\"auto, (max-width: 800px) 100vw, 800px\" \/>\n        <\/div><\/a><div class=\"jkit-post-category position-left\"><span><a href=\"https:\/\/ziontech.com.br\/es\/categorias\/endoscopios-flexiveis\/\" class=\"category-endoscopios-flexiveis\">Endoscopios flexibles<\/a><\/span><\/div><\/div>\n                    <div class=\"jkit-postblock-content\"><h3 class=\"jkit-post-title\">\n\t\t\t\t\t\t\t<a href=\"https:\/\/ziontech.com.br\/es\/manual-de-instrucao-do-video-endoscopio-flexivel-zvt-12930-ziontech\/\">Videoendoscopio flexible Manual de instrucciones ZVT-12930 ZIONTECH<\/a>\n\t\t\t\t\t\t<\/h3><div class=\"jkit-post-meta-bottom\">\n\t\t\t\t\t\t\t\n\t\t\t\t\t\t<\/div><\/div>\n                <\/article>\n        <\/div><\/div><\/div>\t\t\t\t<\/div>\n\t\t\t\t<\/div>\n\t\t\t\t\t<\/div>\n\t\t<\/div>\n\t\t\t\t\t<\/div>\n\t\t<\/section>\n\t\t\t\t\t<\/div>\n\t\t<\/div>\n\t\t\t\t\t<\/div>\n\t\t<\/section>\n\t\t\t\t<\/div>","protected":false},"excerpt":{"rendered":"<p>Manuais Endosc\u00f3pios Flex\u00edveis Aqui voc\u00ea encontra todos os manuais no formato digital. edit post Endosc\u00f3pios Flex\u00edveis Manual de Instru\u00e7\u00e3o e opera\u00e7\u00e3o do V\u00eddeo Endosc\u00f3pio Flex\u00edvel ZVT-8015 edit post Endosc\u00f3pios Flex\u00edveis Manual de Instru\u00e7\u00e3o do V\u00eddeo Endosc\u00f3pio Flex\u00edvel ZVT-12930 ZIONTECH<\/p>","protected":false},"author":1,"featured_media":0,"parent":0,"menu_order":0,"comment_status":"closed","ping_status":"closed","template":"elementor_header_footer","meta":{"inline_featured_image":false,"footnotes":""},"class_list":["post-8805","page","type-page","status-publish","hentry"],"yoast_head":"<!-- This site is optimized with the Yoast SEO plugin v27.4 - https:\/\/yoast.com\/product\/yoast-seo-wordpress\/ -->\n<title>Endosc\u00f3pios flex\u00edveis - Ziontech<\/title>\n<meta name=\"robots\" content=\"index, follow, max-snippet:-1, max-image-preview:large, max-video-preview:-1\" \/>\n<link rel=\"canonical\" href=\"https:\/\/ziontech.com.br\/es\/endoscopios-flexiveis\/\" \/>\n<meta property=\"og:locale\" content=\"es_ES\" \/>\n<meta property=\"og:type\" content=\"article\" \/>\n<meta property=\"og:title\" content=\"Endosc\u00f3pios flex\u00edveis - Ziontech\" \/>\n<meta property=\"og:description\" content=\"Manuais Endosc\u00f3pios Flex\u00edveis Aqui voc\u00ea encontra todos os manuais no formato digital. edit post Endosc\u00f3pios Flex\u00edveis Manual de Instru\u00e7\u00e3o e opera\u00e7\u00e3o do V\u00eddeo Endosc\u00f3pio Flex\u00edvel ZVT-8015 edit post Endosc\u00f3pios Flex\u00edveis Manual de Instru\u00e7\u00e3o do V\u00eddeo Endosc\u00f3pio Flex\u00edvel ZVT-12930 ZIONTECH\" \/>\n<meta property=\"og:url\" content=\"https:\/\/ziontech.com.br\/es\/endoscopios-flexiveis\/\" \/>\n<meta property=\"og:site_name\" content=\"Ziontech\" \/>\n<meta property=\"article:publisher\" content=\"https:\/\/www.facebook.com\/Ziontechbrasil\/\" \/>\n<meta property=\"article:modified_time\" content=\"2024-11-26T18:49:09+00:00\" \/>\n<meta property=\"og:image\" content=\"https:\/\/ziontech.com.br\/wp-content\/uploads\/2024\/11\/flexivel-1.jpg\" \/>\n<meta name=\"twitter:card\" content=\"summary_large_image\" \/>\n<meta name=\"twitter:label1\" content=\"Tiempo de lectura\" \/>\n\t<meta name=\"twitter:data1\" content=\"1 minuto\" \/>\n<script type=\"application\/ld+json\" class=\"yoast-schema-graph\">{\"@context\":\"https:\\\/\\\/schema.org\",\"@graph\":[{\"@type\":\"WebPage\",\"@id\":\"https:\\\/\\\/ziontech.com.br\\\/endoscopios-flexiveis\\\/\",\"url\":\"https:\\\/\\\/ziontech.com.br\\\/endoscopios-flexiveis\\\/\",\"name\":\"Endosc\u00f3pios flex\u00edveis - Ziontech\",\"isPartOf\":{\"@id\":\"https:\\\/\\\/ziontech.com.br\\\/#website\"},\"primaryImageOfPage\":{\"@id\":\"https:\\\/\\\/ziontech.com.br\\\/endoscopios-flexiveis\\\/#primaryimage\"},\"image\":{\"@id\":\"https:\\\/\\\/ziontech.com.br\\\/endoscopios-flexiveis\\\/#primaryimage\"},\"thumbnailUrl\":\"https:\\\/\\\/ziontech.com.br\\\/wp-content\\\/uploads\\\/2024\\\/11\\\/flexivel-1.jpg\",\"datePublished\":\"2024-11-26T18:47:41+00:00\",\"dateModified\":\"2024-11-26T18:49:09+00:00\",\"breadcrumb\":{\"@id\":\"https:\\\/\\\/ziontech.com.br\\\/endoscopios-flexiveis\\\/#breadcrumb\"},\"inLanguage\":\"es\",\"potentialAction\":[{\"@type\":\"ReadAction\",\"target\":[\"https:\\\/\\\/ziontech.com.br\\\/endoscopios-flexiveis\\\/\"]}]},{\"@type\":\"ImageObject\",\"inLanguage\":\"es\",\"@id\":\"https:\\\/\\\/ziontech.com.br\\\/endoscopios-flexiveis\\\/#primaryimage\",\"url\":\"https:\\\/\\\/ziontech.com.br\\\/wp-content\\\/uploads\\\/2024\\\/11\\\/flexivel-1.jpg\",\"contentUrl\":\"https:\\\/\\\/ziontech.com.br\\\/wp-content\\\/uploads\\\/2024\\\/11\\\/flexivel-1.jpg\"},{\"@type\":\"BreadcrumbList\",\"@id\":\"https:\\\/\\\/ziontech.com.br\\\/endoscopios-flexiveis\\\/#breadcrumb\",\"itemListElement\":[{\"@type\":\"ListItem\",\"position\":1,\"name\":\"In\u00edcio\",\"item\":\"https:\\\/\\\/ziontech.com.br\\\/\"},{\"@type\":\"ListItem\",\"position\":2,\"name\":\"Endosc\u00f3pios flex\u00edveis\"}]},{\"@type\":\"WebSite\",\"@id\":\"https:\\\/\\\/ziontech.com.br\\\/#website\",\"url\":\"https:\\\/\\\/ziontech.com.br\\\/\",\"name\":\"Ziontech\",\"description\":\"Inova\u00e7\u00e3o em Endoscopia\",\"publisher\":{\"@id\":\"https:\\\/\\\/ziontech.com.br\\\/#organization\"},\"potentialAction\":[{\"@type\":\"SearchAction\",\"target\":{\"@type\":\"EntryPoint\",\"urlTemplate\":\"https:\\\/\\\/ziontech.com.br\\\/?s={search_term_string}\"},\"query-input\":{\"@type\":\"PropertyValueSpecification\",\"valueRequired\":true,\"valueName\":\"search_term_string\"}}],\"inLanguage\":\"es\"},{\"@type\":\"Organization\",\"@id\":\"https:\\\/\\\/ziontech.com.br\\\/#organization\",\"name\":\"Ziontech\",\"url\":\"https:\\\/\\\/ziontech.com.br\\\/\",\"logo\":{\"@type\":\"ImageObject\",\"inLanguage\":\"es\",\"@id\":\"https:\\\/\\\/ziontech.com.br\\\/#\\\/schema\\\/logo\\\/image\\\/\",\"url\":\"https:\\\/\\\/ziontech.com.br\\\/wp-content\\\/uploads\\\/2023\\\/11\\\/LOGO-ZIONTECH-HORIZ-SECUNDARIO.png\",\"contentUrl\":\"https:\\\/\\\/ziontech.com.br\\\/wp-content\\\/uploads\\\/2023\\\/11\\\/LOGO-ZIONTECH-HORIZ-SECUNDARIO.png\",\"width\":3156,\"height\":699,\"caption\":\"Ziontech\"},\"image\":{\"@id\":\"https:\\\/\\\/ziontech.com.br\\\/#\\\/schema\\\/logo\\\/image\\\/\"},\"sameAs\":[\"https:\\\/\\\/www.facebook.com\\\/Ziontechbrasil\\\/\",\"https:\\\/\\\/www.linkedin.com\\\/company\\\/ziontechbr\",\"https:\\\/\\\/www.instagram.com\\\/ziontechbrasil\\\/\"]}]}<\/script>\n<!-- \/ Yoast SEO plugin. -->","yoast_head_json":{"title":"Endosc\u00f3pios flex\u00edveis - Ziontech","robots":{"index":"index","follow":"follow","max-snippet":"max-snippet:-1","max-image-preview":"max-image-preview:large","max-video-preview":"max-video-preview:-1"},"canonical":"https:\/\/ziontech.com.br\/es\/endoscopios-flexiveis\/","og_locale":"es_ES","og_type":"article","og_title":"Endosc\u00f3pios flex\u00edveis - Ziontech","og_description":"Manuais Endosc\u00f3pios Flex\u00edveis Aqui voc\u00ea encontra todos os manuais no formato digital. edit post Endosc\u00f3pios Flex\u00edveis Manual de Instru\u00e7\u00e3o e opera\u00e7\u00e3o do V\u00eddeo Endosc\u00f3pio Flex\u00edvel ZVT-8015 edit post Endosc\u00f3pios Flex\u00edveis Manual de Instru\u00e7\u00e3o do V\u00eddeo Endosc\u00f3pio Flex\u00edvel ZVT-12930 ZIONTECH","og_url":"https:\/\/ziontech.com.br\/es\/endoscopios-flexiveis\/","og_site_name":"Ziontech","article_publisher":"https:\/\/www.facebook.com\/Ziontechbrasil\/","article_modified_time":"2024-11-26T18:49:09+00:00","og_image":[{"url":"https:\/\/ziontech.com.br\/wp-content\/uploads\/2024\/11\/flexivel-1.jpg","type":"","width":"","height":""}],"twitter_card":"summary_large_image","twitter_misc":{"Tiempo de lectura":"1 minuto"},"schema":{"@context":"https:\/\/schema.org","@graph":[{"@type":"WebPage","@id":"https:\/\/ziontech.com.br\/endoscopios-flexiveis\/","url":"https:\/\/ziontech.com.br\/endoscopios-flexiveis\/","name":"Endosc\u00f3pios flex\u00edveis - Ziontech","isPartOf":{"@id":"https:\/\/ziontech.com.br\/#website"},"primaryImageOfPage":{"@id":"https:\/\/ziontech.com.br\/endoscopios-flexiveis\/#primaryimage"},"image":{"@id":"https:\/\/ziontech.com.br\/endoscopios-flexiveis\/#primaryimage"},"thumbnailUrl":"https:\/\/ziontech.com.br\/wp-content\/uploads\/2024\/11\/flexivel-1.jpg","datePublished":"2024-11-26T18:47:41+00:00","dateModified":"2024-11-26T18:49:09+00:00","breadcrumb":{"@id":"https:\/\/ziontech.com.br\/endoscopios-flexiveis\/#breadcrumb"},"inLanguage":"es","potentialAction":[{"@type":"ReadAction","target":["https:\/\/ziontech.com.br\/endoscopios-flexiveis\/"]}]},{"@type":"ImageObject","inLanguage":"es","@id":"https:\/\/ziontech.com.br\/endoscopios-flexiveis\/#primaryimage","url":"https:\/\/ziontech.com.br\/wp-content\/uploads\/2024\/11\/flexivel-1.jpg","contentUrl":"https:\/\/ziontech.com.br\/wp-content\/uploads\/2024\/11\/flexivel-1.jpg"},{"@type":"BreadcrumbList","@id":"https:\/\/ziontech.com.br\/endoscopios-flexiveis\/#breadcrumb","itemListElement":[{"@type":"ListItem","position":1,"name":"In\u00edcio","item":"https:\/\/ziontech.com.br\/"},{"@type":"ListItem","position":2,"name":"Endosc\u00f3pios flex\u00edveis"}]},{"@type":"WebSite","@id":"https:\/\/ziontech.com.br\/#website","url":"https:\/\/ziontech.com.br\/","name":"Ziontech","description":"Innovaci\u00f3n en Endoscopia","publisher":{"@id":"https:\/\/ziontech.com.br\/#organization"},"potentialAction":[{"@type":"SearchAction","target":{"@type":"EntryPoint","urlTemplate":"https:\/\/ziontech.com.br\/?s={search_term_string}"},"query-input":{"@type":"PropertyValueSpecification","valueRequired":true,"valueName":"search_term_string"}}],"inLanguage":"es"},{"@type":"Organization","@id":"https:\/\/ziontech.com.br\/#organization","name":"Ziontech","url":"https:\/\/ziontech.com.br\/","logo":{"@type":"ImageObject","inLanguage":"es","@id":"https:\/\/ziontech.com.br\/#\/schema\/logo\/image\/","url":"https:\/\/ziontech.com.br\/wp-content\/uploads\/2023\/11\/LOGO-ZIONTECH-HORIZ-SECUNDARIO.png","contentUrl":"https:\/\/ziontech.com.br\/wp-content\/uploads\/2023\/11\/LOGO-ZIONTECH-HORIZ-SECUNDARIO.png","width":3156,"height":699,"caption":"Ziontech"},"image":{"@id":"https:\/\/ziontech.com.br\/#\/schema\/logo\/image\/"},"sameAs":["https:\/\/www.facebook.com\/Ziontechbrasil\/","https:\/\/www.linkedin.com\/company\/ziontechbr","https:\/\/www.instagram.com\/ziontechbrasil\/"]}]}},"_links":{"self":[{"href":"https:\/\/ziontech.com.br\/es\/wp-json\/wp\/v2\/pages\/8805","targetHints":{"allow":["GET"]}}],"collection":[{"href":"https:\/\/ziontech.com.br\/es\/wp-json\/wp\/v2\/pages"}],"about":[{"href":"https:\/\/ziontech.com.br\/es\/wp-json\/wp\/v2\/types\/page"}],"author":[{"embeddable":true,"href":"https:\/\/ziontech.com.br\/es\/wp-json\/wp\/v2\/users\/1"}],"replies":[{"embeddable":true,"href":"https:\/\/ziontech.com.br\/es\/wp-json\/wp\/v2\/comments?post=8805"}],"version-history":[{"count":8,"href":"https:\/\/ziontech.com.br\/es\/wp-json\/wp\/v2\/pages\/8805\/revisions"}],"predecessor-version":[{"id":8819,"href":"https:\/\/ziontech.com.br\/es\/wp-json\/wp\/v2\/pages\/8805\/revisions\/8819"}],"wp:attachment":[{"href":"https:\/\/ziontech.com.br\/es\/wp-json\/wp\/v2\/media?parent=8805"}],"curies":[{"name":"wp","href":"https:\/\/api.w.org\/{rel}","templated":true}]}}