{"id":9183,"date":"2025-05-04T17:56:12","date_gmt":"2025-05-04T20:56:12","guid":{"rendered":"https:\/\/ziontech.com.br\/?page_id=9183"},"modified":"2026-01-31T13:01:39","modified_gmt":"2026-01-31T16:01:39","slug":"obrigado-scopeclean","status":"publish","type":"page","link":"https:\/\/ziontech.com.br\/es\/obrigado-scopeclean\/","title":{"rendered":"Obrigado &#8211; Scopeclean"},"content":{"rendered":"\t\t<div data-elementor-type=\"wp-page\" data-elementor-id=\"9183\" class=\"elementor elementor-9183\" data-elementor-post-type=\"page\">\n\t\t\t\t\t\t<section class=\"elementor-section elementor-top-section elementor-element elementor-element-082def6 elementor-section-boxed elementor-section-height-default elementor-section-height-default\" data-id=\"082def6\" data-element_type=\"section\" data-e-type=\"section\" data-settings=\"{&quot;background_background&quot;:&quot;classic&quot;}\">\n\t\t\t\t\t\t\t<div class=\"elementor-background-overlay\"><\/div>\n\t\t\t\t\t\t\t<div class=\"elementor-container elementor-column-gap-default\">\n\t\t\t\t\t<div class=\"elementor-column elementor-col-100 elementor-top-column elementor-element elementor-element-a4955c4\" data-id=\"a4955c4\" data-element_type=\"column\" data-e-type=\"column\">\n\t\t\t<div class=\"elementor-widget-wrap elementor-element-populated\">\n\t\t\t\t\t\t<section class=\"elementor-section elementor-inner-section elementor-element elementor-element-b09b523 elementor-section-full_width elementor-section-height-default elementor-section-height-default\" data-id=\"b09b523\" data-element_type=\"section\" data-e-type=\"section\">\n\t\t\t\t\t\t<div class=\"elementor-container elementor-column-gap-default\">\n\t\t\t\t\t<div class=\"elementor-column elementor-col-100 elementor-inner-column elementor-element elementor-element-2eb3f07\" data-id=\"2eb3f07\" data-element_type=\"column\" data-e-type=\"column\">\n\t\t\t<div class=\"elementor-widget-wrap elementor-element-populated\">\n\t\t\t\t\t\t<div class=\"elementor-element elementor-element-ceb804a elementor-widget elementor-widget-heading\" data-id=\"ceb804a\" data-element_type=\"widget\" data-e-type=\"widget\" data-settings=\"{&quot;_animation&quot;:&quot;none&quot;}\" data-widget_type=\"heading.default\">\n\t\t\t\t<div class=\"elementor-widget-container\">\n\t\t\t\t\t<h1 class=\"elementor-heading-title elementor-size-default\">Cadastro conclu\u00eddo com sucesso!<\/h1>\t\t\t\t<\/div>\n\t\t\t\t<\/div>\n\t\t\t\t<div class=\"elementor-element elementor-element-75f5a12 elementor-widget elementor-widget-text-editor\" data-id=\"75f5a12\" data-element_type=\"widget\" data-e-type=\"widget\" data-widget_type=\"text-editor.default\">\n\t\t\t\t<div class=\"elementor-widget-container\">\n\t\t\t\t\t\t\t\t\t<p>Em breve, um de nossos especialistas ir\u00e1 entrar em contato por <strong>WhatsApp ou email.<\/strong><\/p>\t\t\t\t\t\t\t\t<\/div>\n\t\t\t\t<\/div>\n\t\t\t\t\t<\/div>\n\t\t<\/div>\n\t\t\t\t\t<\/div>\n\t\t<\/section>\n\t\t\t\t\t<\/div>\n\t\t<\/div>\n\t\t\t\t\t<\/div>\n\t\t<\/section>\n\t\t\t\t<section class=\"elementor-section elementor-top-section elementor-element elementor-element-3b4bef0 elementor-section-boxed elementor-section-height-default elementor-section-height-default\" data-id=\"3b4bef0\" data-element_type=\"section\" data-e-type=\"section\" data-settings=\"{&quot;background_background&quot;:&quot;classic&quot;}\">\n\t\t\t\t\t\t\t<div class=\"elementor-background-overlay\"><\/div>\n\t\t\t\t\t\t\t<div class=\"elementor-container elementor-column-gap-default\">\n\t\t\t\t\t<div class=\"elementor-column elementor-col-100 elementor-top-column elementor-element elementor-element-e3efe5b\" data-id=\"e3efe5b\" data-element_type=\"column\" data-e-type=\"column\">\n\t\t\t<div class=\"elementor-widget-wrap elementor-element-populated\">\n\t\t\t\t\t\t<section class=\"elementor-section elementor-inner-section elementor-element elementor-element-3c2825c elementor-section-full_width elementor-section-height-default elementor-section-height-default\" data-id=\"3c2825c\" data-element_type=\"section\" data-e-type=\"section\">\n\t\t\t\t\t\t<div class=\"elementor-container elementor-column-gap-default\">\n\t\t\t\t\t<div class=\"elementor-column elementor-col-100 elementor-inner-column elementor-element elementor-element-31bf7dd\" data-id=\"31bf7dd\" data-element_type=\"column\" data-e-type=\"column\">\n\t\t\t<div class=\"elementor-widget-wrap elementor-element-populated\">\n\t\t\t\t\t\t<div class=\"elementor-element elementor-element-1cd484e elementor-widget elementor-widget-heading\" data-id=\"1cd484e\" data-element_type=\"widget\" data-e-type=\"widget\" data-settings=\"{&quot;_animation&quot;:&quot;none&quot;}\" data-widget_type=\"heading.default\">\n\t\t\t\t<div class=\"elementor-widget-container\">\n\t\t\t\t\t<h1 class=\"elementor-heading-title elementor-size-default\">Saiba mais sobre a Scopeclean<\/h1>\t\t\t\t<\/div>\n\t\t\t\t<\/div>\n\t\t\t\t<div class=\"elementor-element elementor-element-0c59d7f scroll-top elementor-widget elementor-widget-text-editor\" data-id=\"0c59d7f\" data-element_type=\"widget\" data-e-type=\"widget\" data-widget_type=\"text-editor.default\">\n\t\t\t\t<div class=\"elementor-widget-container\">\n\t\t\t\t\t\t\t\t\t<p class=\"typography-site-body spacing-copy-after-headline large-8 large-centered small-12\" tabindex=\"-1\" data-textanim-1=\"\" data-focus-expression=\"{&quot;expression&quot;: &quot;a0t + 50vh&quot;, &quot;anchors&quot;:[&quot;.subsection-dynamic-island&quot;]}\" data-focus-method=\"mouse\"><strong>Assista ao v\u00eddeo abaixo<\/strong> para saber mais detalhes sobre a Lavadora de Endosc\u00f3pios Scopeclean\u00ae.<\/p>\t\t\t\t\t\t\t\t<\/div>\n\t\t\t\t<\/div>\n\t\t\t\t\t<\/div>\n\t\t<\/div>\n\t\t\t\t\t<\/div>\n\t\t<\/section>\n\t\t\t\t<div class=\"elementor-element elementor-element-043a5a5 elementor-widget elementor-widget-video\" data-id=\"043a5a5\" data-element_type=\"widget\" data-e-type=\"widget\" data-settings=\"{&quot;youtube_url&quot;:&quot;https:\\\/\\\/www.youtube.com\\\/watch?v=-HXgz4WxCiE&quot;,&quot;video_type&quot;:&quot;youtube&quot;,&quot;controls&quot;:&quot;yes&quot;}\" data-widget_type=\"video.default\">\n\t\t\t\t<div class=\"elementor-widget-container\">\n\t\t\t\t\t\t\t<div class=\"elementor-wrapper elementor-open-inline\">\n\t\t\t<div class=\"elementor-video\"><\/div>\t\t<\/div>\n\t\t\t\t\t\t<\/div>\n\t\t\t\t<\/div>\n\t\t\t\t\t<\/div>\n\t\t<\/div>\n\t\t\t\t\t<\/div>\n\t\t<\/section>\n\t\t\t\t<\/div>\n\t\t","protected":false},"excerpt":{"rendered":"<p>Cadastro conclu\u00eddo com sucesso! Em breve, um de nossos especialistas ir\u00e1 entrar em contato por WhatsApp ou email. Saiba mais sobre a Scopeclean Assista ao v\u00eddeo abaixo para saber mais detalhes sobre a Lavadora de Endosc\u00f3pios Scopeclean\u00ae. https:\/\/www.youtube.com\/watch?v=-HXgz4WxCiE<\/p>","protected":false},"author":1,"featured_media":0,"parent":0,"menu_order":0,"comment_status":"closed","ping_status":"closed","template":"elementor_canvas","meta":{"inline_featured_image":false,"footnotes":""},"class_list":["post-9183","page","type-page","status-publish","hentry"],"yoast_head":"<!-- This site is optimized with the Yoast SEO plugin v27.4 - https:\/\/yoast.com\/product\/yoast-seo-wordpress\/ -->\n<title>Obrigado - Scopeclean - Ziontech<\/title>\n<meta name=\"robots\" content=\"index, follow, max-snippet:-1, max-image-preview:large, max-video-preview:-1\" \/>\n<link rel=\"canonical\" href=\"https:\/\/ziontech.com.br\/es\/obrigado-scopeclean\/\" \/>\n<meta property=\"og:locale\" content=\"es_ES\" \/>\n<meta property=\"og:type\" content=\"article\" \/>\n<meta property=\"og:title\" content=\"Obrigado - Scopeclean - Ziontech\" \/>\n<meta property=\"og:description\" content=\"Cadastro conclu\u00eddo com sucesso! Em breve, um de nossos especialistas ir\u00e1 entrar em contato por WhatsApp ou email. Saiba mais sobre a Scopeclean Assista ao v\u00eddeo abaixo para saber mais detalhes sobre a Lavadora de Endosc\u00f3pios Scopeclean\u00ae. https:\/\/www.youtube.com\/watch?v=-HXgz4WxCiE\" \/>\n<meta property=\"og:url\" content=\"https:\/\/ziontech.com.br\/es\/obrigado-scopeclean\/\" \/>\n<meta property=\"og:site_name\" content=\"Ziontech\" \/>\n<meta property=\"article:publisher\" content=\"https:\/\/www.facebook.com\/Ziontechbrasil\/\" \/>\n<meta property=\"article:modified_time\" content=\"2026-01-31T16:01:39+00:00\" \/>\n<meta name=\"twitter:card\" content=\"summary_large_image\" \/>\n<meta name=\"twitter:label1\" content=\"Tiempo de lectura\" \/>\n\t<meta name=\"twitter:data1\" content=\"1 minuto\" \/>\n<script type=\"application\/ld+json\" class=\"yoast-schema-graph\">{\"@context\":\"https:\\\/\\\/schema.org\",\"@graph\":[{\"@type\":\"WebPage\",\"@id\":\"https:\\\/\\\/ziontech.com.br\\\/obrigado-scopeclean\\\/\",\"url\":\"https:\\\/\\\/ziontech.com.br\\\/obrigado-scopeclean\\\/\",\"name\":\"Obrigado - Scopeclean - Ziontech\",\"isPartOf\":{\"@id\":\"https:\\\/\\\/ziontech.com.br\\\/#website\"},\"datePublished\":\"2025-05-04T20:56:12+00:00\",\"dateModified\":\"2026-01-31T16:01:39+00:00\",\"breadcrumb\":{\"@id\":\"https:\\\/\\\/ziontech.com.br\\\/obrigado-scopeclean\\\/#breadcrumb\"},\"inLanguage\":\"es\",\"potentialAction\":[{\"@type\":\"ReadAction\",\"target\":[\"https:\\\/\\\/ziontech.com.br\\\/obrigado-scopeclean\\\/\"]}]},{\"@type\":\"BreadcrumbList\",\"@id\":\"https:\\\/\\\/ziontech.com.br\\\/obrigado-scopeclean\\\/#breadcrumb\",\"itemListElement\":[{\"@type\":\"ListItem\",\"position\":1,\"name\":\"In\u00edcio\",\"item\":\"https:\\\/\\\/ziontech.com.br\\\/\"},{\"@type\":\"ListItem\",\"position\":2,\"name\":\"Obrigado &#8211; Scopeclean\"}]},{\"@type\":\"WebSite\",\"@id\":\"https:\\\/\\\/ziontech.com.br\\\/#website\",\"url\":\"https:\\\/\\\/ziontech.com.br\\\/\",\"name\":\"Ziontech\",\"description\":\"Inova\u00e7\u00e3o em Endoscopia\",\"publisher\":{\"@id\":\"https:\\\/\\\/ziontech.com.br\\\/#organization\"},\"potentialAction\":[{\"@type\":\"SearchAction\",\"target\":{\"@type\":\"EntryPoint\",\"urlTemplate\":\"https:\\\/\\\/ziontech.com.br\\\/?s={search_term_string}\"},\"query-input\":{\"@type\":\"PropertyValueSpecification\",\"valueRequired\":true,\"valueName\":\"search_term_string\"}}],\"inLanguage\":\"es\"},{\"@type\":\"Organization\",\"@id\":\"https:\\\/\\\/ziontech.com.br\\\/#organization\",\"name\":\"Ziontech\",\"url\":\"https:\\\/\\\/ziontech.com.br\\\/\",\"logo\":{\"@type\":\"ImageObject\",\"inLanguage\":\"es\",\"@id\":\"https:\\\/\\\/ziontech.com.br\\\/#\\\/schema\\\/logo\\\/image\\\/\",\"url\":\"https:\\\/\\\/ziontech.com.br\\\/wp-content\\\/uploads\\\/2023\\\/11\\\/LOGO-ZIONTECH-HORIZ-SECUNDARIO.png\",\"contentUrl\":\"https:\\\/\\\/ziontech.com.br\\\/wp-content\\\/uploads\\\/2023\\\/11\\\/LOGO-ZIONTECH-HORIZ-SECUNDARIO.png\",\"width\":3156,\"height\":699,\"caption\":\"Ziontech\"},\"image\":{\"@id\":\"https:\\\/\\\/ziontech.com.br\\\/#\\\/schema\\\/logo\\\/image\\\/\"},\"sameAs\":[\"https:\\\/\\\/www.facebook.com\\\/Ziontechbrasil\\\/\",\"https:\\\/\\\/www.linkedin.com\\\/company\\\/ziontechbr\",\"https:\\\/\\\/www.instagram.com\\\/ziontechbrasil\\\/\"]}]}<\/script>\n<!-- \/ Yoast SEO plugin. -->","yoast_head_json":{"title":"Obrigado - Scopeclean - Ziontech","robots":{"index":"index","follow":"follow","max-snippet":"max-snippet:-1","max-image-preview":"max-image-preview:large","max-video-preview":"max-video-preview:-1"},"canonical":"https:\/\/ziontech.com.br\/es\/obrigado-scopeclean\/","og_locale":"es_ES","og_type":"article","og_title":"Obrigado - Scopeclean - Ziontech","og_description":"Cadastro conclu\u00eddo com sucesso! Em breve, um de nossos especialistas ir\u00e1 entrar em contato por WhatsApp ou email. Saiba mais sobre a Scopeclean Assista ao v\u00eddeo abaixo para saber mais detalhes sobre a Lavadora de Endosc\u00f3pios Scopeclean\u00ae. https:\/\/www.youtube.com\/watch?v=-HXgz4WxCiE","og_url":"https:\/\/ziontech.com.br\/es\/obrigado-scopeclean\/","og_site_name":"Ziontech","article_publisher":"https:\/\/www.facebook.com\/Ziontechbrasil\/","article_modified_time":"2026-01-31T16:01:39+00:00","twitter_card":"summary_large_image","twitter_misc":{"Tiempo de lectura":"1 minuto"},"schema":{"@context":"https:\/\/schema.org","@graph":[{"@type":"WebPage","@id":"https:\/\/ziontech.com.br\/obrigado-scopeclean\/","url":"https:\/\/ziontech.com.br\/obrigado-scopeclean\/","name":"Obrigado - Scopeclean - Ziontech","isPartOf":{"@id":"https:\/\/ziontech.com.br\/#website"},"datePublished":"2025-05-04T20:56:12+00:00","dateModified":"2026-01-31T16:01:39+00:00","breadcrumb":{"@id":"https:\/\/ziontech.com.br\/obrigado-scopeclean\/#breadcrumb"},"inLanguage":"es","potentialAction":[{"@type":"ReadAction","target":["https:\/\/ziontech.com.br\/obrigado-scopeclean\/"]}]},{"@type":"BreadcrumbList","@id":"https:\/\/ziontech.com.br\/obrigado-scopeclean\/#breadcrumb","itemListElement":[{"@type":"ListItem","position":1,"name":"In\u00edcio","item":"https:\/\/ziontech.com.br\/"},{"@type":"ListItem","position":2,"name":"Obrigado &#8211; Scopeclean"}]},{"@type":"WebSite","@id":"https:\/\/ziontech.com.br\/#website","url":"https:\/\/ziontech.com.br\/","name":"Ziontech","description":"Innovaci\u00f3n en Endoscopia","publisher":{"@id":"https:\/\/ziontech.com.br\/#organization"},"potentialAction":[{"@type":"SearchAction","target":{"@type":"EntryPoint","urlTemplate":"https:\/\/ziontech.com.br\/?s={search_term_string}"},"query-input":{"@type":"PropertyValueSpecification","valueRequired":true,"valueName":"search_term_string"}}],"inLanguage":"es"},{"@type":"Organization","@id":"https:\/\/ziontech.com.br\/#organization","name":"Ziontech","url":"https:\/\/ziontech.com.br\/","logo":{"@type":"ImageObject","inLanguage":"es","@id":"https:\/\/ziontech.com.br\/#\/schema\/logo\/image\/","url":"https:\/\/ziontech.com.br\/wp-content\/uploads\/2023\/11\/LOGO-ZIONTECH-HORIZ-SECUNDARIO.png","contentUrl":"https:\/\/ziontech.com.br\/wp-content\/uploads\/2023\/11\/LOGO-ZIONTECH-HORIZ-SECUNDARIO.png","width":3156,"height":699,"caption":"Ziontech"},"image":{"@id":"https:\/\/ziontech.com.br\/#\/schema\/logo\/image\/"},"sameAs":["https:\/\/www.facebook.com\/Ziontechbrasil\/","https:\/\/www.linkedin.com\/company\/ziontechbr","https:\/\/www.instagram.com\/ziontechbrasil\/"]}]}},"_links":{"self":[{"href":"https:\/\/ziontech.com.br\/es\/wp-json\/wp\/v2\/pages\/9183","targetHints":{"allow":["GET"]}}],"collection":[{"href":"https:\/\/ziontech.com.br\/es\/wp-json\/wp\/v2\/pages"}],"about":[{"href":"https:\/\/ziontech.com.br\/es\/wp-json\/wp\/v2\/types\/page"}],"author":[{"embeddable":true,"href":"https:\/\/ziontech.com.br\/es\/wp-json\/wp\/v2\/users\/1"}],"replies":[{"embeddable":true,"href":"https:\/\/ziontech.com.br\/es\/wp-json\/wp\/v2\/comments?post=9183"}],"version-history":[{"count":40,"href":"https:\/\/ziontech.com.br\/es\/wp-json\/wp\/v2\/pages\/9183\/revisions"}],"predecessor-version":[{"id":10634,"href":"https:\/\/ziontech.com.br\/es\/wp-json\/wp\/v2\/pages\/9183\/revisions\/10634"}],"wp:attachment":[{"href":"https:\/\/ziontech.com.br\/es\/wp-json\/wp\/v2\/media?parent=9183"}],"curies":[{"name":"wp","href":"https:\/\/api.w.org\/{rel}","templated":true}]}}