{"id":9646,"date":"2025-09-28T12:35:19","date_gmt":"2025-09-28T15:35:19","guid":{"rendered":"https:\/\/ziontech.com.br\/carrinho\/"},"modified":"2025-10-20T09:40:14","modified_gmt":"2025-10-20T12:40:14","slug":"carrinho","status":"publish","type":"page","link":"https:\/\/ziontech.com.br\/es\/carrinho\/","title":{"rendered":"Carrinho"},"content":{"rendered":"<div data-block-name=\"woocommerce\/cart\" class=\"wp-block-woocommerce-cart alignwide is-loading\">\n<div data-block-name=\"woocommerce\/filled-cart-block\" class=\"wp-block-woocommerce-filled-cart-block\">\n<div data-block-name=\"woocommerce\/cart-items-block\" class=\"wp-block-woocommerce-cart-items-block\">\n<div data-block-name=\"woocommerce\/cart-line-items-block\" class=\"wp-block-woocommerce-cart-line-items-block\"><\/div>\n\n\n<\/div>\n\n\n\n\n<div data-block-name=\"woocommerce\/cart-totals-block\" class=\"wp-block-woocommerce-cart-totals-block\">\n<div data-block-name=\"woocommerce\/cart-order-summary-block\" class=\"wp-block-woocommerce-cart-order-summary-block\">\n<div data-block-name=\"woocommerce\/cart-order-summary-heading-block\" class=\"wp-block-woocommerce-cart-order-summary-heading-block\"><\/div><div data-block-name=\"woocommerce\/cart-order-summary-coupon-form-block\" class=\"wp-block-woocommerce-cart-order-summary-coupon-form-block\"><\/div><div data-block-name=\"woocommerce\/cart-order-summary-totals-block\" class=\"wp-block-woocommerce-cart-order-summary-totals-block\">\n<div data-block-name=\"woocommerce\/cart-order-summary-subtotal-block\" class=\"wp-block-woocommerce-cart-order-summary-subtotal-block\"><\/div>\n<div data-block-name=\"woocommerce\/cart-order-summary-discount-block\" class=\"wp-block-woocommerce-cart-order-summary-discount-block\"><\/div>\n<div data-block-name=\"woocommerce\/cart-order-summary-fee-block\" class=\"wp-block-woocommerce-cart-order-summary-fee-block\"><\/div>\n<div data-block-name=\"woocommerce\/cart-order-summary-shipping-block\" class=\"wp-block-woocommerce-cart-order-summary-shipping-block\"><\/div>\n<div data-block-name=\"woocommerce\/cart-order-summary-taxes-block\" class=\"wp-block-woocommerce-cart-order-summary-taxes-block\"><\/div><\/div>\n<\/div>\n\n\n\n<div data-block-name=\"woocommerce\/cart-express-payment-block\" class=\"wp-block-woocommerce-cart-express-payment-block\"><\/div>\n\n\n\n<div data-block-name=\"woocommerce\/proceed-to-checkout-block\" class=\"wp-block-woocommerce-proceed-to-checkout-block\"><\/div>\n\n\n\n<div data-block-name=\"woocommerce\/cart-accepted-payment-methods-block\" class=\"wp-block-woocommerce-cart-accepted-payment-methods-block\"><\/div>\n<\/div>\n<\/div>\n\n\n\n<div data-block-name=\"woocommerce\/empty-cart-block\" class=\"wp-block-woocommerce-empty-cart-block\">\n<h2 class=\"wp-block-heading has-text-align-center with-empty-cart-icon wc-block-cart__empty-cart__title\">Seu carrinho est\u00e1 vazio no momento!<\/h2>\n\n\n\n<hr class=\"wp-block-separator has-alpha-channel-opacity is-style-dots\"\/>\n\n\n\n<h2 class=\"wp-block-heading has-text-align-center\">Novo na loja<\/h2>\n\n\n<div data-block-name=\"woocommerce\/product-new\" data-columns=\"4\" data-rows=\"1\" class=\"wc-block-grid wp-block-product-new wp-block-woocommerce-product-new wc-block-product-new has-4-columns\"><ul class=\"wc-block-grid__products\"><li class=\"wc-block-grid__product\">\n\t\t\t\t<a href=\"https:\/\/ziontech.com.br\/es\/producto\/pinca-de-biopsia-oval-sem-espicula-reutilizavel-2-4mm-2300mm-alton-af-2423bse-economica\/\" class=\"wc-block-grid__product-link\">\n\t\t\t\t\t\n\t\t\t\t\t<div class=\"wc-block-grid__product-image\"><img fetchpriority=\"high\" decoding=\"async\" width=\"300\" height=\"300\" src=\"https:\/\/ziontech.com.br\/wp-content\/uploads\/2025\/12\/pincabiopsiareutilizaveleconomica-1-1-300x300.jpg\" class=\"attachment-woocommerce_thumbnail size-woocommerce_thumbnail\" alt=\"Pin\u00e7a de Bi\u00f3psia Oval sem Esp\u00edcula REUTILIZ\u00c1VEL 2.4mm 2300mm ALTON AF-2423BSE\" srcset=\"https:\/\/ziontech.com.br\/wp-content\/uploads\/2025\/12\/pincabiopsiareutilizaveleconomica-1-1-300x300.jpg 300w, https:\/\/ziontech.com.br\/wp-content\/uploads\/2025\/12\/pincabiopsiareutilizaveleconomica-1-1-1024x1024.jpg 1024w, https:\/\/ziontech.com.br\/wp-content\/uploads\/2025\/12\/pincabiopsiareutilizaveleconomica-1-1-150x150.jpg 150w, https:\/\/ziontech.com.br\/wp-content\/uploads\/2025\/12\/pincabiopsiareutilizaveleconomica-1-1-768x768.jpg 768w, https:\/\/ziontech.com.br\/wp-content\/uploads\/2025\/12\/pincabiopsiareutilizaveleconomica-1-1-12x12.jpg 12w, https:\/\/ziontech.com.br\/wp-content\/uploads\/2025\/12\/pincabiopsiareutilizaveleconomica-1-1-600x600.jpg 600w, https:\/\/ziontech.com.br\/wp-content\/uploads\/2025\/12\/pincabiopsiareutilizaveleconomica-1-1-100x100.jpg 100w, https:\/\/ziontech.com.br\/wp-content\/uploads\/2025\/12\/pincabiopsiareutilizaveleconomica-1-1.jpg 1080w\" sizes=\"(max-width: 300px) 100vw, 300px\" \/><\/div>\n\t\t\t\t\t<div class=\"wc-block-grid__product-title\">Pin\u00e7a de Bi\u00f3psia Oval sem Esp\u00edcula REUTILIZ\u00c1VEL 2.4mm 2300mm ALTON AF-2423BSE (Econ\u00f4mica)<\/div>\n\t\t\t\t<\/a>\n\t\t\t\t<div class=\"wc-block-grid__product-price price\"><span class=\"woocommerce-Price-amount amount\"><bdi><span class=\"woocommerce-Price-currencySymbol\">&#082;&#036;<\/span>&nbsp;770,40<\/bdi><\/span><\/div>\n\t\t\t\t\n\t\t\t\t<div class=\"wp-block-button wc-block-grid__product-add-to-cart\"><a href=\"\/es\/wp-json\/wp\/v2\/pages\/9646?add-to-cart=10297\" aria-label=\"A\u00f1adir al carrito: \u201cPin\u00e7a de Bi\u00f3psia Oval sem Esp\u00edcula REUTILIZ\u00c1VEL 2.4mm 2300mm ALTON AF-2423BSE (Econ\u00f4mica)\u201d\" data-quantity=\"1\" data-product_id=\"10297\" data-product_sku=\"\" data-price=\"770.4\" rel=\"nofollow\" class=\"wp-block-button__link  add_to_cart_button ajax_add_to_cart\" data-no-translation=\"\" data-trp-gettext=\"\" data-no-translation-aria-label=\"\">A\u00f1adir al carrito<\/a><\/div>\n\t\t\t<\/li><li class=\"wc-block-grid__product\">\n\t\t\t\t<a href=\"https:\/\/ziontech.com.br\/es\/producto\/pinca-de-biopsia-oval-sem-espicula-reutilizavel-2-4mm-1700mm-alton-af-2417bse-economica\/\" class=\"wc-block-grid__product-link\">\n\t\t\t\t\t\n\t\t\t\t\t<div class=\"wc-block-grid__product-image\"><img decoding=\"async\" width=\"300\" height=\"300\" src=\"https:\/\/ziontech.com.br\/wp-content\/uploads\/2025\/12\/pincabiopsiareutilizaveleconomica-1-300x300.jpg\" class=\"attachment-woocommerce_thumbnail size-woocommerce_thumbnail\" alt=\"Pin\u00e7a de Bi\u00f3psia Oval sem Esp\u00edcula REUTILIZ\u00c1VEL 2.4mm 1700mm ALTON AF-2417BSE\" srcset=\"https:\/\/ziontech.com.br\/wp-content\/uploads\/2025\/12\/pincabiopsiareutilizaveleconomica-1-300x300.jpg 300w, https:\/\/ziontech.com.br\/wp-content\/uploads\/2025\/12\/pincabiopsiareutilizaveleconomica-1-1024x1024.jpg 1024w, https:\/\/ziontech.com.br\/wp-content\/uploads\/2025\/12\/pincabiopsiareutilizaveleconomica-1-150x150.jpg 150w, https:\/\/ziontech.com.br\/wp-content\/uploads\/2025\/12\/pincabiopsiareutilizaveleconomica-1-768x768.jpg 768w, https:\/\/ziontech.com.br\/wp-content\/uploads\/2025\/12\/pincabiopsiareutilizaveleconomica-1-12x12.jpg 12w, https:\/\/ziontech.com.br\/wp-content\/uploads\/2025\/12\/pincabiopsiareutilizaveleconomica-1-600x600.jpg 600w, https:\/\/ziontech.com.br\/wp-content\/uploads\/2025\/12\/pincabiopsiareutilizaveleconomica-1-100x100.jpg 100w, https:\/\/ziontech.com.br\/wp-content\/uploads\/2025\/12\/pincabiopsiareutilizaveleconomica-1.jpg 1080w\" sizes=\"(max-width: 300px) 100vw, 300px\" \/><\/div>\n\t\t\t\t\t<div class=\"wc-block-grid__product-title\">Pin\u00e7a de Bi\u00f3psia Oval sem Esp\u00edcula REUTILIZ\u00c1VEL 2.4mm 1700mm ALTON AF-2417BSE (Econ\u00f4mica)<\/div>\n\t\t\t\t<\/a>\n\t\t\t\t<div class=\"wc-block-grid__product-price price\"><span class=\"woocommerce-Price-amount amount\"><bdi><span class=\"woocommerce-Price-currencySymbol\">&#082;&#036;<\/span>&nbsp;770,40<\/bdi><\/span><\/div>\n\t\t\t\t\n\t\t\t\t<div class=\"wp-block-button wc-block-grid__product-add-to-cart\"><a href=\"\/es\/wp-json\/wp\/v2\/pages\/9646?add-to-cart=10296\" aria-label=\"A\u00f1adir al carrito: \u201cPin\u00e7a de Bi\u00f3psia Oval sem Esp\u00edcula REUTILIZ\u00c1VEL 2.4mm 1700mm ALTON AF-2417BSE (Econ\u00f4mica)\u201d\" data-quantity=\"1\" data-product_id=\"10296\" data-product_sku=\"\" data-price=\"770.4\" rel=\"nofollow\" class=\"wp-block-button__link  add_to_cart_button ajax_add_to_cart\" data-no-translation=\"\" data-trp-gettext=\"\" data-no-translation-aria-label=\"\">A\u00f1adir al carrito<\/a><\/div>\n\t\t\t<\/li><li class=\"wc-block-grid__product\">\n\t\t\t\t<a href=\"https:\/\/ziontech.com.br\/es\/producto\/lampada-xenon-cermax-pe-300bfa-300w-oly-pen-fuj4400\/\" class=\"wc-block-grid__product-link\">\n\t\t\t\t\t\n\t\t\t\t\t<div class=\"wc-block-grid__product-image\"><img decoding=\"async\" width=\"300\" height=\"300\" src=\"https:\/\/ziontech.com.br\/wp-content\/uploads\/2025\/11\/PE-300BFA-transparente-1-300x300.png\" class=\"attachment-woocommerce_thumbnail size-woocommerce_thumbnail\" alt=\"L\u00e2mpada Xenon Cermax PE-300BFA 300W (OLY\/PEN\/FUJ4400)\" srcset=\"https:\/\/ziontech.com.br\/wp-content\/uploads\/2025\/11\/PE-300BFA-transparente-1-300x300.png 300w, https:\/\/ziontech.com.br\/wp-content\/uploads\/2025\/11\/PE-300BFA-transparente-1-150x150.png 150w, https:\/\/ziontech.com.br\/wp-content\/uploads\/2025\/11\/PE-300BFA-transparente-1-768x768.png 768w, https:\/\/ziontech.com.br\/wp-content\/uploads\/2025\/11\/PE-300BFA-transparente-1-12x12.png 12w, https:\/\/ziontech.com.br\/wp-content\/uploads\/2025\/11\/PE-300BFA-transparente-1-600x600.png 600w, https:\/\/ziontech.com.br\/wp-content\/uploads\/2025\/11\/PE-300BFA-transparente-1-100x100.png 100w, https:\/\/ziontech.com.br\/wp-content\/uploads\/2025\/11\/elementor\/thumbs\/PE-300BFA-transparente-1-150x150.png 1024w, https:\/\/ziontech.com.br\/wp-content\/uploads\/2025\/11\/elementor\/thumbs\/PE-300BFA-transparente-1-150x150.png 1080w, https:\/\/ziontech.com.br\/wp-content\/uploads\/2025\/11\/PE-300BFA-transparente-1.png 800w\" sizes=\"(max-width: 300px) 100vw, 300px\" \/><\/div>\n\t\t\t\t\t<div class=\"wc-block-grid__product-title\">Cermax PE-300BFA L\u00e1mpara de xen\u00f3n de 300 W (OLY\/PEN\/FUJ4400)<\/div>\n\t\t\t\t<\/a>\n\t\t\t\t<div class=\"wc-block-grid__product-price price\"><span class=\"woocommerce-Price-amount amount\"><bdi><span class=\"woocommerce-Price-currencySymbol\">&#082;&#036;<\/span>&nbsp;2.514,50<\/bdi><\/span><\/div>\n\t\t\t\t\n\t\t\t\t<div class=\"wp-block-button wc-block-grid__product-add-to-cart\"><a href=\"\/es\/wp-json\/wp\/v2\/pages\/9646?add-to-cart=10137\" aria-label=\"A\u00f1adir al carrito: \u201cL\u00e2mpada Xenon Cermax PE-300BFA 300W (OLY\/PEN\/FUJ4400)\u201d\" data-quantity=\"1\" data-product_id=\"10137\" data-product_sku=\"\" data-price=\"2514.5\" rel=\"nofollow\" class=\"wp-block-button__link  add_to_cart_button ajax_add_to_cart\" data-no-translation=\"\" data-trp-gettext=\"\" data-no-translation-aria-label=\"\">A\u00f1adir al carrito<\/a><\/div>\n\t\t\t<\/li><li class=\"wc-block-grid__product\">\n\t\t\t\t<a href=\"https:\/\/ziontech.com.br\/es\/producto\/lampada-xenon-cermax-j2022-300w-maj-1817-clv-190\/\" class=\"wc-block-grid__product-link\">\n\t\t\t\t\t\n\t\t\t\t\t<div class=\"wc-block-grid__product-image\"><img loading=\"lazy\" decoding=\"async\" width=\"280\" height=\"280\" src=\"https:\/\/ziontech.com.br\/wp-content\/uploads\/2025\/11\/Lampada-Xenon-Cermax-J2022-2.webp\" class=\"attachment-woocommerce_thumbnail size-woocommerce_thumbnail\" alt=\"L\u00e2mpada Xenon Cermax J2022 300W (MAJ-1817 CLV-190)\" srcset=\"https:\/\/ziontech.com.br\/wp-content\/uploads\/2025\/11\/Lampada-Xenon-Cermax-J2022-2.webp 280w, https:\/\/ziontech.com.br\/wp-content\/uploads\/2025\/11\/Lampada-Xenon-Cermax-J2022-2-150x150.webp 150w, https:\/\/ziontech.com.br\/wp-content\/uploads\/2025\/11\/Lampada-Xenon-Cermax-J2022-2-12x12.webp 12w, https:\/\/ziontech.com.br\/wp-content\/uploads\/2025\/11\/Lampada-Xenon-Cermax-J2022-2-100x100.webp 100w\" sizes=\"(max-width: 280px) 100vw, 280px\" \/><\/div>\n\t\t\t\t\t<div class=\"wc-block-grid__product-title\">L\u00e2mpada Xenon Cermax J2022 300W (MAJ-1817 CLV-190)<\/div>\n\t\t\t\t<\/a>\n\t\t\t\t<div class=\"wc-block-grid__product-price price\"><span class=\"woocommerce-Price-amount amount\"><bdi><span class=\"woocommerce-Price-currencySymbol\">&#082;&#036;<\/span>&nbsp;3.370,50<\/bdi><\/span><\/div>\n\t\t\t\t\n\t\t\t\t<div class=\"wp-block-button wc-block-grid__product-add-to-cart\"><a href=\"\/es\/wp-json\/wp\/v2\/pages\/9646?add-to-cart=10136\" aria-label=\"A\u00f1adir al carrito: \u201cL\u00e2mpada Xenon Cermax J2022 300W (MAJ-1817 CLV-190)\u201d\" data-quantity=\"1\" data-product_id=\"10136\" data-product_sku=\"\" data-price=\"3370.5\" rel=\"nofollow\" class=\"wp-block-button__link  add_to_cart_button ajax_add_to_cart\" data-no-translation=\"\" data-trp-gettext=\"\" data-no-translation-aria-label=\"\">A\u00f1adir al carrito<\/a><\/div>\n\t\t\t<\/li><\/ul><\/div><\/div>\n<\/div>","protected":false},"excerpt":{"rendered":"","protected":false},"author":1,"featured_media":0,"parent":0,"menu_order":0,"comment_status":"closed","ping_status":"closed","template":"","meta":{"inline_featured_image":false,"footnotes":""},"class_list":["post-9646","page","type-page","status-publish","hentry"],"yoast_head":"<!-- This site is optimized with the Yoast SEO plugin v27.4 - https:\/\/yoast.com\/product\/yoast-seo-wordpress\/ -->\n<title>Carrinho - Ziontech<\/title>\n<meta name=\"robots\" content=\"index, follow, max-snippet:-1, max-image-preview:large, max-video-preview:-1\" \/>\n<link rel=\"canonical\" href=\"https:\/\/ziontech.com.br\/es\/carrinho\/\" \/>\n<meta property=\"og:locale\" content=\"es_ES\" \/>\n<meta property=\"og:type\" content=\"article\" \/>\n<meta property=\"og:title\" content=\"Carrinho - Ziontech\" \/>\n<meta property=\"og:url\" content=\"https:\/\/ziontech.com.br\/es\/carrinho\/\" \/>\n<meta property=\"og:site_name\" content=\"Ziontech\" \/>\n<meta property=\"article:publisher\" content=\"https:\/\/www.facebook.com\/Ziontechbrasil\/\" \/>\n<meta property=\"article:modified_time\" content=\"2025-10-20T12:40:14+00:00\" \/>\n<meta name=\"twitter:card\" content=\"summary_large_image\" \/>\n<script type=\"application\/ld+json\" class=\"yoast-schema-graph\">{\"@context\":\"https:\\\/\\\/schema.org\",\"@graph\":[{\"@type\":\"WebPage\",\"@id\":\"https:\\\/\\\/ziontech.com.br\\\/carrinho\\\/\",\"url\":\"https:\\\/\\\/ziontech.com.br\\\/carrinho\\\/\",\"name\":\"Carrinho - Ziontech\",\"isPartOf\":{\"@id\":\"https:\\\/\\\/ziontech.com.br\\\/#website\"},\"datePublished\":\"2025-09-28T15:35:19+00:00\",\"dateModified\":\"2025-10-20T12:40:14+00:00\",\"breadcrumb\":{\"@id\":\"https:\\\/\\\/ziontech.com.br\\\/carrinho\\\/#breadcrumb\"},\"inLanguage\":\"es\",\"potentialAction\":[{\"@type\":\"ReadAction\",\"target\":[\"https:\\\/\\\/ziontech.com.br\\\/carrinho\\\/\"]}]},{\"@type\":\"BreadcrumbList\",\"@id\":\"https:\\\/\\\/ziontech.com.br\\\/carrinho\\\/#breadcrumb\",\"itemListElement\":[{\"@type\":\"ListItem\",\"position\":1,\"name\":\"In\u00edcio\",\"item\":\"https:\\\/\\\/ziontech.com.br\\\/\"},{\"@type\":\"ListItem\",\"position\":2,\"name\":\"Carrinho\"}]},{\"@type\":\"WebSite\",\"@id\":\"https:\\\/\\\/ziontech.com.br\\\/#website\",\"url\":\"https:\\\/\\\/ziontech.com.br\\\/\",\"name\":\"Ziontech\",\"description\":\"Inova\u00e7\u00e3o em Endoscopia\",\"publisher\":{\"@id\":\"https:\\\/\\\/ziontech.com.br\\\/#organization\"},\"potentialAction\":[{\"@type\":\"SearchAction\",\"target\":{\"@type\":\"EntryPoint\",\"urlTemplate\":\"https:\\\/\\\/ziontech.com.br\\\/?s={search_term_string}\"},\"query-input\":{\"@type\":\"PropertyValueSpecification\",\"valueRequired\":true,\"valueName\":\"search_term_string\"}}],\"inLanguage\":\"es\"},{\"@type\":\"Organization\",\"@id\":\"https:\\\/\\\/ziontech.com.br\\\/#organization\",\"name\":\"Ziontech\",\"url\":\"https:\\\/\\\/ziontech.com.br\\\/\",\"logo\":{\"@type\":\"ImageObject\",\"inLanguage\":\"es\",\"@id\":\"https:\\\/\\\/ziontech.com.br\\\/#\\\/schema\\\/logo\\\/image\\\/\",\"url\":\"https:\\\/\\\/ziontech.com.br\\\/wp-content\\\/uploads\\\/2023\\\/11\\\/LOGO-ZIONTECH-HORIZ-SECUNDARIO.png\",\"contentUrl\":\"https:\\\/\\\/ziontech.com.br\\\/wp-content\\\/uploads\\\/2023\\\/11\\\/LOGO-ZIONTECH-HORIZ-SECUNDARIO.png\",\"width\":3156,\"height\":699,\"caption\":\"Ziontech\"},\"image\":{\"@id\":\"https:\\\/\\\/ziontech.com.br\\\/#\\\/schema\\\/logo\\\/image\\\/\"},\"sameAs\":[\"https:\\\/\\\/www.facebook.com\\\/Ziontechbrasil\\\/\",\"https:\\\/\\\/www.linkedin.com\\\/company\\\/ziontechbr\",\"https:\\\/\\\/www.instagram.com\\\/ziontechbrasil\\\/\"]}]}<\/script>\n<!-- \/ Yoast SEO plugin. -->","yoast_head_json":{"title":"Carrinho - Ziontech","robots":{"index":"index","follow":"follow","max-snippet":"max-snippet:-1","max-image-preview":"max-image-preview:large","max-video-preview":"max-video-preview:-1"},"canonical":"https:\/\/ziontech.com.br\/es\/carrinho\/","og_locale":"es_ES","og_type":"article","og_title":"Carrinho - Ziontech","og_url":"https:\/\/ziontech.com.br\/es\/carrinho\/","og_site_name":"Ziontech","article_publisher":"https:\/\/www.facebook.com\/Ziontechbrasil\/","article_modified_time":"2025-10-20T12:40:14+00:00","twitter_card":"summary_large_image","schema":{"@context":"https:\/\/schema.org","@graph":[{"@type":"WebPage","@id":"https:\/\/ziontech.com.br\/carrinho\/","url":"https:\/\/ziontech.com.br\/carrinho\/","name":"Carrinho - Ziontech","isPartOf":{"@id":"https:\/\/ziontech.com.br\/#website"},"datePublished":"2025-09-28T15:35:19+00:00","dateModified":"2025-10-20T12:40:14+00:00","breadcrumb":{"@id":"https:\/\/ziontech.com.br\/carrinho\/#breadcrumb"},"inLanguage":"es","potentialAction":[{"@type":"ReadAction","target":["https:\/\/ziontech.com.br\/carrinho\/"]}]},{"@type":"BreadcrumbList","@id":"https:\/\/ziontech.com.br\/carrinho\/#breadcrumb","itemListElement":[{"@type":"ListItem","position":1,"name":"In\u00edcio","item":"https:\/\/ziontech.com.br\/"},{"@type":"ListItem","position":2,"name":"Carrinho"}]},{"@type":"WebSite","@id":"https:\/\/ziontech.com.br\/#website","url":"https:\/\/ziontech.com.br\/","name":"Ziontech","description":"Innovaci\u00f3n en Endoscopia","publisher":{"@id":"https:\/\/ziontech.com.br\/#organization"},"potentialAction":[{"@type":"SearchAction","target":{"@type":"EntryPoint","urlTemplate":"https:\/\/ziontech.com.br\/?s={search_term_string}"},"query-input":{"@type":"PropertyValueSpecification","valueRequired":true,"valueName":"search_term_string"}}],"inLanguage":"es"},{"@type":"Organization","@id":"https:\/\/ziontech.com.br\/#organization","name":"Ziontech","url":"https:\/\/ziontech.com.br\/","logo":{"@type":"ImageObject","inLanguage":"es","@id":"https:\/\/ziontech.com.br\/#\/schema\/logo\/image\/","url":"https:\/\/ziontech.com.br\/wp-content\/uploads\/2023\/11\/LOGO-ZIONTECH-HORIZ-SECUNDARIO.png","contentUrl":"https:\/\/ziontech.com.br\/wp-content\/uploads\/2023\/11\/LOGO-ZIONTECH-HORIZ-SECUNDARIO.png","width":3156,"height":699,"caption":"Ziontech"},"image":{"@id":"https:\/\/ziontech.com.br\/#\/schema\/logo\/image\/"},"sameAs":["https:\/\/www.facebook.com\/Ziontechbrasil\/","https:\/\/www.linkedin.com\/company\/ziontechbr","https:\/\/www.instagram.com\/ziontechbrasil\/"]}]}},"_links":{"self":[{"href":"https:\/\/ziontech.com.br\/es\/wp-json\/wp\/v2\/pages\/9646","targetHints":{"allow":["GET"]}}],"collection":[{"href":"https:\/\/ziontech.com.br\/es\/wp-json\/wp\/v2\/pages"}],"about":[{"href":"https:\/\/ziontech.com.br\/es\/wp-json\/wp\/v2\/types\/page"}],"author":[{"embeddable":true,"href":"https:\/\/ziontech.com.br\/es\/wp-json\/wp\/v2\/users\/1"}],"replies":[{"embeddable":true,"href":"https:\/\/ziontech.com.br\/es\/wp-json\/wp\/v2\/comments?post=9646"}],"version-history":[{"count":1,"href":"https:\/\/ziontech.com.br\/es\/wp-json\/wp\/v2\/pages\/9646\/revisions"}],"predecessor-version":[{"id":10063,"href":"https:\/\/ziontech.com.br\/es\/wp-json\/wp\/v2\/pages\/9646\/revisions\/10063"}],"wp:attachment":[{"href":"https:\/\/ziontech.com.br\/es\/wp-json\/wp\/v2\/media?parent=9646"}],"curies":[{"name":"wp","href":"https:\/\/api.w.org\/{rel}","templated":true}]}}